{"id":24535,"date":"2025-05-03T16:57:40","date_gmt":"2025-05-03T14:57:40","guid":{"rendered":"https:\/\/mystikus.dsignpoint.com\/blog\/"},"modified":"2025-09-16T13:00:32","modified_gmt":"2025-09-16T11:00:32","slug":"blog","status":"publish","type":"page","link":"https:\/\/mystikus.dsignpoint.com\/en\/blog\/","title":{"rendered":"Blog"},"content":{"rendered":"\t\t<div data-elementor-type=\"wp-page\" data-elementor-id=\"24535\" class=\"elementor elementor-24535 elementor-449\" data-elementor-post-type=\"page\">\n\t\t\t\t<div data-particle_enable=\"false\" data-particle-mobile-disabled=\"false\" class=\"elementor-element elementor-element-c6e91da e-flex e-con-boxed e-con e-parent\" data-id=\"c6e91da\" data-element_type=\"container\" data-settings=\"{&quot;background_background&quot;:&quot;classic&quot;,&quot;shape_divider_bottom&quot;:&quot;pyramids&quot;,&quot;shape_divider_bottom_negative&quot;:&quot;yes&quot;}\">\n\t\t\t\t\t<div class=\"e-con-inner\">\n\t\t\t\t<div class=\"elementor-shape elementor-shape-bottom\" aria-hidden=\"true\" data-negative=\"true\">\n\t\t\t<svg xmlns=\"http:\/\/www.w3.org\/2000\/svg\" viewBox=\"0 0 1000 100\" preserveAspectRatio=\"none\">\n\t<path class=\"elementor-shape-fill\" d=\"M761.9,40.6L643.1,24L333.9,93.8L0.1,1H0v99h1000V1\"\/>\n<\/svg>\t\t<\/div>\n\t\t\t\t<div class=\"elementor-element elementor-element-837da41 elementor-widget elementor-widget-heading\" data-id=\"837da41\" data-element_type=\"widget\" data-widget_type=\"heading.default\">\n\t\t\t\t<div class=\"elementor-widget-container\">\n\t\t\t\t\t<h2 class=\"elementor-heading-title elementor-size-default\">BLOG<\/h2>\t\t\t\t<\/div>\n\t\t\t\t<\/div>\n\t\t\t\t\t<\/div>\n\t\t\t\t<\/div>\n\t\t<div data-particle_enable=\"false\" data-particle-mobile-disabled=\"false\" class=\"elementor-element elementor-element-d45f304 e-flex e-con-boxed e-con e-parent\" data-id=\"d45f304\" data-element_type=\"container\">\n\t\t\t\t\t<div class=\"e-con-inner\">\n\t\t\t\t<div class=\"elementor-element elementor-element-5b139b9 elementor-grid-eael-col-3 elementor-grid-tablet-eael-col-2 elementor-grid-mobile-eael-col-1 elementor-widget elementor-widget-eael-post-grid\" data-id=\"5b139b9\" data-element_type=\"widget\" data-settings=\"{&quot;eael_post_grid_columns&quot;:&quot;eael-col-3&quot;,&quot;eael_post_grid_columns_tablet&quot;:&quot;eael-col-2&quot;,&quot;eael_post_grid_columns_mobile&quot;:&quot;eael-col-1&quot;}\" data-widget_type=\"eael-post-grid.default\">\n\t\t\t\t<div class=\"elementor-widget-container\">\n\t\t\t\t\t<div id=\"eael-post-grid-5b139b9\" class=\"eael-post-grid-container\">\n            <div class=\"eael-post-grid eael-post-appender eael-post-appender-5b139b9 eael-post-grid-style-one\" data-layout-mode=\"grid\"><article class=\"eael-grid-post eael-post-grid-column\" data-id=\"24516\">\n        <div class=\"eael-grid-post-holder\">\n            <div class=\"eael-grid-post-holder-inner\"><div class=\"eael-entry-wrapper\"><header class=\"eael-entry-header\"><h2 class=\"eael-entry-title\"><a class=\"eael-grid-post-link\" href=\"https:\/\/mystikus.dsignpoint.com\/en\/what-is-the-esoteric-world\/\" title=\"What is the Esoteric World?\">What is the Esoteric World?<\/a><\/h2><\/header><\/div><\/div>\n        <\/div>\n    <\/article><article class=\"eael-grid-post eael-post-grid-column\" data-id=\"24426\">\n        <div class=\"eael-grid-post-holder\">\n            <div class=\"eael-grid-post-holder-inner\"><div class=\"eael-entry-wrapper\"><header class=\"eael-entry-header\"><h2 class=\"eael-entry-title\"><a class=\"eael-grid-post-link\" href=\"https:\/\/mystikus.dsignpoint.com\/en\/all-saints-day-ritual\/\" title=\"All Saints&#8217; Day Ritual\">All Saints&#8217; Day Ritual<\/a><\/h2><\/header><\/div><\/div>\n        <\/div>\n    <\/article><article class=\"eael-grid-post eael-post-grid-column\" data-id=\"24478\">\n        <div class=\"eael-grid-post-holder\">\n            <div class=\"eael-grid-post-holder-inner\"><div class=\"eael-entry-wrapper\"><header class=\"eael-entry-header\"><h2 class=\"eael-entry-title\"><a class=\"eael-grid-post-link\" href=\"https:\/\/mystikus.dsignpoint.com\/en\/the-hand-of-fatima-history-meaning-and-symbolism\/\" title=\"The Hand of Fatima: History, Meaning, and Symbolism\">The Hand of Fatima: History, Meaning, and Symbolism<\/a><\/h2><\/header><\/div><\/div>\n        <\/div>\n    <\/article><article class=\"eael-grid-post eael-post-grid-column\" data-id=\"24491\">\n        <div class=\"eael-grid-post-holder\">\n            <div class=\"eael-grid-post-holder-inner\"><div class=\"eael-entry-media\"><div class=\"eael-entry-overlay fade-in\"><i class=\"fas fa-long-arrow-alt-right\" aria-hidden=\"true\"><\/i><a href=\"https:\/\/mystikus.dsignpoint.com\/en\/pure-as-sea-the-water-that-purifies-your-energies\/\"><\/a><\/div><div class=\"eael-entry-thumbnail eael-image-ratio\">\n                <img fetchpriority=\"high\" decoding=\"async\" width=\"2560\" height=\"1676\" src=\"https:\/\/mystikus.dsignpoint.com\/wp-content\/uploads\/2023\/07\/IMG_7376-2-scaled-1.jpg\" class=\"attachment-full size-full wp-image-24493\" alt=\"\" srcset=\"https:\/\/mystikus.dsignpoint.com\/wp-content\/uploads\/2023\/07\/IMG_7376-2-scaled-1.jpg 2560w, https:\/\/mystikus.dsignpoint.com\/wp-content\/uploads\/2023\/07\/IMG_7376-2-scaled-1-300x196.jpg 300w, https:\/\/mystikus.dsignpoint.com\/wp-content\/uploads\/2023\/07\/IMG_7376-2-scaled-1-1024x670.jpg 1024w, https:\/\/mystikus.dsignpoint.com\/wp-content\/uploads\/2023\/07\/IMG_7376-2-scaled-1-768x503.jpg 768w, https:\/\/mystikus.dsignpoint.com\/wp-content\/uploads\/2023\/07\/IMG_7376-2-scaled-1-1536x1006.jpg 1536w, https:\/\/mystikus.dsignpoint.com\/wp-content\/uploads\/2023\/07\/IMG_7376-2-scaled-1-2048x1341.jpg 2048w, https:\/\/mystikus.dsignpoint.com\/wp-content\/uploads\/2023\/07\/IMG_7376-2-scaled-1-600x393.jpg 600w\" sizes=\"(max-width: 2560px) 100vw, 2560px\" \/>\n            <\/div>\n        <\/div><div class=\"eael-entry-wrapper\"><header class=\"eael-entry-header\"><h2 class=\"eael-entry-title\"><a class=\"eael-grid-post-link\" href=\"https:\/\/mystikus.dsignpoint.com\/en\/pure-as-sea-the-water-that-purifies-your-energies\/\" title=\"Pure as Sea &#8211; the Water that Purifies your Energies\">Pure as Sea &#8211; the Water that Purifies your Energies<\/a><\/h2><\/header><\/div><\/div>\n        <\/div>\n    <\/article><article class=\"eael-grid-post eael-post-grid-column\" data-id=\"24510\">\n        <div class=\"eael-grid-post-holder\">\n            <div class=\"eael-grid-post-holder-inner\"><div class=\"eael-entry-media\"><div class=\"eael-entry-overlay fade-in\"><i class=\"fas fa-long-arrow-alt-right\" aria-hidden=\"true\"><\/i><a href=\"https:\/\/mystikus.dsignpoint.com\/en\/envy-a-shadow-that-haunts-us\/\"><\/a><\/div><div class=\"eael-entry-thumbnail eael-image-ratio\">\n                <img decoding=\"async\" width=\"1640\" height=\"924\" src=\"https:\/\/mystikus.dsignpoint.com\/wp-content\/uploads\/2023\/06\/3.jpg\" class=\"attachment-full size-full wp-image-24511\" alt=\"\" srcset=\"https:\/\/mystikus.dsignpoint.com\/wp-content\/uploads\/2023\/06\/3.jpg 1640w, https:\/\/mystikus.dsignpoint.com\/wp-content\/uploads\/2023\/06\/3-300x169.jpg 300w, https:\/\/mystikus.dsignpoint.com\/wp-content\/uploads\/2023\/06\/3-1024x577.jpg 1024w, https:\/\/mystikus.dsignpoint.com\/wp-content\/uploads\/2023\/06\/3-768x433.jpg 768w, https:\/\/mystikus.dsignpoint.com\/wp-content\/uploads\/2023\/06\/3-1536x865.jpg 1536w, https:\/\/mystikus.dsignpoint.com\/wp-content\/uploads\/2023\/06\/3-600x338.jpg 600w\" sizes=\"(max-width: 1640px) 100vw, 1640px\" \/>\n            <\/div>\n        <\/div><div class=\"eael-entry-wrapper\"><header class=\"eael-entry-header\"><h2 class=\"eael-entry-title\"><a class=\"eael-grid-post-link\" href=\"https:\/\/mystikus.dsignpoint.com\/en\/envy-a-shadow-that-haunts-us\/\" title=\"Envy: a Shadow that Haunts Us\">Envy: a Shadow that Haunts Us<\/a><\/h2><\/header><\/div><\/div>\n        <\/div>\n    <\/article><article class=\"eael-grid-post eael-post-grid-column\" data-id=\"24496\">\n        <div class=\"eael-grid-post-holder\">\n            <div class=\"eael-grid-post-holder-inner\"><div class=\"eael-entry-media\"><div class=\"eael-entry-overlay fade-in\"><i class=\"fas fa-long-arrow-alt-right\" aria-hidden=\"true\"><\/i><a href=\"https:\/\/mystikus.dsignpoint.com\/en\/homemade-potions-natural-remedies-within-everyones-reach\/\"><\/a><\/div><div class=\"eael-entry-thumbnail eael-image-ratio\">\n                <img decoding=\"async\" width=\"640\" height=\"465\" src=\"https:\/\/mystikus.dsignpoint.com\/wp-content\/uploads\/2023\/06\/chelsea-shapouri-PwzCZVEw8vY-unsplash.jpg\" class=\"attachment-full size-full wp-image-24497\" alt=\"\" srcset=\"https:\/\/mystikus.dsignpoint.com\/wp-content\/uploads\/2023\/06\/chelsea-shapouri-PwzCZVEw8vY-unsplash.jpg 640w, https:\/\/mystikus.dsignpoint.com\/wp-content\/uploads\/2023\/06\/chelsea-shapouri-PwzCZVEw8vY-unsplash-300x218.jpg 300w, https:\/\/mystikus.dsignpoint.com\/wp-content\/uploads\/2023\/06\/chelsea-shapouri-PwzCZVEw8vY-unsplash-600x436.jpg 600w\" sizes=\"(max-width: 640px) 100vw, 640px\" \/>\n            <\/div>\n        <\/div><div class=\"eael-entry-wrapper\"><header class=\"eael-entry-header\"><h2 class=\"eael-entry-title\"><a class=\"eael-grid-post-link\" href=\"https:\/\/mystikus.dsignpoint.com\/en\/homemade-potions-natural-remedies-within-everyones-reach\/\" title=\"Homemade Potions: Natural Remedies within Everyone&#8217;s Reach\">Homemade Potions: Natural Remedies within Everyone&#8217;s Reach<\/a><\/h2><\/header><\/div><\/div>\n        <\/div>\n    <\/article><\/div>\n            <div class=\"clearfix\"><\/div>\n        <\/div>            <div class=\"eael-load-more-button-wrap eael-force-hide\">\n                <button class=\"eael-load-more-button\" id=\"eael-load-more-btn-5b139b9\" data-widget-id=\"5b139b9\" data-widget=\"5b139b9\" data-page-id=\"24535\" data-template=\"{&quot;dir&quot;:&quot;lite&quot;,&quot;file_name&quot;:&quot;one.php&quot;,&quot;name&quot;:&quot;Post-Grid&quot;}\" data-class=\"Essential_Addons_Elementor\\Elements\\Post_Grid\" data-layout=\"grid\" data-page=\"1\" data-args=\"orderby=date&amp;order=desc&amp;ignore_sticky_posts=0&amp;post_status=publish&amp;posts_per_page=&amp;offset=0&amp;post_type=post\" data-max-page=\"6\">\n                    <span class=\"eael-btn-loader button__loader\"><\/span>\n                    <span class=\"eael_load_more_text\">Load more<\/span>\n                <\/button>\n            <\/div>\n            \t\t\t\t<\/div>\n\t\t\t\t<\/div>\n\t\t\t\t\t<\/div>\n\t\t\t\t<\/div>\n\t\t\t\t<\/div>\n\t\t","protected":false},"excerpt":{"rendered":"<p>BLOG \u00bfQu\u00e9 es el mundo esot\u00e9rico? Ritual Dia de Todos os Santos La Mano de F\u00e1tima: Historia, Significado y Simbolismo Pure as Sea &#8211; El agua que purifica tus energias Encuentra lo que perdiste La envidia: una sombra que nos persigue P\u00f3cimas Caseras: Remedios Naturales al Alcance de Todos Load more<\/p>\n","protected":false},"author":1,"featured_media":0,"parent":0,"menu_order":0,"comment_status":"closed","ping_status":"closed","template":"","meta":{"footnotes":""},"class_list":["post-24535","page","type-page","status-publish","hentry"],"_links":{"self":[{"href":"https:\/\/mystikus.dsignpoint.com\/en\/wp-json\/wp\/v2\/pages\/24535","targetHints":{"allow":["GET"]}}],"collection":[{"href":"https:\/\/mystikus.dsignpoint.com\/en\/wp-json\/wp\/v2\/pages"}],"about":[{"href":"https:\/\/mystikus.dsignpoint.com\/en\/wp-json\/wp\/v2\/types\/page"}],"author":[{"embeddable":true,"href":"https:\/\/mystikus.dsignpoint.com\/en\/wp-json\/wp\/v2\/users\/1"}],"replies":[{"embeddable":true,"href":"https:\/\/mystikus.dsignpoint.com\/en\/wp-json\/wp\/v2\/comments?post=24535"}],"version-history":[{"count":1,"href":"https:\/\/mystikus.dsignpoint.com\/en\/wp-json\/wp\/v2\/pages\/24535\/revisions"}],"predecessor-version":[{"id":24540,"href":"https:\/\/mystikus.dsignpoint.com\/en\/wp-json\/wp\/v2\/pages\/24535\/revisions\/24540"}],"wp:attachment":[{"href":"https:\/\/mystikus.dsignpoint.com\/en\/wp-json\/wp\/v2\/media?parent=24535"}],"curies":[{"name":"wp","href":"https:\/\/api.w.org\/{rel}","templated":true}]}}