{"id":26089,"date":"2025-05-14T17:49:46","date_gmt":"2025-05-14T15:49:46","guid":{"rendered":"https:\/\/mystikus.dsignpoint.com\/producto\/male-garlic-salt\/"},"modified":"2025-05-14T17:49:46","modified_gmt":"2025-05-14T15:49:46","slug":"male-garlic-salt","status":"publish","type":"product","link":"https:\/\/mystikus.dsignpoint.com\/en\/producto\/male-garlic-salt\/","title":{"rendered":"Male Garlic Salt"},"content":{"rendered":"<p><strong>Male Garlic Salt<\/strong><\/p>\n<p><strong>Eliminate Negative Forces<\/strong><\/p>\n<p><strong data-start=\"97\" data-end=\"127\">What is spiritual salt?<\/strong> \ud83e\uddc2\u2728<\/p>\n<p data-start=\"133\" data-end=\"404\">La <strong data-start=\"136\" data-end=\"154\">sal espiritual<\/strong> es un elemento ampliamente utilizado en rituales esot\u00e9ricos y pr\u00e1cticas de limpieza energ\u00e9tica. A diferencia de la sal com\u00fan, suele estar consagrada o mezclada con hierbas, esencias o minerales con propiedades simb\u00f3licas y vibracionales espec\u00edficas. <\/p>\n<h3 data-start=\"406\" data-end=\"430\">\ud83c\udf3f What is it Used for?<\/h3>\n<p data-start=\"432\" data-end=\"481\">Spiritual salt is mainly used for:<\/p>\n<ul data-start=\"483\" data-end=\"736\">\n<li data-start=\"483\" data-end=\"551\">\n<p data-start=\"485\" data-end=\"551\"><strong data-start=\"485\" data-end=\"515\">Limpiar energ\u00edas negativas<\/strong> de personas, objetos o ambientes.<\/p>\n<\/li>\n<li data-start=\"552\" data-end=\"613\">\n<p data-start=\"554\" data-end=\"613\"><strong data-start=\"554\" data-end=\"566\">Proteger<\/strong> contra influencias espirituales no deseadas.<\/p>\n<\/li>\n<li data-start=\"614\" data-end=\"684\">\n<p data-start=\"616\" data-end=\"684\"><strong data-start=\"616\" data-end=\"629\">Purificar<\/strong> espacios antes de rituales, meditaciones o lecturas.<\/p>\n<\/li>\n<li data-start=\"685\" data-end=\"736\">\n<p data-start=\"687\" data-end=\"736\"><strong data-start=\"687\" data-end=\"721\">Elevar la vibraci\u00f3n energ\u00e9tica<\/strong> del entorno.<\/p>\n<\/li>\n<\/ul>\n<h3 data-start=\"738\" data-end=\"758\">\ud83d\udd2e Ways to Use It<\/h3>\n<ul data-start=\"760\" data-end=\"1090\">\n<li data-start=\"760\" data-end=\"854\">\n<p data-start=\"762\" data-end=\"854\"><strong data-start=\"762\" data-end=\"784\">Ba\u00f1os energ\u00e9ticos:<\/strong> Mezclada con agua y otros ingredientes (como romero, ruda o lavanda).<\/p>\n<\/li>\n<li data-start=\"855\" data-end=\"935\">\n<p data-start=\"857\" data-end=\"935\"><strong data-start=\"857\" data-end=\"887\">Sahumerios y defumaciones:<\/strong> Junto con hierbas, en rituales de purificaci\u00f3n.<\/p>\n<\/li>\n<li data-start=\"936\" data-end=\"1014\">\n<p data-start=\"938\" data-end=\"1014\"><strong data-start=\"938\" data-end=\"977\">Espolvoreada en puertas y rincones:<\/strong> Para proteger el hogar o el negocio.<\/p>\n<\/li>\n<li data-start=\"1015\" data-end=\"1090\">\n<p data-start=\"1017\" data-end=\"1090\"><strong data-start=\"1017\" data-end=\"1044\">C\u00edrculos de protecci\u00f3n:<\/strong> Durante pr\u00e1cticas espirituales o meditativas.<\/p>\n<\/li>\n<\/ul>\n<h3 data-start=\"1092\" data-end=\"1122\">\ud83e\uddd8\u200d\u2640\ufe0f a Spiritual Ally<\/h3>\n<p data-start=\"1124\" data-end=\"1303\">Salt has been a symbol of purity and protection since ancient times. Using spiritual salt is a powerful and simple way to maintain energetic balance in your daily life. <\/p>\n","protected":false},"excerpt":{"rendered":"<p><strong>Male Garlic Salt<\/strong><\/p>\n<p><strong>Eliminate Negative Forces<\/strong><\/p>\n","protected":false},"featured_media":848,"comment_status":"open","ping_status":"closed","template":"","meta":[],"product_brand":[],"product_cat":[103,251,104,252],"product_tag":[],"class_list":{"0":"post-26089","1":"product","2":"type-product","3":"status-publish","4":"has-post-thumbnail","6":"product_cat-esoteric","7":"product_cat-esoteric-salt","8":"product_cat-mystikus-collection","9":"product_cat-salts","11":"first","12":"instock","13":"shipping-taxable","14":"purchasable","15":"product-type-simple"},"_links":{"self":[{"href":"https:\/\/mystikus.dsignpoint.com\/en\/wp-json\/wp\/v2\/product\/26089","targetHints":{"allow":["GET"]}}],"collection":[{"href":"https:\/\/mystikus.dsignpoint.com\/en\/wp-json\/wp\/v2\/product"}],"about":[{"href":"https:\/\/mystikus.dsignpoint.com\/en\/wp-json\/wp\/v2\/types\/product"}],"replies":[{"embeddable":true,"href":"https:\/\/mystikus.dsignpoint.com\/en\/wp-json\/wp\/v2\/comments?post=26089"}],"wp:featuredmedia":[{"embeddable":true,"href":"https:\/\/mystikus.dsignpoint.com\/en\/wp-json\/wp\/v2\/media\/848"}],"wp:attachment":[{"href":"https:\/\/mystikus.dsignpoint.com\/en\/wp-json\/wp\/v2\/media?parent=26089"}],"wp:term":[{"taxonomy":"product_brand","embeddable":true,"href":"https:\/\/mystikus.dsignpoint.com\/en\/wp-json\/wp\/v2\/product_brand?post=26089"},{"taxonomy":"product_cat","embeddable":true,"href":"https:\/\/mystikus.dsignpoint.com\/en\/wp-json\/wp\/v2\/product_cat?post=26089"},{"taxonomy":"product_tag","embeddable":true,"href":"https:\/\/mystikus.dsignpoint.com\/en\/wp-json\/wp\/v2\/product_tag?post=26089"}],"curies":[{"name":"wp","href":"https:\/\/api.w.org\/{rel}","templated":true}]}}