{"id":24544,"date":"2025-05-05T20:30:09","date_gmt":"2025-05-05T18:30:09","guid":{"rendered":"https:\/\/mystikus.dsignpoint.com\/mes-pepites\/"},"modified":"2025-09-16T13:00:33","modified_gmt":"2025-09-16T11:00:33","slug":"mes-pepites","status":"publish","type":"page","link":"https:\/\/mystikus.dsignpoint.com\/fr\/mes-pepites\/","title":{"rendered":"Mes p\u00e9pites"},"content":{"rendered":"\t\t<div data-elementor-type=\"wp-page\" data-elementor-id=\"24544\" class=\"elementor elementor-24544 elementor-479\" data-elementor-post-type=\"page\">\n\t\t\t\t<div data-particle_enable=\"false\" data-particle-mobile-disabled=\"false\" class=\"elementor-element elementor-element-d834d25 e-flex e-con-boxed e-con e-parent\" data-id=\"d834d25\" data-element_type=\"container\" data-settings=\"{&quot;background_background&quot;:&quot;classic&quot;,&quot;shape_divider_bottom&quot;:&quot;pyramids&quot;,&quot;shape_divider_bottom_negative&quot;:&quot;yes&quot;}\">\n\t\t\t\t\t<div class=\"e-con-inner\">\n\t\t\t\t<div class=\"elementor-shape elementor-shape-bottom\" aria-hidden=\"true\" data-negative=\"true\">\n\t\t\t<svg xmlns=\"http:\/\/www.w3.org\/2000\/svg\" viewBox=\"0 0 1000 100\" preserveAspectRatio=\"none\">\n\t<path class=\"elementor-shape-fill\" d=\"M761.9,40.6L643.1,24L333.9,93.8L0.1,1H0v99h1000V1\"\/>\n<\/svg>\t\t<\/div>\n\t\t\t\t<div class=\"elementor-element elementor-element-085a958 elementor-widget elementor-widget-heading\" data-id=\"085a958\" data-element_type=\"widget\" data-widget_type=\"heading.default\">\n\t\t\t\t<div class=\"elementor-widget-container\">\n\t\t\t\t\t<h2 class=\"elementor-heading-title elementor-size-default\">MES P\u00c9PITES<\/h2>\t\t\t\t<\/div>\n\t\t\t\t<\/div>\n\t\t\t\t\t<\/div>\n\t\t\t\t<\/div>\n\t\t<div data-particle_enable=\"false\" data-particle-mobile-disabled=\"false\" class=\"elementor-element elementor-element-895be98 e-flex e-con-boxed e-con e-parent\" data-id=\"895be98\" data-element_type=\"container\">\n\t\t\t\t\t<div class=\"e-con-inner\">\n\t\t\t\t<div class=\"elementor-element elementor-element-c0bf786 elementor-widget elementor-widget-shortcode\" data-id=\"c0bf786\" data-element_type=\"widget\" data-widget_type=\"shortcode.default\">\n\t\t\t\t<div class=\"elementor-widget-container\">\n\t\t\t\t\t\t\t<div class=\"elementor-shortcode\"><\/div>\n\t\t\t\t\t\t<\/div>\n\t\t\t\t<\/div>\n\t\t\t\t\t<\/div>\n\t\t\t\t<\/div>\n\t\t<div data-particle_enable=\"false\" data-particle-mobile-disabled=\"false\" class=\"elementor-element elementor-element-fb34ae3 e-flex e-con-boxed e-con e-parent\" data-id=\"fb34ae3\" data-element_type=\"container\">\n\t\t\t\t\t<div class=\"e-con-inner\">\n\t\t\t\t<div class=\"elementor-element elementor-element-44e465c elementor-widget elementor-widget-spacer\" data-id=\"44e465c\" data-element_type=\"widget\" data-widget_type=\"spacer.default\">\n\t\t\t\t<div class=\"elementor-widget-container\">\n\t\t\t\t\t\t\t<div class=\"elementor-spacer\">\n\t\t\t<div class=\"elementor-spacer-inner\"><\/div>\n\t\t<\/div>\n\t\t\t\t\t\t<\/div>\n\t\t\t\t<\/div>\n\t\t\t\t<div class=\"elementor-element elementor-element-7f8de04 elementor-widget elementor-widget-heading\" data-id=\"7f8de04\" data-element_type=\"widget\" data-widget_type=\"heading.default\">\n\t\t\t\t<div class=\"elementor-widget-container\">\n\t\t\t\t\t<h2 class=\"elementor-heading-title elementor-size-default\">Comment \u00e7a marche&nbsp;?<\/h2>\t\t\t\t<\/div>\n\t\t\t\t<\/div>\n\t\t\t\t<div class=\"elementor-element elementor-element-15ce3a2 elementor-widget elementor-widget-spacer\" data-id=\"15ce3a2\" data-element_type=\"widget\" data-widget_type=\"spacer.default\">\n\t\t\t\t<div class=\"elementor-widget-container\">\n\t\t\t\t\t\t\t<div class=\"elementor-spacer\">\n\t\t\t<div class=\"elementor-spacer-inner\"><\/div>\n\t\t<\/div>\n\t\t\t\t\t\t<\/div>\n\t\t\t\t<\/div>\n\t\t<div data-particle_enable=\"false\" data-particle-mobile-disabled=\"false\" class=\"elementor-element elementor-element-7f8b101 e-con-full e-flex e-con e-child\" data-id=\"7f8b101\" data-element_type=\"container\">\n\t\t<div data-particle_enable=\"false\" data-particle-mobile-disabled=\"false\" class=\"elementor-element elementor-element-5cd1fa9 e-con-full e-flex e-con e-child\" data-id=\"5cd1fa9\" data-element_type=\"container\">\n\t\t\t\t<div class=\"elementor-element elementor-element-9197ce6 elementor-widget elementor-widget-text-editor\" data-id=\"9197ce6\" data-element_type=\"widget\" data-widget_type=\"text-editor.default\">\n\t\t\t\t<div class=\"elementor-widget-container\">\n\t\t\t\t\t\t\t\t\t<div class=\"elementor-element elementor-element-2dd168d elementor-widget elementor-widget-text-editor\" data-id=\"2dd168d\" data-element_type=\"widget\" data-widget_type=\"text-editor.default\"><div class=\"elementor-widget-container\"><p>Notre programme a \u00e9t\u00e9 cr\u00e9\u00e9 pour r\u00e9compenser nos clients fid\u00e8les avec des avantages exclusifs et des privil\u00e8ges sp\u00e9ciaux. Il est bas\u00e9 sur l\u2019accumulation de points, o\u00f9 <strong>chaque euro d\u2019achat \u00e9quivaut \u00e0 une p\u00e9pite<\/strong>. <\/p><p>Pour chaque <strong>10&nbsp;p\u00e9pites accumul\u00e9es<\/strong>, vous aurez droit \u00e0 <strong>un euro de r\u00e9duction<\/strong> \u00e0 utiliser lors d\u2019un prochain achat. Ainsi, plus vous achetez, plus vous accumulez de points et plus vous pouvez profiter d\u2019avantages. <\/p><p>Par exemple, si vous effectuez un achat de 100&nbsp;euros dans notre boutique, vous accumulerez 100&nbsp;p\u00e9pites, que vous pourrez utiliser pour une r\u00e9duction de 10&nbsp;euros lors d\u2019un prochain achat.<\/p><p>Vos p\u00e9pites s\u2019accumulent automatiquement \u00e0 chaque achat que vous effectuez, et vous pouvez les consulter \u00e0 tout moment dans <a href=\"https:\/\/mystikus.com\/mi-cuenta\/\">votre compte<\/a> ou dans le menu indiqu\u00e9 par le symbole <img decoding=\"async\" class=\"alignnone wp-image-19127\" src=\"https:\/\/mystikus.com\/wp-content\/uploads\/2023\/03\/pepitav2.svg\" alt=\"\" width=\"21\" height=\"21\">.<\/p><p>Il n\u2019y a pas de limite au nombre de points que vous pouvez accumuler, alors profitez-en&nbsp;!<\/p><p>De plus, nous offrons p\u00e9riodiquement des p\u00e9pites de bonus lors de dates comm\u00e9moratives et d\u2019autres promotions sp\u00e9ciales. Restez attentif\/attentive \u00e0 nos communications pour ne manquer aucune occasion d\u2019accumuler plus de points et d\u2019obtenir des avantages exclusifs. <\/p><\/div><\/div>\t\t\t\t\t\t\t\t<\/div>\n\t\t\t\t<\/div>\n\t\t\t\t<div class=\"elementor-element elementor-element-1eee4ea elementor-widget elementor-widget-heading\" data-id=\"1eee4ea\" data-element_type=\"widget\" data-widget_type=\"heading.default\">\n\t\t\t\t<div class=\"elementor-widget-container\">\n\t\t\t\t\t<h2 class=\"elementor-heading-title elementor-size-default\">Comment obtenir plus de p\u00e9pites&nbsp;?\n<\/h2>\t\t\t\t<\/div>\n\t\t\t\t<\/div>\n\t\t\t\t<div class=\"elementor-element elementor-element-4df3698 elementor-widget elementor-widget-text-editor\" data-id=\"4df3698\" data-element_type=\"widget\" data-widget_type=\"text-editor.default\">\n\t\t\t\t<div class=\"elementor-widget-container\">\n\t\t\t\t\t\t\t\t\t<p>Vos achats ne sont pas les seuls \u00e0 vous rapporter des p\u00e9pites. Si vous invitez vos amis \u00e0 acheter sur nos pages, vous gagnez \u00e9galement des p\u00e9pites. Pour en savoir plus, consultez notre <strong><a href=\"https:\/\/mystikus.com\/afiliacion\/\">programme d\u2019affiliation.<\/a><\/strong>  <\/p>\t\t\t\t\t\t\t\t<\/div>\n\t\t\t\t<\/div>\n\t\t\t\t<div class=\"elementor-element elementor-element-bcbb80c elementor-widget elementor-widget-heading\" data-id=\"bcbb80c\" data-element_type=\"widget\" data-widget_type=\"heading.default\">\n\t\t\t\t<div class=\"elementor-widget-container\">\n\t\t\t\t\t<h2 class=\"elementor-heading-title elementor-size-default\">Connectez-vous ou cr\u00e9ez votre compte pour profiter de vos p\u00e9pites<\/h2>\t\t\t\t<\/div>\n\t\t\t\t<\/div>\n\t\t\t\t<div class=\"elementor-element elementor-element-9ea7ce6 elementor-widget elementor-widget-eael-login-register\" data-id=\"9ea7ce6\" data-element_type=\"widget\" data-widget_type=\"eael-login-register.default\">\n\t\t\t\t<div class=\"elementor-widget-container\">\n\t\t\t\t\t        <div class=\"eael-login-registration-wrapper \"\n             data-is-ajax=\"yes\"\n             data-widget-id=\"9ea7ce6\"\n             data-page-id=\"24544\"\n             data-recaptcha-sitekey=\"\"\n\t\t\t data-recaptcha-sitekey-v3=\"\"\n\t\t\t data-login-recaptcha-version=\"v2\"\n\t\t\t data-register-recaptcha-version=\"v2\"\n\t\t\t data-lostpassword-recaptcha-version=\"v2\"\n             data-redirect-to=\"\"\n             data-resetpassword-redirect-to=\"\"\n        >\n\t\t\t            <section\n                    id=\"eael-login-form-wrapper\"\n                    class=\"\"\n                    data-recaptcha-theme=\"light\"\n                    data-recaptcha-size=\"normal\">\n                <div class=\"eael-login-form-wrapper eael-lr-form-wrapper style-2 \">\n\t\t\t\t\t                        <div class=\"lr-form-wrapper\">\n\t\t\t\t\t\t\t\t\t\t\t\t\t\t                            <form class=\"eael-login-form eael-lr-form\"\n                                  id=\"eael-login-form\"\n                                  method=\"post\">\n\t\t\t\t\t\t\t\t                                <div class=\"eael-lr-form-group eael-user-login\">\n\t\t\t\t\t\t\t\t\t<label for=\"eael-user-login\" class=\"eael-field-label\">Username or Email Address<\/label>                                    <input type=\"text\"\n                                           name=\"eael-user-login\"\n                                           id=\"eael-user-login\"\n                                           class=\"eael-lr-form-control\"\n                                           placeholder=\"Username or Email Address\"\n                                           required>\n\t\t\t\t\t\t\t\t\t                                <\/div>\n                                <div class=\"eael-lr-form-group eael-user-password\">\n\t\t\t\t\t\t\t\t\t<label for=\"eael-user-password\" class=\"eael-field-label\">Password<\/label>                                    <div class=\"eael-lr-password-wrapper\">\n                                        <input type=\"password\"\n                                               name=\"eael-user-password\"\n                                               class=\"eael-lr-form-control\"\n                                               id=\"eael-user-password\"\n                                               placeholder=\"Password\"\n                                               required>\n\t\t\t\t\t\t\t\t\t\t                                            <button type=\"button\"\n                                                    id=\"wp-hide-pw\"\n                                                    class=\"wp-hide-pw hide-if-no-js\"\n                                                    aria-label=\"Show password\">\n                                                <span class=\"dashicons dashicons-visibility\"\n                                                      aria-hidden=\"true\"><\/span>\n                                            <\/button>\n\t\t\t\t\t\t\t\t\t\t\t\t\t\t\t\t\t\t\t\t                                    <\/div>\n                                <\/div>\n                                <div class=\"eael-forever-forget eael-lr-form-group\">\n\t\t\t\t\t\t\t\t\t                                        <p class=\"forget-menot\">\n                                            <input name=\"eael-rememberme\"\n                                                   type=\"checkbox\"\n                                                   id=\"rememberme\"\n\t\t\t\t\t\t\t\t\t\t\t\t                                                      class=\"remember-me lr-checkbox\"\n                                                   value=\"forever\">\n                                            <label for=\"rememberme\"\n                                                   class=\"eael-checkbox-label rememberme\">Se souvenir de moi<\/label>\n                                        <\/p>\n\t\t\t\t\t\t\t\t\t<p class=\"forget-pass\"><a href=\"https:\/\/mystikus.dsignpoint.com\/fr\/mon-compte\/lost-password\/\">Mot de passe oubli\u00e9&nbsp;?<\/a><\/p>\n                                <\/div>\n\n\t\t\t\t\t\t\t\t\n\n                                <div class=\"eael-lr-footer\">\n\t\t\t\t\t\t\t\t\t<div class=\"eael-lr-form-loader-wrapper\">\n                                    \t<input type=\"submit\"\n                                           name=\"eael-login-submit\"\n                                           id=\"eael-login-submit\"\n                                           class=\"g-recaptcha eael-lr-btn eael-lr-btn-block \"\n                                           value=\"Se connecter\"\/>\n\t\t\t\t\t\t\t\t\t\t\n\t\t\t\t\t\t\t\t\t\t\n\t\t\t\t\t\t\t\t\t<\/div>\n\t\t\t\t\t\t\t\t\t\n                                <\/div>\n\t\t\t\t\t\t\t\t                                <div class=\"eael-form-validation-container\">\n\t\t\t\t\t\t\t\t\t                                <\/div>\n\t\t\t\t\t\t\t\t<input type=\"hidden\" id=\"eael-login-nonce\" name=\"eael-login-nonce\" value=\"924727f35a\" \/><input type=\"hidden\" name=\"_wp_http_referer\" value=\"\/fr\/wp-json\/wp\/v2\/pages\/24544\" \/>        <input type=\"hidden\"\n               name=\"page_id\"\n               value=\"24544\">\n\t\t<input type=\"hidden\"\n               name=\"page_id_for_popup\"\n               value=\"24544\">\t   \n\t\t<input type=\"hidden\"\n               name=\"resetpassword_in_popup_selector\"\n               value=\"\">\n        <input type=\"hidden\"\n               name=\"widget_id\"\n               value=\"9ea7ce6\">\n\t\t                            <\/form>\n\t\t\t\t\t\t\t                        <\/div>\n\t\t\t\t\t\t                <\/div>\n\n            <\/section>\n\n\t\t\t<script>\n\t\t\t\tjQuery(document).ready(function($){\n\t\t\t\t\tvar eael_get_login_status = localStorage.getItem( 'eael-is-login-form' );\n\t\t\t\t\tif( eael_get_login_status === 'true' ) {\n\t\t\t\t\t\tsetTimeout(function() {\n\t\t\t\t\t\t\tvar button = jQuery('[eael-login=\"yes\"]');\n\t\t\t\t\t\t\tif( ! button.hasClass('eael-clicked') ) {\n\t\t\t\t\t\t\t\tbutton.trigger('click').addClass('eael-clicked');\n\t\t\t\t\t\t\t}\n\t\t\t\t\t\t}, 100);\n\n\t\t\t\t\t\tsetTimeout(function() {\n\t\t\t\t\t\t\tjQuery('[eael-login=\"yes\"]').removeClass('eael-clicked')\n\t\t\t\t\t\t}, 500);\n\t\t\t\t\t}\n\t\t\t\t});\n\t\t\t<\/script>\n\t\t\t            <section\n                    id=\"eael-lostpassword-form-wrapper\"\n                    class=\"eael-lr-d-none\"\n\t\t\t\t\tdata-recaptcha-theme=\"light\"\n                    data-recaptcha-size=\"normal\"\n                    >\n                <div class=\"eael-lostpassword-form-wrapper eael-lr-form-wrapper style-2 \">\n\t\t\t\t\t\t\t\t\t\t<div class=\"lr-form-wrapper\">\n\t\t\t\t\t\t\t\t\t\t\t\t\t\t\t\t\t\t<form class=\"eael-lostpassword-form eael-lr-form\"\n\t\t\t\t\t\t\t  id=\"eael-lostpassword-form\"\n\t\t\t\t\t\t\t  method=\"post\">\n\t\t\t\t\t\t\t\t\t\t\t\t\t\t<div class=\"eael-lr-form-group \">\n\t\t\t\t\t\t\t\t<label for=\"eael-user-lostpassword\" class=\"eael-field-label\">Username or Email Address<\/label>\t\t\t\t\t\t\t\t<input type=\"text\"\n\t\t\t\t\t\t\t\t\t   name=\"eael-user-lostpassword\"\n\t\t\t\t\t\t\t\t\t   id=\"eael-user-lostpassword\"\n\t\t\t\t\t\t\t\t\t   class=\"eael-lr-form-control\"\n\t\t\t\t\t\t\t\t\t   placeholder=\"Username or Email Address\"\n\t\t\t\t\t\t\t\t\t   required>\n\t\t\t\t\t\t\t\t\t\t\t\t\t\t\t<\/div>\n\n\t\t\t\t\t\t\t\n\t\t\t\t\t\t\t<div class=\"eael-lr-footer\">\n\t\t\t\t\t\t\t\t<input type=\"submit\"\n\t\t\t\t\t\t\t\t\t   name=\"eael-lostpassword-submit\"\n\t\t\t\t\t\t\t\t\t   id=\"eael-lostpassword-submit\"\n\t\t\t\t\t\t\t\t\t   class=\"g-recaptcha eael-lr-btn eael-lr-btn-block   \"\n\t\t\t\t\t\t\t\t\t   value=\"Restablecer la contrase\u00f1a\"\/>\n\t\t\t\t\t\t\t\t\t\t\t\t\t\t\t\t\t<div class=\"eael-sign-wrapper \">\n\t\t\t\t\t\t\t\t\t\t<span class=\"d-ib\"> <\/span> <a href=\"\" id=\"eael-lr-login-toggle-lostpassword\" class=\"eael-lr-link\" data-action=\"form\">Reg\u00edstrate<\/a>\t\t\t\t\t\t\t\t\t<\/div>\n\t\t\t\t\t\t\t\t\n\t\t\t\t\t\t\t<\/div>\n\t\t\t\t\t\t\t\t\t\t\t\t\t\t<div class=\"eael-form-validation-container\">\n\t\t\t\t\t\t\t\t\t\t\t\t\t\t\t<\/div>\n\t\t\t\t\t\t\t<input type=\"hidden\" id=\"eael-lostpassword-nonce\" name=\"eael-lostpassword-nonce\" value=\"93a1acf4ef\" \/><input type=\"hidden\" name=\"_wp_http_referer\" value=\"\/fr\/wp-json\/wp\/v2\/pages\/24544\" \/>        <input type=\"hidden\"\n               name=\"page_id\"\n               value=\"24544\">\n\t\t<input type=\"hidden\"\n               name=\"page_id_for_popup\"\n               value=\"24544\">\t   \n\t\t<input type=\"hidden\"\n               name=\"resetpassword_in_popup_selector\"\n               value=\"\">\n        <input type=\"hidden\"\n               name=\"widget_id\"\n               value=\"9ea7ce6\">\n\t\t\t\t\t\t\t\t<\/form>\n\t\t\t\t\t\t\t\t\t\t\t<\/div>\n\t\t\t\t\t                <\/div>\n\n            <\/section>\n\t\t\t        <\/div>\n\n\t\t\t\t\t\t<\/div>\n\t\t\t\t<\/div>\n\t\t\t\t<\/div>\n\t\t<div data-particle_enable=\"false\" data-particle-mobile-disabled=\"false\" class=\"elementor-element elementor-element-f79cd22 e-con-full e-flex e-con e-child\" data-id=\"f79cd22\" data-element_type=\"container\">\n\t\t\t\t<div class=\"elementor-element elementor-element-b3b2b5b elementor-widget elementor-widget-image\" data-id=\"b3b2b5b\" data-element_type=\"widget\" data-widget_type=\"image.default\">\n\t\t\t\t<div class=\"elementor-widget-container\">\n\t\t\t\t\t\t\t\t\t\t\t\t\t\t\t<img fetchpriority=\"high\" decoding=\"async\" width=\"1024\" height=\"1024\" src=\"https:\/\/mystikus.dsignpoint.com\/wp-content\/uploads\/2025\/05\/fidelidade.jpg\" class=\"attachment-full size-full wp-image-24546\" alt=\"\" srcset=\"https:\/\/mystikus.dsignpoint.com\/wp-content\/uploads\/2025\/05\/fidelidade.jpg 1024w, https:\/\/mystikus.dsignpoint.com\/wp-content\/uploads\/2025\/05\/fidelidade-300x300.jpg 300w, https:\/\/mystikus.dsignpoint.com\/wp-content\/uploads\/2025\/05\/fidelidade-100x100.jpg 100w, https:\/\/mystikus.dsignpoint.com\/wp-content\/uploads\/2025\/05\/fidelidade-600x600.jpg 600w, https:\/\/mystikus.dsignpoint.com\/wp-content\/uploads\/2025\/05\/fidelidade-150x150.jpg 150w, https:\/\/mystikus.dsignpoint.com\/wp-content\/uploads\/2025\/05\/fidelidade-768x768.jpg 768w\" sizes=\"(max-width: 1024px) 100vw, 1024px\" \/>\t\t\t\t\t\t\t\t\t\t\t\t\t\t\t<\/div>\n\t\t\t\t<\/div>\n\t\t\t\t<div class=\"elementor-element elementor-element-12a76f2 elementor-widget elementor-widget-heading\" data-id=\"12a76f2\" data-element_type=\"widget\" data-widget_type=\"heading.default\">\n\t\t\t\t<div class=\"elementor-widget-container\">\n\t\t\t\t\t<h2 class=\"elementor-heading-title elementor-size-default\">Comment \u00e9changer des p\u00e9pites contre des r\u00e9ductions&nbsp;?\n<\/h2>\t\t\t\t<\/div>\n\t\t\t\t<\/div>\n\t\t\t\t<div class=\"elementor-element elementor-element-57518d6 elementor-widget elementor-widget-text-editor\" data-id=\"57518d6\" data-element_type=\"widget\" data-widget_type=\"text-editor.default\">\n\t\t\t\t<div class=\"elementor-widget-container\">\n\t\t\t\t\t\t\t\t\t<p>Depuis votre panier ou lors du paiement, vous pourrez convertir vos p\u00e9pites en r\u00e9duction. Vous devez accumuler un minimum de 10&nbsp;p\u00e9pites pour les convertir en r\u00e9duction, car chaque 10&nbsp;p\u00e9pites vous offre 1&nbsp;euro de r\u00e9duction sur votre prochain achat.  <\/p>\t\t\t\t\t\t\t\t<\/div>\n\t\t\t\t<\/div>\n\t\t\t\t<div class=\"elementor-element elementor-element-2a8bf16 elementor-widget elementor-widget-text-editor\" data-id=\"2a8bf16\" data-element_type=\"widget\" data-widget_type=\"text-editor.default\">\n\t\t\t\t<div class=\"elementor-widget-container\">\n\t\t\t\t\t\t\t\t\t<p>Convertissez vos p\u00e9pites dans le panier&nbsp;:<\/p>\t\t\t\t\t\t\t\t<\/div>\n\t\t\t\t<\/div>\n\t\t\t\t<div class=\"elementor-element elementor-element-62d802e elementor-widget elementor-widget-image\" data-id=\"62d802e\" data-element_type=\"widget\" data-widget_type=\"image.default\">\n\t\t\t\t<div class=\"elementor-widget-container\">\n\t\t\t\t\t\t\t\t\t\t\t\t\t\t\t<img decoding=\"async\" width=\"311\" height=\"84\" src=\"https:\/\/mystikus.dsignpoint.com\/wp-content\/uploads\/2025\/05\/Screenshot-2025-05-05-at-20.32.49.png\" class=\"attachment-full size-full wp-image-24547\" alt=\"\" srcset=\"https:\/\/mystikus.dsignpoint.com\/wp-content\/uploads\/2025\/05\/Screenshot-2025-05-05-at-20.32.49.png 311w, https:\/\/mystikus.dsignpoint.com\/wp-content\/uploads\/2025\/05\/Screenshot-2025-05-05-at-20.32.49-300x81.png 300w\" sizes=\"(max-width: 311px) 100vw, 311px\" \/>\t\t\t\t\t\t\t\t\t\t\t\t\t\t\t<\/div>\n\t\t\t\t<\/div>\n\t\t\t\t<div class=\"elementor-element elementor-element-0c0d8f2 elementor-widget elementor-widget-text-editor\" data-id=\"0c0d8f2\" data-element_type=\"widget\" data-widget_type=\"text-editor.default\">\n\t\t\t\t<div class=\"elementor-widget-container\">\n\t\t\t\t\t\t\t\t\t<p>Convertissez vos p\u00e9pites lors du paiement&nbsp;:<\/p>\t\t\t\t\t\t\t\t<\/div>\n\t\t\t\t<\/div>\n\t\t\t\t<div class=\"elementor-element elementor-element-735b73c elementor-widget elementor-widget-image\" data-id=\"735b73c\" data-element_type=\"widget\" data-widget_type=\"image.default\">\n\t\t\t\t<div class=\"elementor-widget-container\">\n\t\t\t\t\t\t\t\t\t\t\t\t\t\t\t<img loading=\"lazy\" decoding=\"async\" width=\"410\" height=\"204\" src=\"https:\/\/mystikus.dsignpoint.com\/wp-content\/uploads\/2025\/05\/Screenshot-2025-05-05-at-20.33.07.png\" class=\"attachment-full size-full wp-image-24548\" alt=\"\" srcset=\"https:\/\/mystikus.dsignpoint.com\/wp-content\/uploads\/2025\/05\/Screenshot-2025-05-05-at-20.33.07.png 410w, https:\/\/mystikus.dsignpoint.com\/wp-content\/uploads\/2025\/05\/Screenshot-2025-05-05-at-20.33.07-300x149.png 300w\" sizes=\"(max-width: 410px) 100vw, 410px\" \/>\t\t\t\t\t\t\t\t\t\t\t\t\t\t\t<\/div>\n\t\t\t\t<\/div>\n\t\t\t\t<\/div>\n\t\t\t\t<\/div>\n\t\t\t\t\t<\/div>\n\t\t\t\t<\/div>\n\t\t\t\t<\/div>\n\t\t","protected":false},"excerpt":{"rendered":"<p>MES P\u00c9PITES Comment \u00e7a marche&nbsp;? Notre programme a \u00e9t\u00e9 cr\u00e9\u00e9 pour r\u00e9compenser nos clients fid\u00e8les avec des avantages exclusifs et des privil\u00e8ges sp\u00e9ciaux. Il est bas\u00e9 sur l\u2019accumulation de points, o\u00f9 chaque euro d\u2019achat \u00e9quivaut \u00e0 une p\u00e9pite. Pour chaque 10&nbsp;p\u00e9pites accumul\u00e9es, vous aurez droit \u00e0 un euro de r\u00e9duction \u00e0 utiliser lors d\u2019un prochain [&hellip;]<\/p>\n","protected":false},"author":1,"featured_media":0,"parent":0,"menu_order":0,"comment_status":"closed","ping_status":"closed","template":"","meta":{"footnotes":""},"class_list":["post-24544","page","type-page","status-publish","hentry"],"_links":{"self":[{"href":"https:\/\/mystikus.dsignpoint.com\/fr\/wp-json\/wp\/v2\/pages\/24544","targetHints":{"allow":["GET"]}}],"collection":[{"href":"https:\/\/mystikus.dsignpoint.com\/fr\/wp-json\/wp\/v2\/pages"}],"about":[{"href":"https:\/\/mystikus.dsignpoint.com\/fr\/wp-json\/wp\/v2\/types\/page"}],"author":[{"embeddable":true,"href":"https:\/\/mystikus.dsignpoint.com\/fr\/wp-json\/wp\/v2\/users\/1"}],"replies":[{"embeddable":true,"href":"https:\/\/mystikus.dsignpoint.com\/fr\/wp-json\/wp\/v2\/comments?post=24544"}],"version-history":[{"count":1,"href":"https:\/\/mystikus.dsignpoint.com\/fr\/wp-json\/wp\/v2\/pages\/24544\/revisions"}],"predecessor-version":[{"id":24550,"href":"https:\/\/mystikus.dsignpoint.com\/fr\/wp-json\/wp\/v2\/pages\/24544\/revisions\/24550"}],"wp:attachment":[{"href":"https:\/\/mystikus.dsignpoint.com\/fr\/wp-json\/wp\/v2\/media?parent=24544"}],"curies":[{"name":"wp","href":"https:\/\/api.w.org\/{rel}","templated":true}]}}