{"id":24561,"date":"2025-04-23T19:52:10","date_gmt":"2025-04-23T17:52:10","guid":{"rendered":"https:\/\/mystikus.dsignpoint.com\/politique-de-cookies\/"},"modified":"2025-09-16T13:00:39","modified_gmt":"2025-09-16T11:00:39","slug":"politique-de-cookies","status":"publish","type":"page","link":"https:\/\/mystikus.dsignpoint.com\/fr\/politique-de-cookies\/","title":{"rendered":"Politique de cookies"},"content":{"rendered":"\t\t<div data-elementor-type=\"wp-page\" data-elementor-id=\"24561\" class=\"elementor elementor-24561 elementor-390\" data-elementor-post-type=\"page\">\n\t\t\t\t<div data-particle_enable=\"false\" data-particle-mobile-disabled=\"false\" class=\"elementor-element elementor-element-bd39296 e-flex e-con-boxed e-con e-parent\" data-id=\"bd39296\" data-element_type=\"container\" data-settings=\"{&quot;background_background&quot;:&quot;classic&quot;,&quot;shape_divider_bottom&quot;:&quot;pyramids&quot;,&quot;shape_divider_bottom_negative&quot;:&quot;yes&quot;}\">\n\t\t\t\t\t<div class=\"e-con-inner\">\n\t\t\t\t<div class=\"elementor-shape elementor-shape-bottom\" aria-hidden=\"true\" data-negative=\"true\">\n\t\t\t<svg xmlns=\"http:\/\/www.w3.org\/2000\/svg\" viewBox=\"0 0 1000 100\" preserveAspectRatio=\"none\">\n\t<path class=\"elementor-shape-fill\" d=\"M761.9,40.6L643.1,24L333.9,93.8L0.1,1H0v99h1000V1\"\/>\n<\/svg>\t\t<\/div>\n\t\t\t\t<div class=\"elementor-element elementor-element-97a74ef elementor-widget elementor-widget-heading\" data-id=\"97a74ef\" data-element_type=\"widget\" data-widget_type=\"heading.default\">\n\t\t\t\t<div class=\"elementor-widget-container\">\n\t\t\t\t\t<h2 class=\"elementor-heading-title elementor-size-default\">Politique de cookies<\/h2>\t\t\t\t<\/div>\n\t\t\t\t<\/div>\n\t\t\t\t\t<\/div>\n\t\t\t\t<\/div>\n\t\t<div data-particle_enable=\"false\" data-particle-mobile-disabled=\"false\" class=\"elementor-element elementor-element-58568f44 e-flex e-con-boxed e-con e-parent\" data-id=\"58568f44\" data-element_type=\"container\">\n\t\t\t\t\t<div class=\"e-con-inner\">\n\t\t<div data-particle_enable=\"false\" data-particle-mobile-disabled=\"false\" class=\"elementor-element elementor-element-13436e3 e-con-full e-flex e-con e-child\" data-id=\"13436e3\" data-element_type=\"container\">\n\t\t\t\t<div class=\"elementor-element elementor-element-08b5259 elementor-widget elementor-widget-heading\" data-id=\"08b5259\" data-element_type=\"widget\" data-widget_type=\"heading.default\">\n\t\t\t\t<div class=\"elementor-widget-container\">\n\t\t\t\t\t<h2 class=\"elementor-heading-title elementor-size-default\">1. ANT\u00c9C\u00c9DENTS\n<\/h2>\t\t\t\t<\/div>\n\t\t\t\t<\/div>\n\t\t\t\t<div class=\"elementor-element elementor-element-94b3b71 elementor-widget elementor-widget-text-editor\" data-id=\"94b3b71\" data-element_type=\"widget\" data-widget_type=\"text-editor.default\">\n\t\t\t\t<div class=\"elementor-widget-container\">\n\t\t\t\t\t\t\t\t\t<div class=\"elementor-element elementor-element-76c5cff elementor-widget elementor-widget-text-editor\" data-id=\"76c5cff\" data-element_type=\"widget\" data-widget_type=\"text-editor.default\">\n<div class=\"elementor-widget-container\">\n<div class=\"elementor-element elementor-element-a56cc9a elementor-widget elementor-widget-text-editor\" data-id=\"a56cc9a\" data-element_type=\"widget\" data-widget_type=\"text-editor.default\">\n<div class=\"elementor-widget-container\">\n<div class=\"elementor-element elementor-element-853604e elementor-widget elementor-widget-text-editor\" data-id=\"853604e\" data-element_type=\"widget\" data-widget_type=\"text-editor.default\">\n<div class=\"elementor-widget-container\">\n<div class=\"elementor-element elementor-element-50da7f4 elementor-widget elementor-widget-text-editor\" data-id=\"50da7f4\" data-element_type=\"widget\" data-widget_type=\"text-editor.default\">\n<div class=\"elementor-widget-container\">\n<div class=\"elementor-element elementor-element-ff922e9 elementor-widget elementor-widget-text-editor\" data-id=\"ff922e9\" data-element_type=\"widget\" data-widget_type=\"text-editor.default\">\n<div class=\"elementor-widget-container\">\n<div class=\"elementor-element elementor-element-70aab54 elementor-widget elementor-widget-text-editor\" data-id=\"70aab54\" data-element_type=\"widget\" data-widget_type=\"text-editor.default\">\n<div class=\"elementor-widget-container\">\n<div class=\"elementor-element elementor-element-1463618 elementor-widget elementor-widget-text-editor\" data-id=\"1463618\" data-element_type=\"widget\" data-widget_type=\"text-editor.default\">\n<div class=\"elementor-widget-container\">\n<div class=\"elementor-element elementor-element-8fa207a elementor-widget elementor-widget-text-editor\" data-id=\"8fa207a\" data-element_type=\"widget\" data-widget_type=\"text-editor.default\">\n<div class=\"elementor-widget-container\">\n<div class=\"elementor-element elementor-element-bcbc7a9 elementor-widget elementor-widget-text-editor\" data-id=\"bcbc7a9\" data-element_type=\"widget\" data-widget_type=\"text-editor.default\">\n<div class=\"elementor-widget-container\">\n<div class=\"elementor-element elementor-element-8168b7f elementor-widget elementor-widget-text-editor\" data-id=\"8168b7f\" data-element_type=\"widget\" data-widget_type=\"text-editor.default\">\n<div class=\"elementor-widget-container\"><main id=\"content\" class=\"site-main post-14126 page type-page status-publish hentry\">\n<div class=\"page-content\">\n<div class=\"elementor elementor-14126\" data-elementor-type=\"wp-page\" data-elementor-id=\"14126\" data-elementor-post-type=\"page\">\n<section class=\"elementor-section elementor-top-section elementor-element elementor-element-dfeccb4 elementor-section-boxed elementor-section-height-default elementor-section-height-default\" data-particle_enable=\"false\" data-particle-mobile-disabled=\"false\" data-id=\"dfeccb4\" data-element_type=\"section\">\n<div class=\"elementor-container elementor-column-gap-default\">\n<div class=\"elementor-column elementor-col-100 elementor-top-column elementor-element elementor-element-33a56db\" data-id=\"33a56db\" data-element_type=\"column\">\n<div class=\"elementor-widget-wrap elementor-element-populated\">\n<div class=\"elementor-element elementor-element-84b9b67 elementor-widget elementor-widget-text-editor\" data-id=\"84b9b67\" data-element_type=\"widget\" data-widget_type=\"text-editor.default\">\n<div class=\"elementor-widget-container\">\n<div class=\"elementor-element elementor-element-4fc628c elementor-widget elementor-widget-text-editor\" data-id=\"4fc628c\" data-element_type=\"widget\" data-widget_type=\"text-editor.default\">\n<div class=\"elementor-widget-container\">\n<p>Conform\u00e9ment \u00e0 la r\u00e9glementation espagnole qui r\u00e9git l&rsquo;utilisation des cookies en relation avec la prestation de services de communications \u00e9lectroniques, reprise dans le d\u00e9cret-loi royal 13\/2012 du 30 mars, nous vous informons sur les cookies utilis\u00e9s sur le site web de Mystikus Tienda et le motif de leur utilisation. De m\u00eame, nous vous informons qu&rsquo;en naviguant sur le site web, vous donnez votre consentement pour pouvoir les utiliser. <\/p>\n<\/div>\n<\/div>\n<div class=\"elementor-element elementor-element-0374562 elementor-widget elementor-widget-heading\" data-id=\"0374562\" data-element_type=\"widget\" data-widget_type=\"heading.default\">\n<div class=\"elementor-widget-container\"> <\/div>\n<\/div>\n<\/div>\n<\/div>\n<\/div>\n<\/div>\n<\/div>\n<\/section>\n<\/div>\n<\/div>\n<\/main><\/div>\n<\/div>\n<\/div>\n<\/div>\n<\/div>\n<\/div>\n<\/div>\n<\/div>\n<\/div>\n<\/div>\n<\/div>\n<\/div>\n<\/div>\n<\/div>\n<\/div>\n<\/div>\n<\/div>\n<\/div>\n<\/div>\n<\/div>\t\t\t\t\t\t\t\t<\/div>\n\t\t\t\t<\/div>\n\t\t\t\t<\/div>\n\t\t<div data-particle_enable=\"false\" data-particle-mobile-disabled=\"false\" class=\"elementor-element elementor-element-d605640 e-con-full e-flex e-con e-child\" data-id=\"d605640\" data-element_type=\"container\">\n\t\t\t\t<div class=\"elementor-element elementor-element-987e6e1 elementor-widget elementor-widget-heading\" data-id=\"987e6e1\" data-element_type=\"widget\" data-widget_type=\"heading.default\">\n\t\t\t\t<div class=\"elementor-widget-container\">\n\t\t\t\t\t<h2 class=\"elementor-heading-title elementor-size-default\">2. QUE SONT LES COOKIES ?\n<\/h2>\t\t\t\t<\/div>\n\t\t\t\t<\/div>\n\t\t\t\t<div class=\"elementor-element elementor-element-5469583 elementor-widget elementor-widget-text-editor\" data-id=\"5469583\" data-element_type=\"widget\" data-widget_type=\"text-editor.default\">\n\t\t\t\t<div class=\"elementor-widget-container\">\n\t\t\t\t\t\t\t\t\t<div class=\"elementor-element elementor-element-76c5cff elementor-widget elementor-widget-text-editor\" data-id=\"76c5cff\" data-element_type=\"widget\" data-widget_type=\"text-editor.default\">\n<div class=\"elementor-widget-container\">\n<div class=\"elementor-element elementor-element-a56cc9a elementor-widget elementor-widget-text-editor\" data-id=\"a56cc9a\" data-element_type=\"widget\" data-widget_type=\"text-editor.default\">\n<div class=\"elementor-widget-container\">\n<div class=\"elementor-element elementor-element-853604e elementor-widget elementor-widget-text-editor\" data-id=\"853604e\" data-element_type=\"widget\" data-widget_type=\"text-editor.default\">\n<div class=\"elementor-widget-container\">\n<div class=\"elementor-element elementor-element-50da7f4 elementor-widget elementor-widget-text-editor\" data-id=\"50da7f4\" data-element_type=\"widget\" data-widget_type=\"text-editor.default\">\n<div class=\"elementor-widget-container\">\n<div class=\"elementor-element elementor-element-ff922e9 elementor-widget elementor-widget-text-editor\" data-id=\"ff922e9\" data-element_type=\"widget\" data-widget_type=\"text-editor.default\">\n<div class=\"elementor-widget-container\">\n<div class=\"elementor-element elementor-element-70aab54 elementor-widget elementor-widget-text-editor\" data-id=\"70aab54\" data-element_type=\"widget\" data-widget_type=\"text-editor.default\">\n<div class=\"elementor-widget-container\">\n<div class=\"elementor-element elementor-element-1463618 elementor-widget elementor-widget-text-editor\" data-id=\"1463618\" data-element_type=\"widget\" data-widget_type=\"text-editor.default\">\n<div class=\"elementor-widget-container\">\n<div class=\"elementor-element elementor-element-8fa207a elementor-widget elementor-widget-text-editor\" data-id=\"8fa207a\" data-element_type=\"widget\" data-widget_type=\"text-editor.default\">\n<div class=\"elementor-widget-container\">\n<div class=\"elementor-element elementor-element-bcbc7a9 elementor-widget elementor-widget-text-editor\" data-id=\"bcbc7a9\" data-element_type=\"widget\" data-widget_type=\"text-editor.default\">\n<div class=\"elementor-widget-container\">\n<div class=\"elementor-element elementor-element-8168b7f elementor-widget elementor-widget-text-editor\" data-id=\"8168b7f\" data-element_type=\"widget\" data-widget_type=\"text-editor.default\">\n<div class=\"elementor-widget-container\"><main id=\"content\" class=\"site-main post-14126 page type-page status-publish hentry\">\n<div class=\"page-content\">\n<div class=\"elementor elementor-14126\" data-elementor-type=\"wp-page\" data-elementor-id=\"14126\" data-elementor-post-type=\"page\">\n<section class=\"elementor-section elementor-top-section elementor-element elementor-element-dfeccb4 elementor-section-boxed elementor-section-height-default elementor-section-height-default\" data-particle_enable=\"false\" data-particle-mobile-disabled=\"false\" data-id=\"dfeccb4\" data-element_type=\"section\">\n<div class=\"elementor-container elementor-column-gap-default\">\n<div class=\"elementor-column elementor-col-100 elementor-top-column elementor-element elementor-element-33a56db\" data-id=\"33a56db\" data-element_type=\"column\">\n<div class=\"elementor-widget-wrap elementor-element-populated\">\n<div class=\"elementor-element elementor-element-84b9b67 elementor-widget elementor-widget-text-editor\" data-id=\"84b9b67\" data-element_type=\"widget\" data-widget_type=\"text-editor.default\">\n<div class=\"elementor-widget-container\">\n<div class=\"elementor-element elementor-element-4fc628c elementor-widget elementor-widget-text-editor\" data-id=\"4fc628c\" data-element_type=\"widget\" data-widget_type=\"text-editor.default\">\n<div class=\"elementor-widget-container\">\n<div class=\"elementor-element elementor-element-76c5cff elementor-widget elementor-widget-text-editor\" data-id=\"76c5cff\" data-element_type=\"widget\" data-widget_type=\"text-editor.default\">\n<div class=\"elementor-widget-container\">\n<p>Un cookie est un fichier qui est t\u00e9l\u00e9charg\u00e9 sur votre ordinateur lorsque vous acc\u00e9dez \u00e0 certaines pages web. Les cookies permettent \u00e0 une page web, entre autres, de sauvegarder et de r\u00e9cup\u00e9rer des informations sur les habitudes de navigation d&rsquo;un utilisateur ou de son \u00e9quipement et, en fonction des informations qu&rsquo;ils contiennent et de la mani\u00e8re dont l&rsquo;\u00e9quipement est utilis\u00e9, ils peuvent \u00eatre utilis\u00e9s pour reconna\u00eetre l&rsquo;utilisateur. Les cookies sont uniquement associ\u00e9s \u00e0 un utilisateur anonyme et \u00e0 son ordinateur ou appareil et ne fournissent pas d&rsquo;informations permettant de conna\u00eetre vos donn\u00e9es personnelles.  <\/p>\n<\/div>\n<\/div>\n<div class=\"elementor-element elementor-element-2997835 elementor-widget elementor-widget-heading\" data-id=\"2997835\" data-element_type=\"widget\" data-widget_type=\"heading.default\">\n<div class=\"elementor-widget-container\"> <\/div>\n<\/div>\n<\/div>\n<\/div>\n<\/div>\n<\/div>\n<\/div>\n<\/div>\n<\/div>\n<\/section>\n<\/div>\n<\/div>\n<\/main><\/div>\n<\/div>\n<\/div>\n<\/div>\n<\/div>\n<\/div>\n<\/div>\n<\/div>\n<\/div>\n<\/div>\n<\/div>\n<\/div>\n<\/div>\n<\/div>\n<\/div>\n<\/div>\n<\/div>\n<\/div>\n<\/div>\n<\/div>\t\t\t\t\t\t\t\t<\/div>\n\t\t\t\t<\/div>\n\t\t\t\t<\/div>\n\t\t<div data-particle_enable=\"false\" data-particle-mobile-disabled=\"false\" class=\"elementor-element elementor-element-44f0931 e-con-full e-flex e-con e-child\" data-id=\"44f0931\" data-element_type=\"container\">\n\t\t\t\t<div class=\"elementor-element elementor-element-769743c elementor-widget elementor-widget-heading\" data-id=\"769743c\" data-element_type=\"widget\" data-widget_type=\"heading.default\">\n\t\t\t\t<div class=\"elementor-widget-container\">\n\t\t\t\t\t<h2 class=\"elementor-heading-title elementor-size-default\">3. TYPES DE COOKIES\n<\/h2>\t\t\t\t<\/div>\n\t\t\t\t<\/div>\n\t\t\t\t<div class=\"elementor-element elementor-element-70c3d28 elementor-widget elementor-widget-text-editor\" data-id=\"70c3d28\" data-element_type=\"widget\" data-widget_type=\"text-editor.default\">\n\t\t\t\t<div class=\"elementor-widget-container\">\n\t\t\t\t\t\t\t\t\t<div class=\"elementor-element elementor-element-76c5cff elementor-widget elementor-widget-text-editor\" data-id=\"76c5cff\" data-element_type=\"widget\" data-widget_type=\"text-editor.default\">\n<div class=\"elementor-widget-container\">\n<div class=\"elementor-element elementor-element-a56cc9a elementor-widget elementor-widget-text-editor\" data-id=\"a56cc9a\" data-element_type=\"widget\" data-widget_type=\"text-editor.default\">\n<div class=\"elementor-widget-container\">\n<div class=\"elementor-element elementor-element-853604e elementor-widget elementor-widget-text-editor\" data-id=\"853604e\" data-element_type=\"widget\" data-widget_type=\"text-editor.default\">\n<div class=\"elementor-widget-container\">\n<div class=\"elementor-element elementor-element-50da7f4 elementor-widget elementor-widget-text-editor\" data-id=\"50da7f4\" data-element_type=\"widget\" data-widget_type=\"text-editor.default\">\n<div class=\"elementor-widget-container\">\n<div class=\"elementor-element elementor-element-ff922e9 elementor-widget elementor-widget-text-editor\" data-id=\"ff922e9\" data-element_type=\"widget\" data-widget_type=\"text-editor.default\">\n<div class=\"elementor-widget-container\">\n<div class=\"elementor-element elementor-element-70aab54 elementor-widget elementor-widget-text-editor\" data-id=\"70aab54\" data-element_type=\"widget\" data-widget_type=\"text-editor.default\">\n<div class=\"elementor-widget-container\">\n<div class=\"elementor-element elementor-element-1463618 elementor-widget elementor-widget-text-editor\" data-id=\"1463618\" data-element_type=\"widget\" data-widget_type=\"text-editor.default\">\n<div class=\"elementor-widget-container\">\n<div class=\"elementor-element elementor-element-8fa207a elementor-widget elementor-widget-text-editor\" data-id=\"8fa207a\" data-element_type=\"widget\" data-widget_type=\"text-editor.default\">\n<div class=\"elementor-widget-container\">\n<div class=\"elementor-element elementor-element-bcbc7a9 elementor-widget elementor-widget-text-editor\" data-id=\"bcbc7a9\" data-element_type=\"widget\" data-widget_type=\"text-editor.default\">\n<div class=\"elementor-widget-container\">\n<div class=\"elementor-element elementor-element-8168b7f elementor-widget elementor-widget-text-editor\" data-id=\"8168b7f\" data-element_type=\"widget\" data-widget_type=\"text-editor.default\">\n<div class=\"elementor-widget-container\"><main id=\"content\" class=\"site-main post-14126 page type-page status-publish hentry\">\n<div class=\"page-content\">\n<div class=\"elementor elementor-14126\" data-elementor-type=\"wp-page\" data-elementor-id=\"14126\" data-elementor-post-type=\"page\">\n<section class=\"elementor-section elementor-top-section elementor-element elementor-element-dfeccb4 elementor-section-boxed elementor-section-height-default elementor-section-height-default\" data-particle_enable=\"false\" data-particle-mobile-disabled=\"false\" data-id=\"dfeccb4\" data-element_type=\"section\">\n<div class=\"elementor-container elementor-column-gap-default\">\n<div class=\"elementor-column elementor-col-100 elementor-top-column elementor-element elementor-element-33a56db\" data-id=\"33a56db\" data-element_type=\"column\">\n<div class=\"elementor-widget-wrap elementor-element-populated\">\n<div class=\"elementor-element elementor-element-84b9b67 elementor-widget elementor-widget-text-editor\" data-id=\"84b9b67\" data-element_type=\"widget\" data-widget_type=\"text-editor.default\">\n<div class=\"elementor-widget-container\">\n<div class=\"elementor-element elementor-element-4fc628c elementor-widget elementor-widget-text-editor\" data-id=\"4fc628c\" data-element_type=\"widget\" data-widget_type=\"text-editor.default\">\n<div class=\"elementor-widget-container\">\n<div class=\"elementor-element elementor-element-76c5cff elementor-widget elementor-widget-text-editor\" data-id=\"76c5cff\" data-element_type=\"widget\" data-widget_type=\"text-editor.default\">\n<div class=\"elementor-widget-container\">\n<p align=\"justify\"><strong>Cookies propres :<\/strong> Ce sont celles qui sont envoy\u00e9es \u00e0 l&rsquo;\u00e9quipement terminal de l&rsquo;utilisateur depuis un \u00e9quipement ou un domaine g\u00e9r\u00e9 par l&rsquo;\u00e9diteur lui-m\u00eame et depuis lequel le service est fourni. Demand\u00e9 par l&rsquo;utilisateur.<\/p>\n<p align=\"justify\"><strong>Cookies de tiers :<\/strong> Ce sont celles qui sont envoy\u00e9es \u00e0 l&rsquo;\u00e9quipement terminal de l&rsquo;utilisateur depuis un \u00e9quipement ou un domaine qui n&rsquo;est pas g\u00e9r\u00e9 par l&rsquo;\u00e9diteur, mais par une autre entit\u00e9 qui traite les donn\u00e9es obtenues via les cookies.<\/p>\n<p align=\"justify\"><strong>Cookies de session :<\/strong> Ce sont un type de cookies con\u00e7us pour collecter et stocker des donn\u00e9es pendant que l&rsquo;utilisateur acc\u00e8de \u00e0 une page web.<\/p>\n<p align=\"justify\"><strong>Cookies persistants :<\/strong> Ce sont un type de cookies dans lequel les donn\u00e9es restent stock\u00e9es dans le terminal et peuvent \u00eatre consult\u00e9es et trait\u00e9es pendant une p\u00e9riode d\u00e9finie par le responsable du cookie, et qui peut aller de quelques minutes \u00e0 plusieurs ann\u00e9es.<\/p>\n<p align=\"justify\"><strong>Cookies d&rsquo;analyse :<\/strong> Ce sont celles qui, bien trait\u00e9es par nous ou par des tiers, nous permettent de quantifier le nombre d&rsquo;utilisateurs et ainsi de r\u00e9aliser la mesure et l&rsquo;analyse statistique de l&rsquo;utilisation que font les utilisateurs du service offert. Pour ce faire, nous analysons votre navigation sur notre page web afin d&rsquo;am\u00e9liorer l&rsquo;offre de produits ou de services que nous vous proposons. <\/p>\n<p align=\"justify\"><strong>Cookies publicitaires :<\/strong> Ce sont celles qui permettent la gestion, de la mani\u00e8re la plus efficace possible, des espaces publicitaires que, le cas \u00e9ch\u00e9ant, l&rsquo;\u00e9diteur a inclus dans une page web, une application ou une plateforme depuis laquelle il fournit le service demand\u00e9 sur la base de crit\u00e8res tels que le contenu \u00e9dit\u00e9 ou la fr\u00e9quence \u00e0 laquelle les annonces sont affich\u00e9es.<\/p>\n<p align=\"justify\"><strong>Cookies de publicit\u00e9 comportementale :<\/strong> Ce sont celles qui permettent la gestion, de la mani\u00e8re la plus efficace possible, des espaces publicitaires que, le cas \u00e9ch\u00e9ant, l&rsquo;\u00e9diteur a inclus dans une page web, une application ou une plateforme depuis laquelle il fournit le service demand\u00e9. Ces cookies stockent des informations sur le comportement des utilisateurs obtenues gr\u00e2ce \u00e0 l&rsquo;observation continue de leurs habitudes de navigation, ce qui permet de d\u00e9velopper un profil sp\u00e9cifique pour afficher de la publicit\u00e9 en fonction de celui-ci. De m\u00eame, il est possible que lors de la visite d&rsquo;une page web ou de l&rsquo;ouverture d&rsquo;un email o\u00f9 est publi\u00e9e une annonce ou une promotion sur nos produits ou services, un cookie soit install\u00e9 dans votre navigateur, ce qui nous sert \u00e0 vous montrer ult\u00e9rieurement de la publicit\u00e9 li\u00e9e \u00e0 la recherche que vous avez effectu\u00e9e, \u00e0 d\u00e9velopper un contr\u00f4le de nos annonces en relation, par exemple, avec le nombre de fois qu&rsquo;elles sont vues, o\u00f9 elles apparaissent, \u00e0 quelle heure elles sont vues, etc.  <\/p>\n<\/div>\n<\/div>\n<\/div>\n<\/div>\n<\/div>\n<\/div>\n<\/div>\n<\/div>\n<\/div>\n<\/section>\n<\/div>\n<\/div>\n<\/main><\/div>\n<\/div>\n<\/div>\n<\/div>\n<\/div>\n<\/div>\n<\/div>\n<\/div>\n<\/div>\n<\/div>\n<\/div>\n<\/div>\n<\/div>\n<\/div>\n<\/div>\n<\/div>\n<\/div>\n<\/div>\n<\/div>\n<\/div>\t\t\t\t\t\t\t\t<\/div>\n\t\t\t\t<\/div>\n\t\t\t\t<\/div>\n\t\t<div data-particle_enable=\"false\" data-particle-mobile-disabled=\"false\" class=\"elementor-element elementor-element-0c80199 e-con-full e-flex e-con e-child\" data-id=\"0c80199\" data-element_type=\"container\">\n\t\t\t\t<div class=\"elementor-element elementor-element-802b3c7 elementor-widget elementor-widget-heading\" data-id=\"802b3c7\" data-element_type=\"widget\" data-widget_type=\"heading.default\">\n\t\t\t\t<div class=\"elementor-widget-container\">\n\t\t\t\t\t<h2 class=\"elementor-heading-title elementor-size-default\">4.R\u00c9VOCATION ET SUPPRESSION DES COOKIES\n<\/h2>\t\t\t\t<\/div>\n\t\t\t\t<\/div>\n\t\t\t\t<div class=\"elementor-element elementor-element-73d571f elementor-widget elementor-widget-text-editor\" data-id=\"73d571f\" data-element_type=\"widget\" data-widget_type=\"text-editor.default\">\n\t\t\t\t<div class=\"elementor-widget-container\">\n\t\t\t\t\t\t\t\t\t<main id=\"content\" class=\"site-main post-14132 page type-page status-publish hentry\">\n<div class=\"page-content\">\n<div class=\"elementor elementor-14132\" data-elementor-type=\"wp-page\" data-elementor-id=\"14132\" data-elementor-post-type=\"page\">\n<section class=\"elementor-section elementor-top-section elementor-element elementor-element-dfeccb4 elementor-section-boxed elementor-section-height-default elementor-section-height-default\" data-particle_enable=\"false\" data-particle-mobile-disabled=\"false\" data-id=\"dfeccb4\" data-element_type=\"section\">\n<div class=\"elementor-container elementor-column-gap-default\">\n<div class=\"elementor-column elementor-col-100 elementor-top-column elementor-element elementor-element-33a56db\" data-id=\"33a56db\" data-element_type=\"column\">\n<div class=\"elementor-widget-wrap elementor-element-populated\">\n<div class=\"elementor-element elementor-element-853604e elementor-widget elementor-widget-text-editor\" data-id=\"853604e\" data-element_type=\"widget\" data-widget_type=\"text-editor.default\">\n<div class=\"elementor-widget-container\">\n<p>\u00c0 tout moment, vous pourrez acc\u00e9der \u00e0 la configuration de votre navigateur en acceptant ou en refusant tous les cookies, ou bien s\u00e9lectionner ceux dont vous autorisez l&rsquo;installation et ceux que vous n&rsquo;autorisez pas.<\/p>\n<\/div>\n<\/div>\n<\/div>\n<\/div>\n<\/div>\n<\/section>\n<\/div>\n<\/div>\n<\/main>\n<div class=\"elementor elementor-14080 elementor-location-footer\" data-elementor-type=\"footer\" data-elementor-id=\"14080\" data-elementor-post-type=\"elementor_library\"> <\/div>\t\t\t\t\t\t\t\t<\/div>\n\t\t\t\t<\/div>\n\t\t\t\t<\/div>\n\t\t\t\t\t<\/div>\n\t\t\t\t<\/div>\n\t\t\t\t<\/div>\n\t\t","protected":false},"excerpt":{"rendered":"<p>1. ANT\u00c9C\u00c9DENTS Conform\u00e9ment \u00e0 la r\u00e9glementation espagnole qui r\u00e9git l&rsquo;utilisation des cookies en relation avec la prestation de services de communications \u00e9lectroniques, reprise dans le d\u00e9cret-loi royal 13\/2012 du 30 mars, nous vous informons sur les cookies utilis\u00e9s sur le site web de Mystikus Tienda et le motif de leur utilisation. De m\u00eame, nous vous [&hellip;]<\/p>\n","protected":false},"author":1,"featured_media":0,"parent":0,"menu_order":0,"comment_status":"closed","ping_status":"closed","template":"","meta":{"footnotes":""},"class_list":["post-24561","page","type-page","status-publish","hentry"],"_links":{"self":[{"href":"https:\/\/mystikus.dsignpoint.com\/fr\/wp-json\/wp\/v2\/pages\/24561","targetHints":{"allow":["GET"]}}],"collection":[{"href":"https:\/\/mystikus.dsignpoint.com\/fr\/wp-json\/wp\/v2\/pages"}],"about":[{"href":"https:\/\/mystikus.dsignpoint.com\/fr\/wp-json\/wp\/v2\/types\/page"}],"author":[{"embeddable":true,"href":"https:\/\/mystikus.dsignpoint.com\/fr\/wp-json\/wp\/v2\/users\/1"}],"replies":[{"embeddable":true,"href":"https:\/\/mystikus.dsignpoint.com\/fr\/wp-json\/wp\/v2\/comments?post=24561"}],"version-history":[{"count":1,"href":"https:\/\/mystikus.dsignpoint.com\/fr\/wp-json\/wp\/v2\/pages\/24561\/revisions"}],"predecessor-version":[{"id":24563,"href":"https:\/\/mystikus.dsignpoint.com\/fr\/wp-json\/wp\/v2\/pages\/24561\/revisions\/24563"}],"wp:attachment":[{"href":"https:\/\/mystikus.dsignpoint.com\/fr\/wp-json\/wp\/v2\/media?parent=24561"}],"curies":[{"name":"wp","href":"https:\/\/api.w.org\/{rel}","templated":true}]}}