{"id":24571,"date":"2025-04-23T19:33:01","date_gmt":"2025-04-23T17:33:01","guid":{"rendered":"https:\/\/mystikus.dsignpoint.com\/politique-de-confidentialite\/"},"modified":"2025-09-16T13:00:40","modified_gmt":"2025-09-16T11:00:40","slug":"politique-de-confidentialite","status":"publish","type":"page","link":"https:\/\/mystikus.dsignpoint.com\/fr\/politique-de-confidentialite\/","title":{"rendered":"Politique de confidentialit\u00e9"},"content":{"rendered":"\t\t<div data-elementor-type=\"wp-page\" data-elementor-id=\"24571\" class=\"elementor elementor-24571 elementor-385\" data-elementor-post-type=\"page\">\n\t\t\t\t<div data-particle_enable=\"false\" data-particle-mobile-disabled=\"false\" class=\"elementor-element elementor-element-bd39296 e-flex e-con-boxed e-con e-parent\" data-id=\"bd39296\" data-element_type=\"container\" data-settings=\"{&quot;background_background&quot;:&quot;classic&quot;,&quot;shape_divider_bottom&quot;:&quot;pyramids&quot;,&quot;shape_divider_bottom_negative&quot;:&quot;yes&quot;}\">\n\t\t\t\t\t<div class=\"e-con-inner\">\n\t\t\t\t<div class=\"elementor-shape elementor-shape-bottom\" aria-hidden=\"true\" data-negative=\"true\">\n\t\t\t<svg xmlns=\"http:\/\/www.w3.org\/2000\/svg\" viewBox=\"0 0 1000 100\" preserveAspectRatio=\"none\">\n\t<path class=\"elementor-shape-fill\" d=\"M761.9,40.6L643.1,24L333.9,93.8L0.1,1H0v99h1000V1\"\/>\n<\/svg>\t\t<\/div>\n\t\t\t\t<div class=\"elementor-element elementor-element-97a74ef elementor-widget elementor-widget-heading\" data-id=\"97a74ef\" data-element_type=\"widget\" data-widget_type=\"heading.default\">\n\t\t\t\t<div class=\"elementor-widget-container\">\n\t\t\t\t\t<h2 class=\"elementor-heading-title elementor-size-default\">Politique de confidentialit\u00e9<\/h2>\t\t\t\t<\/div>\n\t\t\t\t<\/div>\n\t\t\t\t\t<\/div>\n\t\t\t\t<\/div>\n\t\t<div data-particle_enable=\"false\" data-particle-mobile-disabled=\"false\" class=\"elementor-element elementor-element-58568f44 e-flex e-con-boxed e-con e-parent\" data-id=\"58568f44\" data-element_type=\"container\">\n\t\t\t\t\t<div class=\"e-con-inner\">\n\t\t<div data-particle_enable=\"false\" data-particle-mobile-disabled=\"false\" class=\"elementor-element elementor-element-c1cb4f8 e-con-full e-flex e-con e-child\" data-id=\"c1cb4f8\" data-element_type=\"container\">\n\t\t\t\t<div class=\"elementor-element elementor-element-0b1454f elementor-widget elementor-widget-heading\" data-id=\"0b1454f\" data-element_type=\"widget\" data-widget_type=\"heading.default\">\n\t\t\t\t<div class=\"elementor-widget-container\">\n\t\t\t\t\t<h2 class=\"elementor-heading-title elementor-size-default\">D\u00c9CLARATION DE CONFIDENTIALIT\u00c9<\/h2>\t\t\t\t<\/div>\n\t\t\t\t<\/div>\n\t\t\t\t<div class=\"elementor-element elementor-element-2799307 elementor-widget elementor-widget-text-editor\" data-id=\"2799307\" data-element_type=\"widget\" data-widget_type=\"text-editor.default\">\n\t\t\t\t<div class=\"elementor-widget-container\">\n\t\t\t\t\t\t\t\t\t<p>Sur ce site web, les donn\u00e9es personnelles des utilisateurs sont respect\u00e9es et prot\u00e9g\u00e9es, et vos droits sont garantis, car la loi en vigueur est respect\u00e9e : la loi organique 3\/2018 du 5 d\u00e9cembre sur la protection des donn\u00e9es personnelles et la garantie des droits num\u00e9riques. Il est \u00e9galement conforme au r\u00e8glement (UE) 2016\/679 du Parlement europ\u00e9en et du Conseil du 27 avril 2016 relatif \u00e0 la protection des personnes physiques (RGPD), ainsi qu&rsquo;\u00e0 la loi 34\/2002 du 11 juillet sur les services de la soci\u00e9t\u00e9 de l&rsquo;information et du commerce \u00e9lectronique (LSSICE ou LSSI). <\/p>\t\t\t\t\t\t\t\t<\/div>\n\t\t\t\t<\/div>\n\t\t\t\t<\/div>\n\t\t<div data-particle_enable=\"false\" data-particle-mobile-disabled=\"false\" class=\"elementor-element elementor-element-4642459 e-con-full e-flex e-con e-child\" data-id=\"4642459\" data-element_type=\"container\">\n\t\t\t\t<div class=\"elementor-element elementor-element-481cf80 elementor-widget elementor-widget-heading\" data-id=\"481cf80\" data-element_type=\"widget\" data-widget_type=\"heading.default\">\n\t\t\t\t<div class=\"elementor-widget-container\">\n\t\t\t\t\t<h2 class=\"elementor-heading-title elementor-size-default\">QUE FAISONS-NOUS AVEC VOS INFORMATIONS ?\n<\/h2>\t\t\t\t<\/div>\n\t\t\t\t<\/div>\n\t\t\t\t<div class=\"elementor-element elementor-element-73c348f elementor-widget elementor-widget-text-editor\" data-id=\"73c348f\" data-element_type=\"widget\" data-widget_type=\"text-editor.default\">\n\t\t\t\t<div class=\"elementor-widget-container\">\n\t\t\t\t\t\t\t\t\t<p>Lorsque vous achetez quelque chose dans notre boutique, dans le cadre du processus d&rsquo;achat-vente, nous collectons les informations personnelles que vous nous fournissez, telles que votre nom, votre adresse et votre adresse \u00e9lectronique.<\/p>\n<p>Lorsque vous naviguez dans notre boutique, nous recevons \u00e9galement automatiquement l&rsquo;adresse de protocole Internet (IP) de votre ordinateur afin de nous fournir des informations qui nous aident \u00e0 conna\u00eetre votre navigateur et votre syst\u00e8me d&rsquo;exploitation.<\/p>\n<p>Marketing par courrier \u00e9lectronique : Avec votre permission, nous pourrons vous envoyer des courriers \u00e9lectroniques concernant notre boutique, nos nouveaux produits et d&rsquo;autres mises \u00e0 jour.<\/p>\n<p> <\/p>\n<p>Les donn\u00e9es et les demandes que vous nous envoyez depuis nos r\u00e9seaux sociaux et nos moyens de communication, tels que Facebook, Instagram et WhatsApp, sont conserv\u00e9es comme historique de consultation pendant 2 ans. Une fois ces 2 ann\u00e9es \u00e9coul\u00e9es, nous supprimerons toutes ces donn\u00e9es. Veuillez noter que ces plateformes ont leurs propres politiques de confidentialit\u00e9, dont nous ne sommes pas responsables. Veuillez consulter ces politiques avant de nous envoyer toute information sensible.   <\/p>\t\t\t\t\t\t\t\t<\/div>\n\t\t\t\t<\/div>\n\t\t\t\t<\/div>\n\t\t<div data-particle_enable=\"false\" data-particle-mobile-disabled=\"false\" class=\"elementor-element elementor-element-d5f07c1 e-con-full e-flex e-con e-child\" data-id=\"d5f07c1\" data-element_type=\"container\">\n\t\t\t\t<div class=\"elementor-element elementor-element-891daf7 elementor-widget elementor-widget-heading\" data-id=\"891daf7\" data-element_type=\"widget\" data-widget_type=\"heading.default\">\n\t\t\t\t<div class=\"elementor-widget-container\">\n\t\t\t\t\t<h2 class=\"elementor-heading-title elementor-size-default\">CONSENTEMENT<\/h2>\t\t\t\t<\/div>\n\t\t\t\t<\/div>\n\t\t\t\t<div class=\"elementor-element elementor-element-b401989 elementor-widget elementor-widget-text-editor\" data-id=\"b401989\" data-element_type=\"widget\" data-widget_type=\"text-editor.default\">\n\t\t\t\t<div class=\"elementor-widget-container\">\n\t\t\t\t\t\t\t\t\t<p>Comment obtenez-vous mon consentement ?<\/p>\n<p> <\/p>\n<p>Lorsque vous nous fournissez vos informations personnelles pour effectuer une transaction, v\u00e9rifier votre carte de cr\u00e9dit, cr\u00e9er une commande ou effectuer un retour, vous acceptez la collecte et l&rsquo;utilisation de vos donn\u00e9es uniquement aux fins mentionn\u00e9es ci-dessus.<\/p>\n<p>Si nous vous demandons vos informations personnelles pour une autre raison, nous vous demanderons votre consentement explicite ou nous vous donnerons la possibilit\u00e9 de refuser.<\/p>\n<p> <\/p>\n<p><b>Comment puis-je r\u00e9voquer mon consentement ?<\/b><\/p>\n<p>Si vous changez d&rsquo;avis apr\u00e8s avoir accept\u00e9, vous pouvez r\u00e9voquer votre consentement pour la collecte, l&rsquo;utilisation ou la divulgation de vos informations \u00e0 tout moment, en nous contactant \u00e0 l&rsquo;adresse <a href=\"mailto:info@mystikus.com\" target=\"_new\">info@mystikus.com<\/a>.<\/p>\t\t\t\t\t\t\t\t<\/div>\n\t\t\t\t<\/div>\n\t\t\t\t<\/div>\n\t\t<div data-particle_enable=\"false\" data-particle-mobile-disabled=\"false\" class=\"elementor-element elementor-element-0175fe9 e-con-full e-flex e-con e-child\" data-id=\"0175fe9\" data-element_type=\"container\">\n\t\t\t\t<div class=\"elementor-element elementor-element-e753dd1 elementor-widget elementor-widget-heading\" data-id=\"e753dd1\" data-element_type=\"widget\" data-widget_type=\"heading.default\">\n\t\t\t\t<div class=\"elementor-widget-container\">\n\t\t\t\t\t<h2 class=\"elementor-heading-title elementor-size-default\">DIVULGATION<\/h2>\t\t\t\t<\/div>\n\t\t\t\t<\/div>\n\t\t\t\t<div class=\"elementor-element elementor-element-e416fc0 elementor-widget elementor-widget-text-editor\" data-id=\"e416fc0\" data-element_type=\"widget\" data-widget_type=\"text-editor.default\">\n\t\t\t\t<div class=\"elementor-widget-container\">\n\t\t\t\t\t\t\t\t\t<p>Nous pouvons divulguer vos informations personnelles si la loi nous y oblige ou si vous violez nos conditions d&rsquo;utilisation.<\/p>\t\t\t\t\t\t\t\t<\/div>\n\t\t\t\t<\/div>\n\t\t\t\t<\/div>\n\t\t<div data-particle_enable=\"false\" data-particle-mobile-disabled=\"false\" class=\"elementor-element elementor-element-efab1a0 e-con-full e-flex e-con e-child\" data-id=\"efab1a0\" data-element_type=\"container\">\n\t\t\t\t<div class=\"elementor-element elementor-element-2a95139 elementor-widget elementor-widget-heading\" data-id=\"2a95139\" data-element_type=\"widget\" data-widget_type=\"heading.default\">\n\t\t\t\t<div class=\"elementor-widget-container\">\n\t\t\t\t\t<h2 class=\"elementor-heading-title elementor-size-default\">H\u00e9bergement de donn\u00e9es<\/h2>\t\t\t\t<\/div>\n\t\t\t\t<\/div>\n\t\t\t\t<div class=\"elementor-element elementor-element-5621a12 elementor-widget elementor-widget-text-editor\" data-id=\"5621a12\" data-element_type=\"widget\" data-widget_type=\"text-editor.default\">\n\t\t\t\t<div class=\"elementor-widget-container\">\n\t\t\t\t\t\t\t\t\t<p>Notre boutique est h\u00e9berg\u00e9e sur notre serveur Infomaniak. Ils nous fournissent la base de donn\u00e9es et l&rsquo;h\u00e9bergement web qui nous permettent de vous vendre nos produits et services. <\/p>\n<p>Vos donn\u00e9es sont stock\u00e9es sur les serveurs crypt\u00e9s d&rsquo;Infomaniak.<\/p>\n<p> <\/p>\n<p><b>PAIEMENTS<\/b><\/p>\n<p>Lorsque vous effectuez votre achat, les donn\u00e9es de votre carte de cr\u00e9dit sont stock\u00e9es. Ces donn\u00e9es sont crypt\u00e9es conform\u00e9ment \u00e0 la norme de s\u00e9curit\u00e9 des donn\u00e9es pour l&rsquo;industrie des cartes de paiement (Payment Card Industry Data Security Standard ou PCI-DSS). De plus, ces informations sont crypt\u00e9es \u00e0 l&rsquo;aide de la technologie Secure Socket Layer (SSL) et sont stock\u00e9es avec un cryptage AES-256. <\/p>\n<p>Vos donn\u00e9es de transaction d&rsquo;achat sont stock\u00e9es uniquement dans la mesure n\u00e9cessaire pour effectuer la transaction. Une fois celle-ci termin\u00e9e, toutes les informations relatives \u00e0 celle-ci sont supprim\u00e9es. <\/p>\n<p>Toutes les passerelles de paiement utilis\u00e9es sont conformes aux normes \u00e9tablies par PCI-DSS, ainsi qu&rsquo;aux indications du Conseil des normes de s\u00e9curit\u00e9 PCI, qui est un effort conjoint de marques telles que Visa, MasterCard, American Express et Discover.<\/p>\n<p> <\/p>\n<p>Les exigences de PCI-DSS contribuent \u00e0 garantir la gestion s\u00e9curis\u00e9e des informations de cartes de cr\u00e9dit des boutiques et de leurs fournisseurs de services.<\/p>\t\t\t\t\t\t\t\t<\/div>\n\t\t\t\t<\/div>\n\t\t\t\t<\/div>\n\t\t<div data-particle_enable=\"false\" data-particle-mobile-disabled=\"false\" class=\"elementor-element elementor-element-a0bf556 e-con-full e-flex e-con e-child\" data-id=\"a0bf556\" data-element_type=\"container\">\n\t\t\t\t<div class=\"elementor-element elementor-element-810f74c elementor-widget elementor-widget-heading\" data-id=\"810f74c\" data-element_type=\"widget\" data-widget_type=\"heading.default\">\n\t\t\t\t<div class=\"elementor-widget-container\">\n\t\t\t\t\t<h2 class=\"elementor-heading-title elementor-size-default\">S\u00c9CURIT\u00c9<\/h2>\t\t\t\t<\/div>\n\t\t\t\t<\/div>\n\t\t\t\t<div class=\"elementor-element elementor-element-4c59a4d elementor-widget elementor-widget-text-editor\" data-id=\"4c59a4d\" data-element_type=\"widget\" data-widget_type=\"text-editor.default\">\n\t\t\t\t<div class=\"elementor-widget-container\">\n\t\t\t\t\t\t\t\t\t<p>Pour prot\u00e9ger vos informations personnelles, nous prenons toutes les pr\u00e9cautions raisonnables et suivons les meilleures pratiques de l&rsquo;industrie pour garantir qu&rsquo;il n&rsquo;y ait pas d&rsquo;utilisation abusive, d&rsquo;acc\u00e8s, de divulgation, d&rsquo;alt\u00e9ration ou de destruction de celles-ci.<\/p>\t\t\t\t\t\t\t\t<\/div>\n\t\t\t\t<\/div>\n\t\t\t\t<\/div>\n\t\t<div data-particle_enable=\"false\" data-particle-mobile-disabled=\"false\" class=\"elementor-element elementor-element-52574a4 e-con-full e-flex e-con e-child\" data-id=\"52574a4\" data-element_type=\"container\">\n\t\t\t\t<div class=\"elementor-element elementor-element-141daab elementor-widget elementor-widget-heading\" data-id=\"141daab\" data-element_type=\"widget\" data-widget_type=\"heading.default\">\n\t\t\t\t<div class=\"elementor-widget-container\">\n\t\t\t\t\t<h2 class=\"elementor-heading-title elementor-size-default\">\u00c2GE DE CONSENTEMENT<\/h2>\t\t\t\t<\/div>\n\t\t\t\t<\/div>\n\t\t\t\t<div class=\"elementor-element elementor-element-1c328ab elementor-widget elementor-widget-text-editor\" data-id=\"1c328ab\" data-element_type=\"widget\" data-widget_type=\"text-editor.default\">\n\t\t\t\t<div class=\"elementor-widget-container\">\n\t\t\t\t\t\t\t\t\t<p>En utilisant ce site, vous d\u00e9clarez que vous \u00eates majeur.<\/p>\t\t\t\t\t\t\t\t<\/div>\n\t\t\t\t<\/div>\n\t\t\t\t<\/div>\n\t\t<div data-particle_enable=\"false\" data-particle-mobile-disabled=\"false\" class=\"elementor-element elementor-element-9367b80 e-con-full e-flex e-con e-child\" data-id=\"9367b80\" data-element_type=\"container\">\n\t\t\t\t<div class=\"elementor-element elementor-element-91533f1 elementor-widget elementor-widget-heading\" data-id=\"91533f1\" data-element_type=\"widget\" data-widget_type=\"heading.default\">\n\t\t\t\t<div class=\"elementor-widget-container\">\n\t\t\t\t\t<h2 class=\"elementor-heading-title elementor-size-default\">MODIFICATIONS DE LA POLITIQUE DE CONFIDENTIALIT\u00c9<\/h2>\t\t\t\t<\/div>\n\t\t\t\t<\/div>\n\t\t\t\t<div class=\"elementor-element elementor-element-7d415af elementor-widget elementor-widget-text-editor\" data-id=\"7d415af\" data-element_type=\"widget\" data-widget_type=\"text-editor.default\">\n\t\t\t\t<div class=\"elementor-widget-container\">\n\t\t\t\t\t\t\t\t\t<p>Nous nous r\u00e9servons le droit de modifier cette politique de confidentialit\u00e9 \u00e0 tout moment, veuillez donc la consulter fr\u00e9quemment.<br>Tous les changements et clarifications entreront en vigueur imm\u00e9diatement apr\u00e8s leur publication. <\/p>\t\t\t\t\t\t\t\t<\/div>\n\t\t\t\t<\/div>\n\t\t\t\t<\/div>\n\t\t\t\t\t<\/div>\n\t\t\t\t<\/div>\n\t\t\t\t<\/div>\n\t\t","protected":false},"excerpt":{"rendered":"<p>D\u00c9CLARATION DE CONFIDENTIALIT\u00c9 Sur ce site web, les donn\u00e9es personnelles des utilisateurs sont respect\u00e9es et prot\u00e9g\u00e9es, et vos droits sont garantis, car la loi en vigueur est respect\u00e9e : la loi organique 3\/2018 du 5 d\u00e9cembre sur la protection des donn\u00e9es personnelles et la garantie des droits num\u00e9riques. Il est \u00e9galement conforme au r\u00e8glement (UE) [&hellip;]<\/p>\n","protected":false},"author":1,"featured_media":0,"parent":0,"menu_order":0,"comment_status":"closed","ping_status":"closed","template":"","meta":{"footnotes":""},"class_list":["post-24571","page","type-page","status-publish","hentry"],"_links":{"self":[{"href":"https:\/\/mystikus.dsignpoint.com\/fr\/wp-json\/wp\/v2\/pages\/24571","targetHints":{"allow":["GET"]}}],"collection":[{"href":"https:\/\/mystikus.dsignpoint.com\/fr\/wp-json\/wp\/v2\/pages"}],"about":[{"href":"https:\/\/mystikus.dsignpoint.com\/fr\/wp-json\/wp\/v2\/types\/page"}],"author":[{"embeddable":true,"href":"https:\/\/mystikus.dsignpoint.com\/fr\/wp-json\/wp\/v2\/users\/1"}],"replies":[{"embeddable":true,"href":"https:\/\/mystikus.dsignpoint.com\/fr\/wp-json\/wp\/v2\/comments?post=24571"}],"version-history":[{"count":1,"href":"https:\/\/mystikus.dsignpoint.com\/fr\/wp-json\/wp\/v2\/pages\/24571\/revisions"}],"predecessor-version":[{"id":24573,"href":"https:\/\/mystikus.dsignpoint.com\/fr\/wp-json\/wp\/v2\/pages\/24571\/revisions\/24573"}],"wp:attachment":[{"href":"https:\/\/mystikus.dsignpoint.com\/fr\/wp-json\/wp\/v2\/media?parent=24571"}],"curies":[{"name":"wp","href":"https:\/\/api.w.org\/{rel}","templated":true}]}}