{"id":24001,"date":"2025-03-25T18:45:17","date_gmt":"2025-03-25T17:45:17","guid":{"rendered":"https:\/\/mystikus.dsignpoint.com\/producto\/pierres-pour-le-pouce-7-chakras\/"},"modified":"2025-03-25T18:45:17","modified_gmt":"2025-03-25T17:45:17","slug":"pierres-pour-le-pouce-7-chakras","status":"publish","type":"product","link":"https:\/\/mystikus.dsignpoint.com\/fr\/producto\/pierres-pour-le-pouce-7-chakras\/","title":{"rendered":"Pierres pour le pouce 7 chakras"},"content":{"rendered":"<pre>Pierres pour le pouce 7 chakras<\/pre>\n<p><strong>Les pierres pour le pouce<\/strong> ou pierres de la pr\u00e9occupation sont des pierres pr\u00e9cieuses lisses et polies, utilis\u00e9es pour calmer le stress et soulager l&rsquo;anxi\u00e9t\u00e9. Elles ont g\u00e9n\u00e9ralement une forme ovale avec une encoche de la taille du pouce. Au d\u00e9but, on utilisait des pierres normales trouv\u00e9es dans l&rsquo;eau, mais aujourd&rsquo;hui, elles sont fabriqu\u00e9es avec des pierres semi-pr\u00e9cieuses.  <\/p>\n<div class=\"spec-desc\">Mesure cm \u00b12.5&#215;4.5<\/div>\n<div class=\"spec-desc\"><strong>Fabriqu\u00e9 \u00e0 partir des pierres suivantes : <\/strong><br \/>\nAm\u00e9thyste<br \/>\nAventurine bleue<br \/>\nSodalite<br \/>\nAventurine verte<br \/>\nQuartz dor\u00e9<br \/>\nAventurine p\u00eache<br \/>\nJaspe rouge<\/div>\n<p><strong>Mode d&#8217;emploi<\/strong><br \/>\nTenez la pierre de la pr\u00e9occupation entre l&rsquo;index et le pouce, et d\u00e9placez doucement le pouce d&rsquo;avant en arri\u00e8re sur la pierre. Cette action de d\u00e9placer le pouce d&rsquo;avant en arri\u00e8re sur la pierre stimule les nerfs de la main qui r\u00e9duisent le stress. C&rsquo;est une aide naturelle pour s&rsquo;apaiser, la forme la plus simple de m\u00e9decine naturelle.*  <\/p>\n<p><strong>Histoire<\/strong><br \/>\nL&rsquo;utilisation des pierres pour le pouce a de nombreuses origines. Son utilisation a \u00e9t\u00e9 document\u00e9e dans l&rsquo;ancien Tibet, en Gr\u00e8ce, en Irlande et dans de nombreuses tribus d&rsquo;Am\u00e9rique. Les pierres de la pr\u00e9occupation ou worry stones form\u00e9es par l&rsquo;eau de mer \u00e9taient g\u00e9n\u00e9ralement utilis\u00e9es par les anciens Grecs. Les tribus am\u00e9rindiennes transmettaient leurs pierres de pr\u00e9occupation aux jeunes g\u00e9n\u00e9rations, cr\u00e9ant ainsi un sentiment de connexion avec leurs anc\u00eatres.   <\/p>\n<p><em>*Les caract\u00e9ristiques de toutes les pierres min\u00e9rales sur notre site web ne sont pas scientifiquement prouv\u00e9es ; elles sont bas\u00e9es sur les exp\u00e9riences des utilisateurs et des th\u00e9rapeutes de pierres pr\u00e9cieuses. Les propri\u00e9t\u00e9s curatives d\u00e9crites ne sont en aucun cas destin\u00e9es \u00e0 remplacer le diagnostic ou le traitement par un th\u00e9rapeute ou un m\u00e9decin qualifi\u00e9. Si vous avez des doutes sur votre sant\u00e9, consultez un m\u00e9decin.  <\/em><\/p>\n","protected":false},"excerpt":{"rendered":"<pre>Pierres pour le pouce 7 chakras<\/pre>\n<p><strong>Les pierres pour le pouce<\/strong> ou pierres de la pr\u00e9occupation sont des pierres pr\u00e9cieuses lisses et polies, utilis\u00e9es pour calmer le stress et soulager l&rsquo;anxi\u00e9t\u00e9. Elles ont g\u00e9n\u00e9ralement une forme ovale avec une encoche de la taille du pouce. Au d\u00e9but, on utilisait des pierres normales trouv\u00e9es dans l&rsquo;eau, mais aujourd&rsquo;hui, elles sont fabriqu\u00e9es avec des pierres semi-pr\u00e9cieuses.  <\/p>\n<div class=\"spec-desc\">Mesure cm \u00b12.5&#215;4.5<\/div>\n<div class=\"spec-desc\"><strong>Fabriqu\u00e9 \u00e0 partir des pierres suivantes : <\/strong><br \/>\nAm\u00e9thyste<br \/>\nAventurine bleue<br \/>\nSodalite<br \/>\nAventurine verte<br \/>\nQuartz dor\u00e9<br \/>\nAventurine p\u00eache<br \/>\nJaspe rouge<\/div>\n","protected":false},"featured_media":246,"comment_status":"closed","ping_status":"closed","template":"","meta":[],"product_brand":[],"product_cat":[110,109,106],"product_tag":[],"class_list":{"0":"post-24001","1":"product","2":"type-product","3":"status-publish","4":"has-post-thumbnail","6":"product_cat-galets","7":"product_cat-mineraux","8":"product_cat-mineraux-et-bijoux","10":"first","11":"instock","12":"shipping-taxable","13":"purchasable","14":"product-type-simple"},"_links":{"self":[{"href":"https:\/\/mystikus.dsignpoint.com\/fr\/wp-json\/wp\/v2\/product\/24001","targetHints":{"allow":["GET"]}}],"collection":[{"href":"https:\/\/mystikus.dsignpoint.com\/fr\/wp-json\/wp\/v2\/product"}],"about":[{"href":"https:\/\/mystikus.dsignpoint.com\/fr\/wp-json\/wp\/v2\/types\/product"}],"replies":[{"embeddable":true,"href":"https:\/\/mystikus.dsignpoint.com\/fr\/wp-json\/wp\/v2\/comments?post=24001"}],"wp:featuredmedia":[{"embeddable":true,"href":"https:\/\/mystikus.dsignpoint.com\/fr\/wp-json\/wp\/v2\/media\/246"}],"wp:attachment":[{"href":"https:\/\/mystikus.dsignpoint.com\/fr\/wp-json\/wp\/v2\/media?parent=24001"}],"wp:term":[{"taxonomy":"product_brand","embeddable":true,"href":"https:\/\/mystikus.dsignpoint.com\/fr\/wp-json\/wp\/v2\/product_brand?post=24001"},{"taxonomy":"product_cat","embeddable":true,"href":"https:\/\/mystikus.dsignpoint.com\/fr\/wp-json\/wp\/v2\/product_cat?post=24001"},{"taxonomy":"product_tag","embeddable":true,"href":"https:\/\/mystikus.dsignpoint.com\/fr\/wp-json\/wp\/v2\/product_tag?post=24001"}],"curies":[{"name":"wp","href":"https:\/\/api.w.org\/{rel}","templated":true}]}}