{"id":24079,"date":"2025-03-25T18:30:54","date_gmt":"2025-03-25T17:30:54","guid":{"rendered":"https:\/\/mystikus.dsignpoint.com\/producto\/porte-encens-celestial-magic-protection-contre-le-mauvais-oeil\/"},"modified":"2025-03-25T18:30:54","modified_gmt":"2025-03-25T17:30:54","slug":"porte-encens-celestial-magic-protection-contre-le-mauvais-oeil","status":"publish","type":"product","link":"https:\/\/mystikus.dsignpoint.com\/fr\/producto\/porte-encens-celestial-magic-protection-contre-le-mauvais-oeil\/","title":{"rendered":"Porte-encens Celestial Magic Protection contre le mauvais \u0153il"},"content":{"rendered":"<pre>Porte-encens Celestial Magic Protection contre le mauvais \u0153il<\/pre>\n<p>Ces porte-encens en bois magnifiquement emball\u00e9s, finis de mani\u00e8re durable avec une couche de r\u00e9sine \u00e9poxy, allient fonctionnalit\u00e9 et design charmant. Parfaits pour br\u00fbler de l&rsquo;encens en toute s\u00e9curit\u00e9 et cr\u00e9er une atmosph\u00e8re magique dans n&rsquo;importe quel espace. <\/p>\n<div class=\"spec-item\">\n<div class=\"spec-desc\">Mat\u00e9riau Bois<\/div>\n<\/div>\n<div class=\"spec-item\">\n<div class=\"spec-desc\">Mesure cm 26&#215;3<\/div>\n<\/div>\n<p><strong>Celestial Magic<br \/>\n<\/strong> La collection Celestial Magic apporte une \u00e9nergie mystique \u00e0 votre int\u00e9rieur. Avec leur aspect unique et leur utilisation pratique, ces porte-encens sont un choix id\u00e9al pour les rituels spirituels et les moments de d\u00e9tente. <\/p>\n<p><strong>Mode d&#8217;emploi<br \/>\n<\/strong> Placez une tige d&rsquo;encens dans le support. Utilisez uniquement sur une surface r\u00e9sistante \u00e0 la chaleur. Ne jamais laisser l&rsquo;encens allum\u00e9 sans surveillance.  <\/p>\n","protected":false},"excerpt":{"rendered":"<pre>Porte-encens Celestial Magic Protection contre le mauvais \u0153il<\/pre>\n<p>Ces porte-encens en bois magnifiquement emball\u00e9s, finis de mani\u00e8re durable avec une couche de r\u00e9sine \u00e9poxy, allient fonctionnalit\u00e9 et design charmant. Parfaits pour br\u00fbler de l&rsquo;encens en toute s\u00e9curit\u00e9 et cr\u00e9er une atmosph\u00e8re magique dans n&rsquo;importe quel espace. <\/p>\n<div class=\"spec-item\">\n<div class=\"spec-desc\">Mat\u00e9riau Bois<\/div>\n<\/div>\n<div class=\"spec-item\">\n<div class=\"spec-desc\">Mesure cm 26&#215;34,5<\/div>\n<\/div>\n","protected":false},"featured_media":24081,"comment_status":"closed","ping_status":"closed","template":"","meta":[],"product_brand":[],"product_cat":[120,118],"product_tag":[],"class_list":{"0":"post-24079","1":"product","2":"type-product","3":"status-publish","4":"has-post-thumbnail","6":"product_cat-bruleurs","7":"product_cat-encens-et-aromes","9":"first","10":"instock","11":"shipping-taxable","12":"purchasable","13":"product-type-simple"},"_links":{"self":[{"href":"https:\/\/mystikus.dsignpoint.com\/fr\/wp-json\/wp\/v2\/product\/24079","targetHints":{"allow":["GET"]}}],"collection":[{"href":"https:\/\/mystikus.dsignpoint.com\/fr\/wp-json\/wp\/v2\/product"}],"about":[{"href":"https:\/\/mystikus.dsignpoint.com\/fr\/wp-json\/wp\/v2\/types\/product"}],"replies":[{"embeddable":true,"href":"https:\/\/mystikus.dsignpoint.com\/fr\/wp-json\/wp\/v2\/comments?post=24079"}],"wp:featuredmedia":[{"embeddable":true,"href":"https:\/\/mystikus.dsignpoint.com\/fr\/wp-json\/wp\/v2\/media\/24081"}],"wp:attachment":[{"href":"https:\/\/mystikus.dsignpoint.com\/fr\/wp-json\/wp\/v2\/media?parent=24079"}],"wp:term":[{"taxonomy":"product_brand","embeddable":true,"href":"https:\/\/mystikus.dsignpoint.com\/fr\/wp-json\/wp\/v2\/product_brand?post=24079"},{"taxonomy":"product_cat","embeddable":true,"href":"https:\/\/mystikus.dsignpoint.com\/fr\/wp-json\/wp\/v2\/product_cat?post=24079"},{"taxonomy":"product_tag","embeddable":true,"href":"https:\/\/mystikus.dsignpoint.com\/fr\/wp-json\/wp\/v2\/product_tag?post=24079"}],"curies":[{"name":"wp","href":"https:\/\/api.w.org\/{rel}","templated":true}]}}