{"id":24105,"date":"2025-03-25T17:44:27","date_gmt":"2025-03-25T16:44:27","guid":{"rendered":"https:\/\/mystikus.dsignpoint.com\/producto\/encens-celestial-magic-protection-contre-le-mauvais-oeil-porte-encens\/"},"modified":"2025-03-25T17:44:27","modified_gmt":"2025-03-25T16:44:27","slug":"encens-celestial-magic-protection-contre-le-mauvais-oeil-porte-encens","status":"publish","type":"product","link":"https:\/\/mystikus.dsignpoint.com\/fr\/producto\/encens-celestial-magic-protection-contre-le-mauvais-oeil-porte-encens\/","title":{"rendered":"Encens Celestial Magic Protection contre le mauvais \u0153il + porte-encens"},"content":{"rendered":"<pre>Encens Celestial Magic Protection contre le mauvais \u0153il + porte-encens<\/pre>\n<p>Prot\u00e8ge ton espace des \u00e9nergies n\u00e9gatives avec cet encens, inspir\u00e9 de la symbologie mystique et des ar\u00f4mes puissants.<\/p>\n<p>Comprend un magnifique porte-encens.<\/p>\n<p><strong>Profil olfactif<br \/>\n<\/strong><em>Palo santo et patchouli.<\/em><\/p>\n<p><strong>Celestial Magic<br \/>\n<\/strong>La gamme de parfums d&rsquo;int\u00e9rieur Celestial Magic apporte une \u00e9nergie mystique \u00e0 ton espace. Des ar\u00f4mes enchanteurs aux designs magiques, chaque produit est parfait pour ajouter une touche de magie \u00e0 ton int\u00e9rieur. <\/p>\n<p><strong>Mode d&#8217;emploi<br \/>\n<\/strong>Allume l&rsquo;extr\u00e9mit\u00e9 d&rsquo;un b\u00e2ton d&rsquo;encens et \u00e9teins la flamme. Place le b\u00e2ton dans un porte-encens s\u00fbr sur une surface r\u00e9sistante \u00e0 la chaleur. Ne jamais laisser br\u00fbler l&rsquo;encens sans surveillance.  <\/p>\n<p><strong>Avertissements<br \/>\n<\/strong>Ne jamais laisser br\u00fbler l&rsquo;encens sans surveillance.<br \/>\nTenir \u00e9loign\u00e9 des rideaux et des mat\u00e9riaux inflammables.<br \/>\nUtiliser sur une surface r\u00e9sistante \u00e0 la chaleur.<br \/>\nTenir hors de port\u00e9e des enfants et des animaux domestiques.<br \/>\nVentiler apr\u00e8s utilisation.<br \/>\n\u00c9vite d&rsquo;inhaler directement la fum\u00e9e.<\/p>\n","protected":false},"excerpt":{"rendered":"<pre>Encens Celestial Magic Protection contre le mauvais \u0153il + porte-encens<\/pre>\n<p>Prot\u00e8ge ton espace des \u00e9nergies n\u00e9gatives avec cet encens, inspir\u00e9 de la symbologie mystique et des ar\u00f4mes puissants.<\/p>\n<p>Comprend un magnifique porte-encens.<\/p>\n","protected":false},"featured_media":24106,"comment_status":"closed","ping_status":"closed","template":"","meta":[],"product_brand":[],"product_cat":[122,118],"product_tag":[],"class_list":{"0":"post-24105","1":"product","2":"type-product","3":"status-publish","4":"has-post-thumbnail","6":"product_cat-encens","7":"product_cat-encens-et-aromes","9":"first","10":"instock","11":"shipping-taxable","12":"purchasable","13":"product-type-simple"},"_links":{"self":[{"href":"https:\/\/mystikus.dsignpoint.com\/fr\/wp-json\/wp\/v2\/product\/24105","targetHints":{"allow":["GET"]}}],"collection":[{"href":"https:\/\/mystikus.dsignpoint.com\/fr\/wp-json\/wp\/v2\/product"}],"about":[{"href":"https:\/\/mystikus.dsignpoint.com\/fr\/wp-json\/wp\/v2\/types\/product"}],"replies":[{"embeddable":true,"href":"https:\/\/mystikus.dsignpoint.com\/fr\/wp-json\/wp\/v2\/comments?post=24105"}],"wp:featuredmedia":[{"embeddable":true,"href":"https:\/\/mystikus.dsignpoint.com\/fr\/wp-json\/wp\/v2\/media\/24106"}],"wp:attachment":[{"href":"https:\/\/mystikus.dsignpoint.com\/fr\/wp-json\/wp\/v2\/media?parent=24105"}],"wp:term":[{"taxonomy":"product_brand","embeddable":true,"href":"https:\/\/mystikus.dsignpoint.com\/fr\/wp-json\/wp\/v2\/product_brand?post=24105"},{"taxonomy":"product_cat","embeddable":true,"href":"https:\/\/mystikus.dsignpoint.com\/fr\/wp-json\/wp\/v2\/product_cat?post=24105"},{"taxonomy":"product_tag","embeddable":true,"href":"https:\/\/mystikus.dsignpoint.com\/fr\/wp-json\/wp\/v2\/product_tag?post=24105"}],"curies":[{"name":"wp","href":"https:\/\/api.w.org\/{rel}","templated":true}]}}