{"id":24109,"date":"2025-03-25T17:20:34","date_gmt":"2025-03-25T16:20:34","guid":{"rendered":"https:\/\/mystikus.dsignpoint.com\/producto\/bougie-parfumee-potion-damour\/"},"modified":"2025-03-25T17:20:34","modified_gmt":"2025-03-25T16:20:34","slug":"bougie-parfumee-potion-damour","status":"publish","type":"product","link":"https:\/\/mystikus.dsignpoint.com\/fr\/producto\/bougie-parfumee-potion-damour\/","title":{"rendered":"Bougie parfum\u00e9e Potion d&rsquo;amour"},"content":{"rendered":"<pre><strong>Bougie parfum\u00e9e Potion d'amour<\/strong>\n\nBougie aromatique romantique et charmante qui ajoute une touche de magie \u00e0 votre espace. La collection Celestial Magic est parfaite pour les rituels spirituels et pour cr\u00e9er une atmosph\u00e8re magique \u00e0 la maison. <\/pre>\n<div class=\"spec-item\">\n<div class=\"spec-desc\">Mati\u00e8re premi\u00e8re Cire de soja<\/div>\n<\/div>\n<div class=\"spec-item\">\n<div class=\"spec-desc\">Temps de combustion (heures) \u00b1 20<\/div>\n<\/div>\n<div class=\"spec-item\">\n<div class=\"spec-desc\">Mesure cm 7&#215;8<\/div>\n<\/div>\n<div class=\"spec-item\">\n<div class=\"spec-desc\">Poids gr 120<\/div>\n<\/div>\n<p><strong>\u00c0 propos du produit<\/strong><br \/>\nBougie en cire de soja.<br \/>\nParfum\u00e9e aux huiles essentielles naturelles.<br \/>\nDur\u00e9e de combustion : \u00b120 heures.<br \/>\nM\u00e8che en coton pur.<\/p>\n<p><strong>Instructions d&rsquo;utilisation<\/strong><br \/>\nAllumez pendant au moins une heure par 2,5 cm de diam\u00e8tre de la bougie pour garantir une efficacit\u00e9 optimale.<br \/>\nNe laissez pas allum\u00e9 plus de 4 heures de suite.<br \/>\nCoupez la m\u00e8che \u00e0 0,5 cm avant chaque allumage.<br \/>\nCessez l&rsquo;utilisation lorsqu&rsquo;il reste 1,3 cm de cire au fond.<\/p>\n<p><strong>Attention !<\/strong><br \/>\nNe laissez jamais une bougie allum\u00e9e sans surveillance.<br \/>\nTenez-la hors de port\u00e9e des enfants et des animaux domestiques.<br \/>\nUtilisez la bougie sur une surface r\u00e9sistante \u00e0 la chaleur ou dans un support appropri\u00e9.<br \/>\nBr\u00fblez dans un endroit a\u00e9r\u00e9 mais loin des courants d&rsquo;air.<br \/>\nNe la d\u00e9placez pas lorsqu&rsquo;elle est allum\u00e9e ou avant que la cire ne se soit durcie.<\/p>\n","protected":false},"excerpt":{"rendered":"<pre><strong>Bougie parfum\u00e9e Potion d'amour<\/strong><\/pre>\n<p>Bougie aromatique romantique et charmante qui ajoute une touche de magie \u00e0 votre espace. La collection Celestial Magic est parfaite pour les rituels spirituels et pour cr\u00e9er une atmosph\u00e8re magique \u00e0 la maison. <\/p>\n<div class=\"spec-item\">\n<div class=\"spec-desc\">Mati\u00e8re premi\u00e8re Cire de soja<\/div>\n<\/div>\n<div class=\"spec-item\">\n<div class=\"spec-desc\">Temps de combustion (heures) \u00b1 20<\/div>\n<\/div>\n<div class=\"spec-item\">\n<div class=\"spec-desc\">Mesure cm 7&#215;8<\/div>\n<\/div>\n<div class=\"spec-item\">\n<div class=\"spec-desc\">Poids gr 120<\/div>\n<\/div>\n<p><strong>\u00c0 propos du produit<\/strong><br \/>\nBougie en cire de soja.<br \/>\nParfum\u00e9e aux huiles essentielles naturelles.<br \/>\nDur\u00e9e de combustion : \u00b120 heures.<br \/>\nM\u00e8che en coton pur.<\/p>\n","protected":false},"featured_media":222,"comment_status":"closed","ping_status":"closed","template":"","meta":[],"product_brand":[],"product_cat":[125,124],"product_tag":[],"class_list":{"0":"post-24109","1":"product","2":"type-product","3":"status-publish","4":"has-post-thumbnail","6":"product_cat-bougies-aromatiques","7":"product_cat-jardin-enchante","9":"first","10":"instock","11":"shipping-taxable","12":"purchasable","13":"product-type-simple"},"_links":{"self":[{"href":"https:\/\/mystikus.dsignpoint.com\/fr\/wp-json\/wp\/v2\/product\/24109","targetHints":{"allow":["GET"]}}],"collection":[{"href":"https:\/\/mystikus.dsignpoint.com\/fr\/wp-json\/wp\/v2\/product"}],"about":[{"href":"https:\/\/mystikus.dsignpoint.com\/fr\/wp-json\/wp\/v2\/types\/product"}],"replies":[{"embeddable":true,"href":"https:\/\/mystikus.dsignpoint.com\/fr\/wp-json\/wp\/v2\/comments?post=24109"}],"wp:featuredmedia":[{"embeddable":true,"href":"https:\/\/mystikus.dsignpoint.com\/fr\/wp-json\/wp\/v2\/media\/222"}],"wp:attachment":[{"href":"https:\/\/mystikus.dsignpoint.com\/fr\/wp-json\/wp\/v2\/media?parent=24109"}],"wp:term":[{"taxonomy":"product_brand","embeddable":true,"href":"https:\/\/mystikus.dsignpoint.com\/fr\/wp-json\/wp\/v2\/product_brand?post=24109"},{"taxonomy":"product_cat","embeddable":true,"href":"https:\/\/mystikus.dsignpoint.com\/fr\/wp-json\/wp\/v2\/product_cat?post=24109"},{"taxonomy":"product_tag","embeddable":true,"href":"https:\/\/mystikus.dsignpoint.com\/fr\/wp-json\/wp\/v2\/product_tag?post=24109"}],"curies":[{"name":"wp","href":"https:\/\/api.w.org\/{rel}","templated":true}]}}