{"id":24142,"date":"2025-03-25T16:54:53","date_gmt":"2025-03-25T15:54:53","guid":{"rendered":"https:\/\/mystikus.dsignpoint.com\/producto\/bouddha-en-meditation-thailande\/"},"modified":"2025-03-25T16:54:53","modified_gmt":"2025-03-25T15:54:53","slug":"bouddha-en-meditation-thailande","status":"publish","type":"product","link":"https:\/\/mystikus.dsignpoint.com\/fr\/producto\/bouddha-en-meditation-thailande\/","title":{"rendered":"Bouddha en m\u00e9ditation Tha\u00eflande"},"content":{"rendered":"<p>Bouddha en m\u00e9ditation Tha\u00eflande<\/p>\n<div class=\"spec-desc\">Mesure cm 20x11x27.5<\/div>\n<div>\n<div class=\"spec-item\">\n<div class=\"spec-desc\">Mat\u00e9riau Polyr\u00e9sine<\/div>\n<\/div>\n<div class=\"spec-item\">\n<div class=\"spec-value\">Poids gr 694<\/div>\n<\/div>\n<div class=\"spec-item\">\n<div class=\"spec-desc\">Couleur Blanc<\/div>\n<div>\n<p>Bouddha de style tha\u00eflandais avec mudra (geste de la main) de la m\u00e9ditation.<\/p>\n<p>Convient pour une utilisation en int\u00e9rieur et en ext\u00e9rieur.<\/p>\n<\/div>\n<\/div>\n<\/div>\n","protected":false},"excerpt":{"rendered":"<p>Bouddha en m\u00e9ditation Tha\u00eflande<\/p>\n<div class=\"spec-desc\">Mesure cm 20x11x27.5<\/div>\n<div>\n<div class=\"spec-item\">\n<div class=\"spec-desc\">Mat\u00e9riau Polyr\u00e9sine<\/div>\n<\/div>\n<div class=\"spec-item\">\n<div class=\"spec-value\">Poids gr 694<\/div>\n<\/div>\n<div class=\"spec-item\">\n<div class=\"spec-desc\">Couleur Blanc<\/div>\n<div>\n<p>Bouddha de style tha\u00eflandais avec mudra (geste de la main) de la m\u00e9ditation.<\/p>\n<p>Convient pour une utilisation en int\u00e9rieur et en ext\u00e9rieur.<\/p>\n<\/div>\n<\/div>\n<\/div>\n","protected":false},"featured_media":26438,"comment_status":"closed","ping_status":"closed","template":"","meta":[],"product_brand":[],"product_cat":[132,124],"product_tag":[],"class_list":{"0":"post-24142","1":"product","2":"type-product","3":"status-publish","4":"has-post-thumbnail","6":"product_cat-decoration","7":"product_cat-jardin-enchante","9":"first","10":"instock","11":"sale","12":"shipping-taxable","13":"purchasable","14":"product-type-simple"},"_links":{"self":[{"href":"https:\/\/mystikus.dsignpoint.com\/fr\/wp-json\/wp\/v2\/product\/24142","targetHints":{"allow":["GET"]}}],"collection":[{"href":"https:\/\/mystikus.dsignpoint.com\/fr\/wp-json\/wp\/v2\/product"}],"about":[{"href":"https:\/\/mystikus.dsignpoint.com\/fr\/wp-json\/wp\/v2\/types\/product"}],"replies":[{"embeddable":true,"href":"https:\/\/mystikus.dsignpoint.com\/fr\/wp-json\/wp\/v2\/comments?post=24142"}],"wp:featuredmedia":[{"embeddable":true,"href":"https:\/\/mystikus.dsignpoint.com\/fr\/wp-json\/wp\/v2\/media\/26438"}],"wp:attachment":[{"href":"https:\/\/mystikus.dsignpoint.com\/fr\/wp-json\/wp\/v2\/media?parent=24142"}],"wp:term":[{"taxonomy":"product_brand","embeddable":true,"href":"https:\/\/mystikus.dsignpoint.com\/fr\/wp-json\/wp\/v2\/product_brand?post=24142"},{"taxonomy":"product_cat","embeddable":true,"href":"https:\/\/mystikus.dsignpoint.com\/fr\/wp-json\/wp\/v2\/product_cat?post=24142"},{"taxonomy":"product_tag","embeddable":true,"href":"https:\/\/mystikus.dsignpoint.com\/fr\/wp-json\/wp\/v2\/product_tag?post=24142"}],"curies":[{"name":"wp","href":"https:\/\/api.w.org\/{rel}","templated":true}]}}