{"id":24157,"date":"2025-03-25T17:03:30","date_gmt":"2025-03-25T16:03:30","guid":{"rendered":"https:\/\/mystikus.dsignpoint.com\/producto\/bouddha-de-la-meditation-thailande\/"},"modified":"2025-03-25T17:03:30","modified_gmt":"2025-03-25T16:03:30","slug":"bouddha-de-la-meditation-thailande","status":"publish","type":"product","link":"https:\/\/mystikus.dsignpoint.com\/fr\/producto\/bouddha-de-la-meditation-thailande\/","title":{"rendered":"Bouddha de la m\u00e9ditation Tha\u00eflande"},"content":{"rendered":"<pre>Bouddha de la m\u00e9ditation Tha\u00eflande\nBouddha de style tha\u00eflandais avec le mudra (geste de la main) de la m\u00e9ditation.\nStatue peinte \u00e0 la main avec mosa\u00efque de miroir.<\/pre>\n<div class=\"spec-item\">\n<div class=\"spec-desc\">Mat\u00e9riau Polyr\u00e9sine<\/div>\n<\/div>\n<div class=\"spec-item\">\n<div class=\"spec-desc\">Mesure cm 18x11x29<\/div>\n<\/div>\n<div class=\"spec-item\">\n<div class=\"spec-desc\">Poids gr 960<\/div>\n<\/div>\n<div class=\"spec-item\">\n<div class=\"spec-desc\">Couleur Cr\u00e8me<\/div>\n<\/div>\n","protected":false},"excerpt":{"rendered":"<pre>Bouddha de la m\u00e9ditation Tha\u00eflande\nBouddha de style tha\u00eflandais avec le mudra (geste de la main) de la m\u00e9ditation.\nStatue peinte \u00e0 la main avec mosa\u00efque de miroir.<\/pre>\n<div class=\"spec-item\">\n<div class=\"spec-desc\">Mat\u00e9riau Polyr\u00e9sine<\/div>\n<\/div>\n<div class=\"spec-item\">\n<div class=\"spec-desc\">Mesure cm 18x11x29<\/div>\n<\/div>\n<div class=\"spec-item\">\n<div class=\"spec-desc\">Poids gr 960<\/div>\n<\/div>\n<div class=\"spec-item\">\n<div class=\"spec-desc\">Couleur Cr\u00e8me<\/div>\n<\/div>\n","protected":false},"featured_media":24158,"comment_status":"closed","ping_status":"closed","template":"","meta":[],"product_brand":[],"product_cat":[132,124],"product_tag":[],"class_list":{"0":"post-24157","1":"product","2":"type-product","3":"status-publish","4":"has-post-thumbnail","6":"product_cat-decoration","7":"product_cat-jardin-enchante","9":"first","10":"instock","11":"shipping-taxable","12":"purchasable","13":"product-type-simple"},"_links":{"self":[{"href":"https:\/\/mystikus.dsignpoint.com\/fr\/wp-json\/wp\/v2\/product\/24157","targetHints":{"allow":["GET"]}}],"collection":[{"href":"https:\/\/mystikus.dsignpoint.com\/fr\/wp-json\/wp\/v2\/product"}],"about":[{"href":"https:\/\/mystikus.dsignpoint.com\/fr\/wp-json\/wp\/v2\/types\/product"}],"replies":[{"embeddable":true,"href":"https:\/\/mystikus.dsignpoint.com\/fr\/wp-json\/wp\/v2\/comments?post=24157"}],"wp:featuredmedia":[{"embeddable":true,"href":"https:\/\/mystikus.dsignpoint.com\/fr\/wp-json\/wp\/v2\/media\/24158"}],"wp:attachment":[{"href":"https:\/\/mystikus.dsignpoint.com\/fr\/wp-json\/wp\/v2\/media?parent=24157"}],"wp:term":[{"taxonomy":"product_brand","embeddable":true,"href":"https:\/\/mystikus.dsignpoint.com\/fr\/wp-json\/wp\/v2\/product_brand?post=24157"},{"taxonomy":"product_cat","embeddable":true,"href":"https:\/\/mystikus.dsignpoint.com\/fr\/wp-json\/wp\/v2\/product_cat?post=24157"},{"taxonomy":"product_tag","embeddable":true,"href":"https:\/\/mystikus.dsignpoint.com\/fr\/wp-json\/wp\/v2\/product_tag?post=24157"}],"curies":[{"name":"wp","href":"https:\/\/api.w.org\/{rel}","templated":true}]}}