{"id":24159,"date":"2025-03-25T16:47:33","date_gmt":"2025-03-25T15:47:33","guid":{"rendered":"https:\/\/mystikus.dsignpoint.com\/producto\/briques-dencens-sauge-blanche-et-palo-santo\/"},"modified":"2025-03-25T16:47:33","modified_gmt":"2025-03-25T15:47:33","slug":"briques-dencens-sauge-blanche-et-palo-santo","status":"publish","type":"product","link":"https:\/\/mystikus.dsignpoint.com\/fr\/producto\/briques-dencens-sauge-blanche-et-palo-santo\/","title":{"rendered":"Briques d&rsquo;encens Sauge blanche et Palo Santo"},"content":{"rendered":"<p>Briques d&rsquo;encens Sauge blanche et Palo Santo<\/p>\n<div class=\"spec-desc\">Mesure cm \u00b12&#215;2<\/div>\n<div><\/div>\n<div>\n<p><strong>Briques d&rsquo;encens de Sauge Blanche et Palo Santo d&rsquo;Aromafume<\/strong><br \/>\nProfil olfactif : Purificateur, bois\u00e9 et citronn\u00e9.<br \/>\n<em>Neuf briques par bo\u00eete. <\/em><br \/>\nNotice d&rsquo;information incluse en anglais, n\u00e9erlandais, allemand, italien, fran\u00e7ais et espagnol.<\/p>\n<p><em><strong>Attention :<\/strong> Ne peut \u00eatre utilis\u00e9 qu&rsquo;en combinaison avec un Diffuseur d&rsquo;Encens Exotique. Ceux-ci sont sp\u00e9cialement con\u00e7us pour atteindre la temp\u00e9rature appropri\u00e9e pour la diffusion de l&rsquo;ar\u00f4me des Briques d&rsquo;Encens Aromafume et pour une utilisation s\u00fbre. Les autres appareils ne conviennent pas !  <\/em><\/p>\n<p><strong>Ingr\u00e9dients<\/strong><br \/>\nChaque brique d&rsquo;encens est enrichie de divers ingr\u00e9dients naturels, notamment des bois aromatiques, des fleurs exotiques, des \u00e9corces naturelles, des extraits d&rsquo;arbres, des r\u00e9sines, des feuilles et des fleurs. Les huiles de parfum utilis\u00e9es dans la production des briques d&rsquo;encens sont 100 % conformes \u00e0 l&rsquo;IFRA et sont toujours obtenues de mani\u00e8re responsable. (www.infraorg.org)<br \/>\nSans cendres | minimum de fum\u00e9e | non toxique | grand ar\u00f4me  <\/p>\n<p><strong>Comment utiliser le Diffuseur d&rsquo;Encens Exotique Aromafume et les briques d&rsquo;encens ?<\/strong><br \/>\nLe Diffuseur d&rsquo;Encens Exotique est sp\u00e9cialement con\u00e7u pour atteindre la temp\u00e9rature appropri\u00e9e pour la diffusion de l&rsquo;ar\u00f4me des Briques d&rsquo;Encens Aromafume. <strong>Les autres appareils ne conviennent pas !<\/strong><br \/>\n\u2013 Allumez la bougie. Placez-la dans le Diffuseur d&rsquo;Encens Exotique.<br \/>\n\u2013 Placez la brique d&rsquo;encens sur la plaque de cuivre.<br \/>\n\u2013 Laissez la bougie br\u00fbler pendant 45 \u00e0 60 minutes. Le diffuseur sera chaud, ne le touchez pas !<br \/>\n\u2013 \u00c9teignez la bougie et laissez l&rsquo;appareil et la brique refroidir.<br \/>\n\u2013 La brique d&rsquo;encens deviendra noire intense et dure lors de son utilisation, elle ne fondra pas.<br \/>\n\u2013 Jetez la brique usag\u00e9e avec les d\u00e9chets biod\u00e9gradables.<br \/>\n<strong>Qualit\u00e9s du Palo Santo (Bois sacr\u00e9)<\/strong><br \/>\nLes peuples indig\u00e8nes des Andes utilisent depuis des si\u00e8cles le Palo Santo pour se prot\u00e9ger de l&rsquo;\u00e9nergie n\u00e9gative. Lorsque ce bois sacr\u00e9 est br\u00fbl\u00e9, l&rsquo;\u00e9nergie n\u00e9gative est purifi\u00e9e, la paix et l&rsquo;harmonie sont restaur\u00e9es et la connexion avec la terre m\u00e8re est renforc\u00e9e. Selon la tradition, le Palo Santo a un effet naturel de soulagement de la douleur, du stress et de la relaxation. Le Palo Santo a un agr\u00e9able ar\u00f4me rafra\u00eechissant et \u00e9difiant. L&rsquo;ar\u00f4me de Palo Santo peut aider \u00e0 clarifier votre aura et\/ou \u00e0 promouvoir des sentiments positifs et de joie.    <\/p>\n<\/div>\n","protected":false},"excerpt":{"rendered":"<p>Briques d&rsquo;encens Sauge blanche et Palo Santo<\/p>\n<div class=\"spec-desc\">Mesure cm \u00b12&#215;2<\/div>\n<div><\/div>\n<div>\n<p><strong>Briques d&rsquo;encens de Sauge Blanche et Palo Santo d&rsquo;Aromafume<\/strong><br \/>\nProfil olfactif : Purificateur, bois\u00e9 et citronn\u00e9.<br \/>\n<em>Neuf briques par bo\u00eete. <\/em><br \/>\nNotice d&rsquo;information incluse en anglais, n\u00e9erlandais, allemand, italien, fran\u00e7ais et espagnol.<\/p>\n<p><em><strong>Attention :<\/strong> Ne peut \u00eatre utilis\u00e9 qu&rsquo;en combinaison avec un Diffuseur d&rsquo;Encens Exotique. Ceux-ci sont sp\u00e9cialement con\u00e7us pour atteindre la temp\u00e9rature appropri\u00e9e pour la diffusion de l&rsquo;ar\u00f4me des Briques d&rsquo;Encens Aromafume et pour une utilisation s\u00fbre. Les autres appareils ne conviennent pas !  <\/em><\/p>\n<p>&nbsp;<\/p>\n<\/div>\n","protected":false},"featured_media":207,"comment_status":"closed","ping_status":"closed","template":"","meta":[],"product_brand":[],"product_cat":[122,118],"product_tag":[],"class_list":{"0":"post-24159","1":"product","2":"type-product","3":"status-publish","4":"has-post-thumbnail","6":"product_cat-encens","7":"product_cat-encens-et-aromes","9":"first","10":"instock","11":"shipping-taxable","12":"purchasable","13":"product-type-simple"},"_links":{"self":[{"href":"https:\/\/mystikus.dsignpoint.com\/fr\/wp-json\/wp\/v2\/product\/24159","targetHints":{"allow":["GET"]}}],"collection":[{"href":"https:\/\/mystikus.dsignpoint.com\/fr\/wp-json\/wp\/v2\/product"}],"about":[{"href":"https:\/\/mystikus.dsignpoint.com\/fr\/wp-json\/wp\/v2\/types\/product"}],"replies":[{"embeddable":true,"href":"https:\/\/mystikus.dsignpoint.com\/fr\/wp-json\/wp\/v2\/comments?post=24159"}],"wp:featuredmedia":[{"embeddable":true,"href":"https:\/\/mystikus.dsignpoint.com\/fr\/wp-json\/wp\/v2\/media\/207"}],"wp:attachment":[{"href":"https:\/\/mystikus.dsignpoint.com\/fr\/wp-json\/wp\/v2\/media?parent=24159"}],"wp:term":[{"taxonomy":"product_brand","embeddable":true,"href":"https:\/\/mystikus.dsignpoint.com\/fr\/wp-json\/wp\/v2\/product_brand?post=24159"},{"taxonomy":"product_cat","embeddable":true,"href":"https:\/\/mystikus.dsignpoint.com\/fr\/wp-json\/wp\/v2\/product_cat?post=24159"},{"taxonomy":"product_tag","embeddable":true,"href":"https:\/\/mystikus.dsignpoint.com\/fr\/wp-json\/wp\/v2\/product_tag?post=24159"}],"curies":[{"name":"wp","href":"https:\/\/api.w.org\/{rel}","templated":true}]}}