{"id":24165,"date":"2025-03-25T16:28:49","date_gmt":"2025-03-25T15:28:49","guid":{"rendered":"https:\/\/mystikus.dsignpoint.com\/producto\/mala-bracelet-en-bois-de-santal-elastique\/"},"modified":"2025-03-25T16:28:49","modified_gmt":"2025-03-25T15:28:49","slug":"mala-bracelet-en-bois-de-santal-elastique","status":"publish","type":"product","link":"https:\/\/mystikus.dsignpoint.com\/fr\/producto\/mala-bracelet-en-bois-de-santal-elastique\/","title":{"rendered":"Mala\/bracelet en bois de santal \u2013 \u00e9lastique"},"content":{"rendered":"<pre>Mala\/bracelet en bois de santal - \u00e9lastique<\/pre>\n<p style=\"font-weight: 400;\">Mala \/ bracelet avec 21 perles en bois de santal<br \/>\nAvec cordon \u00e9lastique.<\/p>\n<p><b><strong>Caract\u00e9ristiques du produit<br \/>\nLe bois de santal<\/strong><\/b> est naturellement parfum\u00e9 et extraordinairement doux. Le bois de santal a toujours \u00e9t\u00e9 consid\u00e9r\u00e9 comme l&rsquo;une des substances les plus pures et est appr\u00e9ci\u00e9 pour ses propri\u00e9t\u00e9s rafra\u00eechissantes et sa valeur m\u00e9dicinale.<br \/>\nOn pense qu&rsquo;il apporte la tranquillit\u00e9 pendant la m\u00e9ditation.<br \/>\nOn suppose que le fait de faire tourner les perles de bois de santal pendant les pri\u00e8res a des propri\u00e9t\u00e9s th\u00e9rapeutiques qui am\u00e9liorent le calme et g\u00e9n\u00e8rent un \u00e9tat d&rsquo;esprit positif. <\/p>\n<p style=\"font-weight: 400;\"><b><strong>Mala<\/strong><\/b><br \/>\nUn mala est \u00e0 l&rsquo;origine un outil hindouiste et bouddhiste pour la pri\u00e8re et la m\u00e9ditation. Il est utilis\u00e9 pour compter les mantras pendant la m\u00e9ditation. Un mantra est une collection de mots, souvent du sanskrit, qui est r\u00e9p\u00e9t\u00e9e plusieurs fois, traditionnellement 108 fois. Pendant que vous le r\u00e9p\u00e9tez, vous vous concentrez sur la signification et la vibration des mots, \u00e9ventuellement combin\u00e9es \u00e0 la visualisation qui l&rsquo;accompagne. En vous entra\u00eenant \u00e0 une pratique de m\u00e9ditation comme celle-ci, vos pens\u00e9es se reposent et votre corps se d\u00e9tend. Aujourd&rsquo;hui, un mala est \u00e9galement utilis\u00e9 comme accessoire de mode.     <\/p>\n<p style=\"font-weight: 400;\"><b><strong>Pourquoi 108 ?<\/strong><\/b><b><strong><br \/>\n<\/strong><\/b>Les malas ont 108 perles car ce nombre a une grande signification scientifique dans les traditions hindoues et bouddhistes. La circonf\u00e9rence du soleil multipli\u00e9e par 108 est la distance entre le soleil et la Terre, et il en va de m\u00eame pour la lune et la Terre. De plus, il existe 108 nadis ou canaux d&rsquo;\u00e9nergie dans le corps. Il y a 54 lettres sanskrites, \u00e0 la fois masculines et f\u00e9minines, pour un total de 108. Il y a 108 Puranas et 108 Upanishads. La liste est encore longue !! Ce m\u00eame nombre sacr\u00e9 est donc utilis\u00e9 dans les malas.      <\/p>\n<p style=\"font-weight: 400;\">\n","protected":false},"excerpt":{"rendered":"<pre>Mala\/bracelet en bois de santal - \u00e9lastique<\/pre>\n<p style=\"font-weight: 400;\">Mala \/ bracelet avec 21 perles en bois de santal<br \/>\nAvec cordon \u00e9lastique.<\/p>\n<p><b><strong>Caract\u00e9ristiques du produit<br \/>\nLe bois de santal<\/strong><\/b> est naturellement parfum\u00e9 et extraordinairement doux. Le bois de santal a toujours \u00e9t\u00e9 consid\u00e9r\u00e9 comme l&rsquo;une des substances les plus pures et est appr\u00e9ci\u00e9 pour ses propri\u00e9t\u00e9s rafra\u00eechissantes et sa valeur m\u00e9dicinale.<br \/>\nOn pense qu&rsquo;il apporte la tranquillit\u00e9 pendant la m\u00e9ditation.<br \/>\nOn suppose que le fait de faire tourner les perles de bois de santal pendant les pri\u00e8res a des propri\u00e9t\u00e9s th\u00e9rapeutiques qui am\u00e9liorent le calme et g\u00e9n\u00e8rent un \u00e9tat d&rsquo;esprit positif. <\/p>\n<p style=\"font-weight: 400;\"><b><strong>Mala<\/strong><\/b><br \/>\nUn mala est \u00e0 l&rsquo;origine un outil hindouiste et bouddhiste pour la pri\u00e8re et la m\u00e9ditation. Il est utilis\u00e9 pour compter les mantras pendant la m\u00e9ditation. Un mantra est une collection de mots, souvent du sanskrit, qui est r\u00e9p\u00e9t\u00e9e plusieurs fois, traditionnellement 108 fois. Pendant que vous le r\u00e9p\u00e9tez, vous vous concentrez sur la signification et la vibration des mots, \u00e9ventuellement combin\u00e9es \u00e0 la visualisation qui l&rsquo;accompagne. En vous entra\u00eenant \u00e0 une pratique de m\u00e9ditation comme celle-ci, vos pens\u00e9es se reposent et votre corps se d\u00e9tend. Aujourd&rsquo;hui, un mala est \u00e9galement utilis\u00e9 comme accessoire de mode.     <\/p>\n<p style=\"font-weight: 400;\"><b><strong>Pourquoi 108 ?<\/strong><\/b><b><strong><br \/>\n<\/strong><\/b>Les malas ont 108 perles car ce nombre a une grande signification scientifique dans les traditions hindoues et bouddhistes. La circonf\u00e9rence du soleil multipli\u00e9e par 108 est la distance entre le soleil et la Terre, et il en va de m\u00eame pour la lune et la Terre. De plus, il existe 108 nadis ou canaux d&rsquo;\u00e9nergie dans le corps. Il y a 54 lettres sanskrites, \u00e0 la fois masculines et f\u00e9minines, pour un total de 108. Il y a 108 Puranas et 108 Upanishads. La liste est encore longue !! Ce m\u00eame nombre sacr\u00e9 est donc utilis\u00e9 dans les malas.      <\/p>\n","protected":false},"featured_media":198,"comment_status":"closed","ping_status":"closed","template":"","meta":[],"product_brand":[],"product_cat":[134,106],"product_tag":[],"class_list":{"0":"post-24165","1":"product","2":"type-product","3":"status-publish","4":"has-post-thumbnail","6":"product_cat-bracelets","7":"product_cat-mineraux-et-bijoux","9":"first","10":"instock","11":"shipping-taxable","12":"purchasable","13":"product-type-simple"},"_links":{"self":[{"href":"https:\/\/mystikus.dsignpoint.com\/fr\/wp-json\/wp\/v2\/product\/24165","targetHints":{"allow":["GET"]}}],"collection":[{"href":"https:\/\/mystikus.dsignpoint.com\/fr\/wp-json\/wp\/v2\/product"}],"about":[{"href":"https:\/\/mystikus.dsignpoint.com\/fr\/wp-json\/wp\/v2\/types\/product"}],"replies":[{"embeddable":true,"href":"https:\/\/mystikus.dsignpoint.com\/fr\/wp-json\/wp\/v2\/comments?post=24165"}],"wp:featuredmedia":[{"embeddable":true,"href":"https:\/\/mystikus.dsignpoint.com\/fr\/wp-json\/wp\/v2\/media\/198"}],"wp:attachment":[{"href":"https:\/\/mystikus.dsignpoint.com\/fr\/wp-json\/wp\/v2\/media?parent=24165"}],"wp:term":[{"taxonomy":"product_brand","embeddable":true,"href":"https:\/\/mystikus.dsignpoint.com\/fr\/wp-json\/wp\/v2\/product_brand?post=24165"},{"taxonomy":"product_cat","embeddable":true,"href":"https:\/\/mystikus.dsignpoint.com\/fr\/wp-json\/wp\/v2\/product_cat?post=24165"},{"taxonomy":"product_tag","embeddable":true,"href":"https:\/\/mystikus.dsignpoint.com\/fr\/wp-json\/wp\/v2\/product_tag?post=24165"}],"curies":[{"name":"wp","href":"https:\/\/api.w.org\/{rel}","templated":true}]}}