{"id":24187,"date":"2025-03-25T16:21:49","date_gmt":"2025-03-25T15:21:49","guid":{"rendered":"https:\/\/mystikus.dsignpoint.com\/producto\/tourmaline-noire-brute\/"},"modified":"2025-03-25T16:21:49","modified_gmt":"2025-03-25T15:21:49","slug":"tourmaline-noire-brute","status":"publish","type":"product","link":"https:\/\/mystikus.dsignpoint.com\/fr\/producto\/tourmaline-noire-brute\/","title":{"rendered":"Tourmaline noire brute"},"content":{"rendered":"<pre>Tourmaline noire brute<\/pre>\n<div class=\"spec-desc\">Mesure cm \u00b11.5-3.5<\/div>\n<div>\n<p><strong>La tourmaline<\/strong> aide \u00e0 se purifier et \u00e0 se sentir enracin\u00e9 dans la Terre, et prot\u00e8ge contre les \u00e9nergies n\u00e9gatives et les radiations.<br \/>\n Elle peut \u00eatre utilis\u00e9e, par exemple, lors de s\u00e9ances de gu\u00e9rison ou comme d\u00e9coration, ou \u00eatre plac\u00e9e pr\u00e8s d\u2019un ordinateur ou d\u2019un t\u00e9l\u00e9viseur ou sur un autel.*<br \/>\n<em>Il s\u2019agit d\u2019un produit naturel, la couleur, la forme et la taille peuvent donc varier et diff\u00e9rer de l\u2019image pr\u00e9sent\u00e9e.<\/em><\/p>\n<p><em>*Les caract\u00e9ristiques de toutes les pierres et de tous les min\u00e9raux de notre site ne sont pas scientifiquement prouv\u00e9es&nbsp;; elles sont bas\u00e9es sur les exp\u00e9riences d\u2019utilisateurs et de th\u00e9rapeutes de pierres semi-pr\u00e9cieuses. Les propri\u00e9t\u00e9s curatives indiqu\u00e9es ne sont en aucun cas destin\u00e9es \u00e0 remplacer le diagnostic ou le traitement d\u2019un th\u00e9rapeute ou d\u2019un m\u00e9decin qualifi\u00e9. En cas de doute sur votre sant\u00e9, consultez un m\u00e9decin.  <\/em><\/p>\n<\/div>\n","protected":false},"excerpt":{"rendered":"<pre>Tourmaline noire brute<\/pre>\n<div class=\"spec-desc\">Mesure cm \u00b11.5-3.5<\/div>\n<div>\n<p><strong>La tourmaline<\/strong> aide \u00e0 se purifier et \u00e0 se sentir enracin\u00e9 dans la Terre, et prot\u00e8ge contre les \u00e9nergies n\u00e9gatives et les radiations.<br \/>\n Elle peut \u00eatre utilis\u00e9e, par exemple, lors de s\u00e9ances de gu\u00e9rison ou comme d\u00e9coration, ou \u00eatre plac\u00e9e pr\u00e8s d\u2019un ordinateur ou d\u2019un t\u00e9l\u00e9viseur ou sur un autel.*<br \/>\n<em>Il s\u2019agit d\u2019un produit naturel, la couleur, la forme et la taille peuvent donc varier et diff\u00e9rer de l\u2019image pr\u00e9sent\u00e9e.<\/em><\/p>\n<p><em>*Les caract\u00e9ristiques de toutes les pierres et de tous les min\u00e9raux de notre site ne sont pas scientifiquement prouv\u00e9es&nbsp;; elles sont bas\u00e9es sur les exp\u00e9riences d\u2019utilisateurs et de th\u00e9rapeutes de pierres semi-pr\u00e9cieuses. Les propri\u00e9t\u00e9s curatives indiqu\u00e9es ne sont en aucun cas destin\u00e9es \u00e0 remplacer le diagnostic ou le traitement d\u2019un th\u00e9rapeute ou d\u2019un m\u00e9decin qualifi\u00e9. En cas de doute sur votre sant\u00e9, consultez un m\u00e9decin.  <\/em><\/p>\n<\/div>\n","protected":false},"featured_media":196,"comment_status":"closed","ping_status":"closed","template":"","meta":[],"product_brand":[],"product_cat":[141,109,106],"product_tag":[],"class_list":{"0":"post-24187","1":"product","2":"type-product","3":"status-publish","4":"has-post-thumbnail","6":"product_cat-bruts","7":"product_cat-mineraux","8":"product_cat-mineraux-et-bijoux","10":"first","11":"instock","12":"shipping-taxable","13":"purchasable","14":"product-type-simple"},"_links":{"self":[{"href":"https:\/\/mystikus.dsignpoint.com\/fr\/wp-json\/wp\/v2\/product\/24187","targetHints":{"allow":["GET"]}}],"collection":[{"href":"https:\/\/mystikus.dsignpoint.com\/fr\/wp-json\/wp\/v2\/product"}],"about":[{"href":"https:\/\/mystikus.dsignpoint.com\/fr\/wp-json\/wp\/v2\/types\/product"}],"replies":[{"embeddable":true,"href":"https:\/\/mystikus.dsignpoint.com\/fr\/wp-json\/wp\/v2\/comments?post=24187"}],"wp:featuredmedia":[{"embeddable":true,"href":"https:\/\/mystikus.dsignpoint.com\/fr\/wp-json\/wp\/v2\/media\/196"}],"wp:attachment":[{"href":"https:\/\/mystikus.dsignpoint.com\/fr\/wp-json\/wp\/v2\/media?parent=24187"}],"wp:term":[{"taxonomy":"product_brand","embeddable":true,"href":"https:\/\/mystikus.dsignpoint.com\/fr\/wp-json\/wp\/v2\/product_brand?post=24187"},{"taxonomy":"product_cat","embeddable":true,"href":"https:\/\/mystikus.dsignpoint.com\/fr\/wp-json\/wp\/v2\/product_cat?post=24187"},{"taxonomy":"product_tag","embeddable":true,"href":"https:\/\/mystikus.dsignpoint.com\/fr\/wp-json\/wp\/v2\/product_tag?post=24187"}],"curies":[{"name":"wp","href":"https:\/\/api.w.org\/{rel}","templated":true}]}}