{"id":24196,"date":"2025-03-25T16:15:36","date_gmt":"2025-03-25T15:15:36","guid":{"rendered":"https:\/\/mystikus.dsignpoint.com\/producto\/pierres-damazonite-polies\/"},"modified":"2025-03-25T16:15:36","modified_gmt":"2025-03-25T15:15:36","slug":"pierres-damazonite-polies","status":"publish","type":"product","link":"https:\/\/mystikus.dsignpoint.com\/fr\/producto\/pierres-damazonite-polies\/","title":{"rendered":"Pierres d&rsquo;amazonite polies"},"content":{"rendered":"<pre>Pierres d'amazonite polies<\/pre>\n<div class=\"spec-desc\">Mesure cm \u00b12-4<\/div>\n<div>\n<p><strong>L&rsquo;Amazonite<\/strong> du Br\u00e9sil, un puissant protecteur contre l&rsquo;\u00e9nergie n\u00e9gative et le rayonnement \u00e9lectromagn\u00e9tique. Elle apporte un \u00e9quilibre entre les pens\u00e9es et la sagesse intuitive.*<br \/>\n<em><strong>Remarque :<\/strong> Ceci est un produit naturel, par cons\u00e9quent, la taille, la couleur et la forme varient et peuvent diff\u00e9rer de l&rsquo;image montr\u00e9e.<\/em><\/p>\n<p><em>*Les caract\u00e9ristiques de toutes les pierres min\u00e9rales sur notre site web ne sont pas scientifiquement prouv\u00e9es ; elles sont bas\u00e9es sur les exp\u00e9riences des utilisateurs et des th\u00e9rapeutes de pierres pr\u00e9cieuses. Les propri\u00e9t\u00e9s curatives d\u00e9crites ne sont en aucun cas destin\u00e9es \u00e0 remplacer le diagnostic ou le traitement par un th\u00e9rapeute ou un m\u00e9decin qualifi\u00e9. Si vous avez des doutes sur votre sant\u00e9, consultez un m\u00e9decin.  <\/em><\/p>\n<\/div>\n","protected":false},"excerpt":{"rendered":"<pre>Pierres d'amazonite polies<\/pre>\n<div class=\"spec-desc\">Mesure cm \u00b12-4<\/div>\n<div>\n<p><strong>L&rsquo;Amazonite<\/strong> du Br\u00e9sil, un puissant protecteur contre l&rsquo;\u00e9nergie n\u00e9gative et le rayonnement \u00e9lectromagn\u00e9tique. Elle apporte un \u00e9quilibre entre les pens\u00e9es et la sagesse intuitive.*<br \/>\n<em><strong>Remarque :<\/strong> Ceci est un produit naturel, par cons\u00e9quent, la taille, la couleur et la forme varient et peuvent diff\u00e9rer de l&rsquo;image montr\u00e9e.<\/em><\/p>\n<p><em>*Les caract\u00e9ristiques de toutes les pierres min\u00e9rales sur notre site web ne sont pas scientifiquement prouv\u00e9es ; elles sont bas\u00e9es sur les exp\u00e9riences des utilisateurs et des th\u00e9rapeutes de pierres pr\u00e9cieuses. Les propri\u00e9t\u00e9s curatives d\u00e9crites ne sont en aucun cas destin\u00e9es \u00e0 remplacer le diagnostic ou le traitement par un th\u00e9rapeute ou un m\u00e9decin qualifi\u00e9. Si vous avez des doutes sur votre sant\u00e9, consultez un m\u00e9decin.  <\/em><\/p>\n<\/div>\n","protected":false},"featured_media":191,"comment_status":"closed","ping_status":"closed","template":"","meta":[],"product_brand":[],"product_cat":[110,109,106],"product_tag":[],"class_list":{"0":"post-24196","1":"product","2":"type-product","3":"status-publish","4":"has-post-thumbnail","6":"product_cat-galets","7":"product_cat-mineraux","8":"product_cat-mineraux-et-bijoux","10":"first","11":"instock","12":"shipping-taxable","13":"purchasable","14":"product-type-simple"},"_links":{"self":[{"href":"https:\/\/mystikus.dsignpoint.com\/fr\/wp-json\/wp\/v2\/product\/24196","targetHints":{"allow":["GET"]}}],"collection":[{"href":"https:\/\/mystikus.dsignpoint.com\/fr\/wp-json\/wp\/v2\/product"}],"about":[{"href":"https:\/\/mystikus.dsignpoint.com\/fr\/wp-json\/wp\/v2\/types\/product"}],"replies":[{"embeddable":true,"href":"https:\/\/mystikus.dsignpoint.com\/fr\/wp-json\/wp\/v2\/comments?post=24196"}],"wp:featuredmedia":[{"embeddable":true,"href":"https:\/\/mystikus.dsignpoint.com\/fr\/wp-json\/wp\/v2\/media\/191"}],"wp:attachment":[{"href":"https:\/\/mystikus.dsignpoint.com\/fr\/wp-json\/wp\/v2\/media?parent=24196"}],"wp:term":[{"taxonomy":"product_brand","embeddable":true,"href":"https:\/\/mystikus.dsignpoint.com\/fr\/wp-json\/wp\/v2\/product_brand?post=24196"},{"taxonomy":"product_cat","embeddable":true,"href":"https:\/\/mystikus.dsignpoint.com\/fr\/wp-json\/wp\/v2\/product_cat?post=24196"},{"taxonomy":"product_tag","embeddable":true,"href":"https:\/\/mystikus.dsignpoint.com\/fr\/wp-json\/wp\/v2\/product_tag?post=24196"}],"curies":[{"name":"wp","href":"https:\/\/api.w.org\/{rel}","templated":true}]}}