{"id":24207,"date":"2025-03-25T16:18:56","date_gmt":"2025-03-25T15:18:56","guid":{"rendered":"https:\/\/mystikus.dsignpoint.com\/producto\/pierres-de-pyrite-polies\/"},"modified":"2025-03-25T16:18:56","modified_gmt":"2025-03-25T15:18:56","slug":"pierres-de-pyrite-polies","status":"publish","type":"product","link":"https:\/\/mystikus.dsignpoint.com\/fr\/producto\/pierres-de-pyrite-polies\/","title":{"rendered":"Pierres de pyrite polies"},"content":{"rendered":"<pre>Pierres de pyrite polies<\/pre>\n<div class=\"spec-desc\">Mesure cm \u00b11.5-3.5<\/div>\n<div>\n<p><strong>La pyrite<\/strong> repr\u00e9sente la richesse, l&rsquo;argent, l&rsquo;abondance et la prosp\u00e9rit\u00e9. C&rsquo;est une excellente pierre pour attirer l&rsquo;\u00e9nergie positive dans les affaires, simplement en pla\u00e7ant une pyrite sur le bureau, le lieu de travail ou le bureau. La pyrite renforce l&rsquo;esprit en stimulant la dext\u00e9rit\u00e9 mentale, l&rsquo;intellect et la m\u00e9moire. Elle stimule \u00e9galement les niveaux d&rsquo;\u00e9nergie, de vitalit\u00e9, de motivation et de pers\u00e9v\u00e9rance.*   <\/p>\n<p><em>Ceci est un produit naturel, la couleur, la forme et la taille peuvent donc varier et diff\u00e9rer de l&rsquo;image montr\u00e9e.<\/em><\/p>\n<p><em>* Les caract\u00e9ristiques de toutes les pierres min\u00e9rales de notre site web ne sont pas scientifiquement prouv\u00e9es ; elles sont bas\u00e9es sur les exp\u00e9riences des utilisateurs et des th\u00e9rapeutes des pierres pr\u00e9cieuses. Les propri\u00e9t\u00e9s curatives d\u00e9crites ne sont en aucun cas destin\u00e9es \u00e0 remplacer le diagnostic ou le traitement d&rsquo;un th\u00e9rapeute ou d&rsquo;un m\u00e9decin qualifi\u00e9. En cas de doute sur votre sant\u00e9, consultez un m\u00e9decin.  <\/em><\/p>\n<\/div>\n","protected":false},"excerpt":{"rendered":"<pre>Pierres de pyrite polies<\/pre>\n<div class=\"spec-desc\">Mesure cm \u00b11.5-3.5<\/div>\n<div>\n<p><strong>La pyrite<\/strong> repr\u00e9sente la richesse, l&rsquo;argent, l&rsquo;abondance et la prosp\u00e9rit\u00e9. C&rsquo;est une excellente pierre pour attirer l&rsquo;\u00e9nergie positive dans les affaires, simplement en pla\u00e7ant une pyrite sur le bureau, le lieu de travail ou le bureau. La pyrite renforce l&rsquo;esprit en stimulant la dext\u00e9rit\u00e9 mentale, l&rsquo;intellect et la m\u00e9moire. Elle stimule \u00e9galement les niveaux d&rsquo;\u00e9nergie, de vitalit\u00e9, de motivation et de pers\u00e9v\u00e9rance.*   <\/p>\n<p><em>Ceci est un produit naturel, la couleur, la forme et la taille peuvent donc varier et diff\u00e9rer de l&rsquo;image montr\u00e9e.<\/em><\/p>\n<p><em>* Les caract\u00e9ristiques de toutes les pierres min\u00e9rales de notre site web ne sont pas scientifiquement prouv\u00e9es ; elles sont bas\u00e9es sur les exp\u00e9riences des utilisateurs et des th\u00e9rapeutes des pierres pr\u00e9cieuses. Les propri\u00e9t\u00e9s curatives d\u00e9crites ne sont en aucun cas destin\u00e9es \u00e0 remplacer le diagnostic ou le traitement d&rsquo;un th\u00e9rapeute ou d&rsquo;un m\u00e9decin qualifi\u00e9. En cas de doute sur votre sant\u00e9, consultez un m\u00e9decin.  <\/em><\/p>\n<\/div>\n","protected":false},"featured_media":194,"comment_status":"closed","ping_status":"closed","template":"","meta":[],"product_brand":[],"product_cat":[110,109,106],"product_tag":[],"class_list":{"0":"post-24207","1":"product","2":"type-product","3":"status-publish","4":"has-post-thumbnail","6":"product_cat-galets","7":"product_cat-mineraux","8":"product_cat-mineraux-et-bijoux","10":"first","11":"instock","12":"shipping-taxable","13":"purchasable","14":"product-type-simple"},"_links":{"self":[{"href":"https:\/\/mystikus.dsignpoint.com\/fr\/wp-json\/wp\/v2\/product\/24207","targetHints":{"allow":["GET"]}}],"collection":[{"href":"https:\/\/mystikus.dsignpoint.com\/fr\/wp-json\/wp\/v2\/product"}],"about":[{"href":"https:\/\/mystikus.dsignpoint.com\/fr\/wp-json\/wp\/v2\/types\/product"}],"replies":[{"embeddable":true,"href":"https:\/\/mystikus.dsignpoint.com\/fr\/wp-json\/wp\/v2\/comments?post=24207"}],"wp:featuredmedia":[{"embeddable":true,"href":"https:\/\/mystikus.dsignpoint.com\/fr\/wp-json\/wp\/v2\/media\/194"}],"wp:attachment":[{"href":"https:\/\/mystikus.dsignpoint.com\/fr\/wp-json\/wp\/v2\/media?parent=24207"}],"wp:term":[{"taxonomy":"product_brand","embeddable":true,"href":"https:\/\/mystikus.dsignpoint.com\/fr\/wp-json\/wp\/v2\/product_brand?post=24207"},{"taxonomy":"product_cat","embeddable":true,"href":"https:\/\/mystikus.dsignpoint.com\/fr\/wp-json\/wp\/v2\/product_cat?post=24207"},{"taxonomy":"product_tag","embeddable":true,"href":"https:\/\/mystikus.dsignpoint.com\/fr\/wp-json\/wp\/v2\/product_tag?post=24207"}],"curies":[{"name":"wp","href":"https:\/\/api.w.org\/{rel}","templated":true}]}}