{"id":24210,"date":"2025-03-25T16:12:14","date_gmt":"2025-03-25T15:12:14","guid":{"rendered":"https:\/\/mystikus.dsignpoint.com\/producto\/pierres-donyx-noir-polies\/"},"modified":"2025-03-25T16:12:14","modified_gmt":"2025-03-25T15:12:14","slug":"pierres-donyx-noir-polies","status":"publish","type":"product","link":"https:\/\/mystikus.dsignpoint.com\/fr\/producto\/pierres-donyx-noir-polies\/","title":{"rendered":"Pierres d&rsquo;onyx noir polies"},"content":{"rendered":"<p>Pierres d&rsquo;onyx noir polies<\/p>\n<div class=\"spec-desc\">Mesure cm \u00b13-8<\/div>\n<div>\n<p>Caract\u00e9ristiques de l&rsquo;<strong>Onyx Noir<\/strong>&nbsp;: centre et aligne ses \u00e9nergies, donne de la force et augmente la r\u00e9sistance. L&rsquo;onyx noir est une pierre puissante pour faciliter la gu\u00e9rison d&rsquo;anciennes peines et de douleurs.*<br \/>\n<em><br \/>\nCeci est un produit naturel, la couleur, la forme et la taille peuvent donc varier et diff\u00e9rer de l&rsquo;image montr\u00e9e.<\/em><br \/>\n<em>*Les caract\u00e9ristiques de toutes les pierres min\u00e9rales sur notre site web ne sont pas scientifiquement prouv\u00e9es ; elles sont bas\u00e9es sur les exp\u00e9riences des utilisateurs et des th\u00e9rapeutes de pierres pr\u00e9cieuses. Les propri\u00e9t\u00e9s curatives d\u00e9crites ne sont en aucun cas destin\u00e9es \u00e0 remplacer le diagnostic ou le traitement par un th\u00e9rapeute ou un m\u00e9decin qualifi\u00e9. Si vous avez des doutes sur votre sant\u00e9, consultez un m\u00e9decin.  <\/em><\/p>\n<\/div>\n","protected":false},"excerpt":{"rendered":"<p>Pierres d&rsquo;onyx noir polies<\/p>\n<div class=\"spec-desc\">Mesure cm \u00b13-8<\/div>\n<div>\n<p>Caract\u00e9ristiques de l&rsquo;<strong>Onyx Noir<\/strong>&nbsp;: centre et aligne ses \u00e9nergies, donne de la force et augmente la r\u00e9sistance. L&rsquo;onyx noir est une pierre puissante pour faciliter la gu\u00e9rison d&rsquo;anciennes peines et de douleurs.*<br \/>\n<em><br \/>\nCeci est un produit naturel, la couleur, la forme et la taille peuvent donc varier et diff\u00e9rer de l&rsquo;image montr\u00e9e.<\/em><br \/>\n<em>*Les caract\u00e9ristiques de toutes les pierres min\u00e9rales sur notre site web ne sont pas scientifiquement prouv\u00e9es ; elles sont bas\u00e9es sur les exp\u00e9riences des utilisateurs et des th\u00e9rapeutes de pierres pr\u00e9cieuses. Les propri\u00e9t\u00e9s curatives d\u00e9crites ne sont en aucun cas destin\u00e9es \u00e0 remplacer le diagnostic ou le traitement par un th\u00e9rapeute ou un m\u00e9decin qualifi\u00e9. Si vous avez des doutes sur votre sant\u00e9, consultez un m\u00e9decin.  <\/em><\/p>\n<\/div>\n","protected":false},"featured_media":189,"comment_status":"closed","ping_status":"closed","template":"","meta":[],"product_brand":[],"product_cat":[110,109,106],"product_tag":[],"class_list":{"0":"post-24210","1":"product","2":"type-product","3":"status-publish","4":"has-post-thumbnail","6":"product_cat-galets","7":"product_cat-mineraux","8":"product_cat-mineraux-et-bijoux","10":"first","11":"instock","12":"shipping-taxable","13":"purchasable","14":"product-type-simple"},"_links":{"self":[{"href":"https:\/\/mystikus.dsignpoint.com\/fr\/wp-json\/wp\/v2\/product\/24210","targetHints":{"allow":["GET"]}}],"collection":[{"href":"https:\/\/mystikus.dsignpoint.com\/fr\/wp-json\/wp\/v2\/product"}],"about":[{"href":"https:\/\/mystikus.dsignpoint.com\/fr\/wp-json\/wp\/v2\/types\/product"}],"replies":[{"embeddable":true,"href":"https:\/\/mystikus.dsignpoint.com\/fr\/wp-json\/wp\/v2\/comments?post=24210"}],"wp:featuredmedia":[{"embeddable":true,"href":"https:\/\/mystikus.dsignpoint.com\/fr\/wp-json\/wp\/v2\/media\/189"}],"wp:attachment":[{"href":"https:\/\/mystikus.dsignpoint.com\/fr\/wp-json\/wp\/v2\/media?parent=24210"}],"wp:term":[{"taxonomy":"product_brand","embeddable":true,"href":"https:\/\/mystikus.dsignpoint.com\/fr\/wp-json\/wp\/v2\/product_brand?post=24210"},{"taxonomy":"product_cat","embeddable":true,"href":"https:\/\/mystikus.dsignpoint.com\/fr\/wp-json\/wp\/v2\/product_cat?post=24210"},{"taxonomy":"product_tag","embeddable":true,"href":"https:\/\/mystikus.dsignpoint.com\/fr\/wp-json\/wp\/v2\/product_tag?post=24210"}],"curies":[{"name":"wp","href":"https:\/\/api.w.org\/{rel}","templated":true}]}}