{"id":24224,"date":"2025-03-25T16:07:39","date_gmt":"2025-03-25T15:07:39","guid":{"rendered":"https:\/\/mystikus.dsignpoint.com\/producto\/pierres-de-grenat-polies\/"},"modified":"2025-03-25T16:07:39","modified_gmt":"2025-03-25T15:07:39","slug":"pierres-de-grenat-polies","status":"publish","type":"product","link":"https:\/\/mystikus.dsignpoint.com\/fr\/producto\/pierres-de-grenat-polies\/","title":{"rendered":"Pierres de grenat polies"},"content":{"rendered":"<p>Pierres de grenat polies<\/p>\n<div class=\"spec-desc\">Mesure cm \u00b15-8<\/div>\n<div>\n<p><strong>Caract\u00e9ristiques du grenat :<\/strong> Une pierre d&rsquo;amour et de compassion. Elle fortifie et purifie, \u00e9quilibre le champ \u00e9nerg\u00e9tique du corps et augmente l&rsquo;imagination. La manifestation naturelle du grenat et sa capacit\u00e9 de connexion \u00e0 la terre en font une v\u00e9ritable pierre de pouvoir. Elle est l\u00e0 pour vous inciter \u00e0 prendre le contr\u00f4le du chemin de votre vie et de votre \u00e9volution spirituelle.*<br \/>\n<em>Il s&rsquo;agit d&rsquo;un produit naturel, la couleur, la forme et la taille peuvent donc varier et diff\u00e9rer de l&rsquo;image pr\u00e9sent\u00e9e.<\/em><\/p>\n<p><em>*Les caract\u00e9ristiques de toutes les pierres min\u00e9rales sur notre site web ne sont pas scientifiquement prouv\u00e9es ; elles sont bas\u00e9es sur les exp\u00e9riences des utilisateurs et des th\u00e9rapeutes de pierres pr\u00e9cieuses. Les propri\u00e9t\u00e9s curatives d\u00e9crites ne sont pas destin\u00e9es \u00e0 remplacer le diagnostic ou le traitement d&rsquo;un th\u00e9rapeute ou d&rsquo;un m\u00e9decin qualifi\u00e9. Si vous avez des doutes sur votre sant\u00e9, consultez un m\u00e9decin.  <\/em><\/p>\n<\/div>\n","protected":false},"excerpt":{"rendered":"<p>Pierres de grenat polies<\/p>\n<div class=\"spec-desc\">Mesure cm \u00b15-8<\/div>\n<div>\n<p><strong>Caract\u00e9ristiques du grenat :<\/strong> Une pierre d&rsquo;amour et de compassion. Elle fortifie et purifie, \u00e9quilibre le champ \u00e9nerg\u00e9tique du corps et augmente l&rsquo;imagination. La manifestation naturelle du grenat et sa capacit\u00e9 de connexion \u00e0 la terre en font une v\u00e9ritable pierre de pouvoir. Elle est l\u00e0 pour vous inciter \u00e0 prendre le contr\u00f4le du chemin de votre vie et de votre \u00e9volution spirituelle.*<br \/>\n<em>Il s&rsquo;agit d&rsquo;un produit naturel, la couleur, la forme et la taille peuvent donc varier et diff\u00e9rer de l&rsquo;image pr\u00e9sent\u00e9e.<\/em><\/p>\n<p><em>*Les caract\u00e9ristiques de toutes les pierres min\u00e9rales sur notre site web ne sont pas scientifiquement prouv\u00e9es ; elles sont bas\u00e9es sur les exp\u00e9riences des utilisateurs et des th\u00e9rapeutes de pierres pr\u00e9cieuses. Les propri\u00e9t\u00e9s curatives d\u00e9crites ne sont pas destin\u00e9es \u00e0 remplacer le diagnostic ou le traitement d&rsquo;un th\u00e9rapeute ou d&rsquo;un m\u00e9decin qualifi\u00e9. Si vous avez des doutes sur votre sant\u00e9, consultez un m\u00e9decin.  <\/em><\/p>\n<\/div>\n","protected":false},"featured_media":187,"comment_status":"closed","ping_status":"closed","template":"","meta":[],"product_brand":[],"product_cat":[110,109,106],"product_tag":[],"class_list":{"0":"post-24224","1":"product","2":"type-product","3":"status-publish","4":"has-post-thumbnail","6":"product_cat-galets","7":"product_cat-mineraux","8":"product_cat-mineraux-et-bijoux","10":"first","11":"instock","12":"shipping-taxable","13":"purchasable","14":"product-type-simple"},"_links":{"self":[{"href":"https:\/\/mystikus.dsignpoint.com\/fr\/wp-json\/wp\/v2\/product\/24224","targetHints":{"allow":["GET"]}}],"collection":[{"href":"https:\/\/mystikus.dsignpoint.com\/fr\/wp-json\/wp\/v2\/product"}],"about":[{"href":"https:\/\/mystikus.dsignpoint.com\/fr\/wp-json\/wp\/v2\/types\/product"}],"replies":[{"embeddable":true,"href":"https:\/\/mystikus.dsignpoint.com\/fr\/wp-json\/wp\/v2\/comments?post=24224"}],"wp:featuredmedia":[{"embeddable":true,"href":"https:\/\/mystikus.dsignpoint.com\/fr\/wp-json\/wp\/v2\/media\/187"}],"wp:attachment":[{"href":"https:\/\/mystikus.dsignpoint.com\/fr\/wp-json\/wp\/v2\/media?parent=24224"}],"wp:term":[{"taxonomy":"product_brand","embeddable":true,"href":"https:\/\/mystikus.dsignpoint.com\/fr\/wp-json\/wp\/v2\/product_brand?post=24224"},{"taxonomy":"product_cat","embeddable":true,"href":"https:\/\/mystikus.dsignpoint.com\/fr\/wp-json\/wp\/v2\/product_cat?post=24224"},{"taxonomy":"product_tag","embeddable":true,"href":"https:\/\/mystikus.dsignpoint.com\/fr\/wp-json\/wp\/v2\/product_tag?post=24224"}],"curies":[{"name":"wp","href":"https:\/\/api.w.org\/{rel}","templated":true}]}}