{"id":24235,"date":"2025-03-25T16:00:49","date_gmt":"2025-03-25T15:00:49","guid":{"rendered":"https:\/\/mystikus.dsignpoint.com\/producto\/pierres-de-cristal-de-roche-polies\/"},"modified":"2025-03-25T16:00:49","modified_gmt":"2025-03-25T15:00:49","slug":"pierres-de-cristal-de-roche-polies","status":"publish","type":"product","link":"https:\/\/mystikus.dsignpoint.com\/fr\/producto\/pierres-de-cristal-de-roche-polies\/","title":{"rendered":"Pierres de cristal de roche polies"},"content":{"rendered":"<p><strong>Pierres de cristal de roche polies 3-4cm<\/strong><\/p>\n<p>Propri\u00e9t\u00e9s du quartz clair (cristal de roche) : La pierre de l\u2019\u00e9nergie. Excellent pour la m\u00e9ditation. Amplifie l\u2019\u00e9nergie et la pens\u00e9e. Dissipe la n\u00e9gativit\u00e9. Re\u00e7oit, stocke et transmet l\u2019\u00e9nergie. Aide \u00e0 la communication avec toutes les dimensions.*<br \/>\n<em>Il s&rsquo;agit d&rsquo;un produit naturel, la couleur, la forme et la taille peuvent donc varier et diff\u00e9rer de l&rsquo;image pr\u00e9sent\u00e9e.<\/em><\/p>\n<p><em>*Les caract\u00e9ristiques de toutes les pierres min\u00e9rales sur notre site web ne sont pas scientifiquement prouv\u00e9es ; elles sont bas\u00e9es sur les exp\u00e9riences des utilisateurs et des th\u00e9rapeutes de pierres pr\u00e9cieuses. Les propri\u00e9t\u00e9s curatives d\u00e9crites ne sont pas destin\u00e9es \u00e0 remplacer le diagnostic ou le traitement d&rsquo;un th\u00e9rapeute ou d&rsquo;un m\u00e9decin qualifi\u00e9. Si vous avez des doutes sur votre sant\u00e9, consultez un m\u00e9decin.  <\/em><\/p>\n","protected":false},"excerpt":{"rendered":"<p><strong>Pierres de cristal de roche polies 3-4cm<\/strong><\/p>\n<p>Propri\u00e9t\u00e9s du quartz clair (cristal de roche) : La pierre de l\u2019\u00e9nergie. Excellent pour la m\u00e9ditation. Amplifie l\u2019\u00e9nergie et la pens\u00e9e. Dissipe la n\u00e9gativit\u00e9. Re\u00e7oit, stocke et transmet l\u2019\u00e9nergie. Aide \u00e0 la communication avec toutes les dimensions.*<br \/>\n<em>Il s&rsquo;agit d&rsquo;un produit naturel, la couleur, la forme et la taille peuvent donc varier et diff\u00e9rer de l&rsquo;image pr\u00e9sent\u00e9e.<\/em><\/p>\n<p><em>*Les caract\u00e9ristiques de toutes les pierres min\u00e9rales sur notre site web ne sont pas scientifiquement prouv\u00e9es ; elles sont bas\u00e9es sur les exp\u00e9riences des utilisateurs et des th\u00e9rapeutes de pierres pr\u00e9cieuses. Les propri\u00e9t\u00e9s curatives d\u00e9crites ne sont pas destin\u00e9es \u00e0 remplacer le diagnostic ou le traitement d&rsquo;un th\u00e9rapeute ou d&rsquo;un m\u00e9decin qualifi\u00e9. Si vous avez des doutes sur votre sant\u00e9, consultez un m\u00e9decin.  <\/em><\/p>\n","protected":false},"featured_media":185,"comment_status":"closed","ping_status":"closed","template":"","meta":[],"product_brand":[],"product_cat":[110,109,106],"product_tag":[],"class_list":{"0":"post-24235","1":"product","2":"type-product","3":"status-publish","4":"has-post-thumbnail","6":"product_cat-galets","7":"product_cat-mineraux","8":"product_cat-mineraux-et-bijoux","10":"first","11":"instock","12":"shipping-taxable","13":"purchasable","14":"product-type-simple"},"_links":{"self":[{"href":"https:\/\/mystikus.dsignpoint.com\/fr\/wp-json\/wp\/v2\/product\/24235","targetHints":{"allow":["GET"]}}],"collection":[{"href":"https:\/\/mystikus.dsignpoint.com\/fr\/wp-json\/wp\/v2\/product"}],"about":[{"href":"https:\/\/mystikus.dsignpoint.com\/fr\/wp-json\/wp\/v2\/types\/product"}],"replies":[{"embeddable":true,"href":"https:\/\/mystikus.dsignpoint.com\/fr\/wp-json\/wp\/v2\/comments?post=24235"}],"wp:featuredmedia":[{"embeddable":true,"href":"https:\/\/mystikus.dsignpoint.com\/fr\/wp-json\/wp\/v2\/media\/185"}],"wp:attachment":[{"href":"https:\/\/mystikus.dsignpoint.com\/fr\/wp-json\/wp\/v2\/media?parent=24235"}],"wp:term":[{"taxonomy":"product_brand","embeddable":true,"href":"https:\/\/mystikus.dsignpoint.com\/fr\/wp-json\/wp\/v2\/product_brand?post=24235"},{"taxonomy":"product_cat","embeddable":true,"href":"https:\/\/mystikus.dsignpoint.com\/fr\/wp-json\/wp\/v2\/product_cat?post=24235"},{"taxonomy":"product_tag","embeddable":true,"href":"https:\/\/mystikus.dsignpoint.com\/fr\/wp-json\/wp\/v2\/product_tag?post=24235"}],"curies":[{"name":"wp","href":"https:\/\/api.w.org\/{rel}","templated":true}]}}