{"id":24267,"date":"2025-03-25T15:12:55","date_gmt":"2025-03-25T14:12:55","guid":{"rendered":"https:\/\/mystikus.dsignpoint.com\/producto\/bruleur-dencens-cones-et-batonnets-deesse-de-la-lune-pierre-de-lune\/"},"modified":"2025-03-25T15:12:55","modified_gmt":"2025-03-25T14:12:55","slug":"bruleur-dencens-cones-et-batonnets-deesse-de-la-lune-pierre-de-lune","status":"publish","type":"product","link":"https:\/\/mystikus.dsignpoint.com\/fr\/producto\/bruleur-dencens-cones-et-batonnets-deesse-de-la-lune-pierre-de-lune\/","title":{"rendered":"Br\u00fbleur d&rsquo;encens c\u00f4nes et b\u00e2tonnets D\u00e9esse de la lune pierre de lune"},"content":{"rendered":"<p>Br\u00fbleur d&rsquo;encens avec d\u00e9coration de d\u00e9esse de la lune, enrichi de pierre de lune arc-en-ciel.<\/p>\n<p>Convient pour les c\u00f4nes d&rsquo;encens et les b\u00e2tonnets d&rsquo;encens plus fins (par exemple, l&rsquo;encens en b\u00e2tonnet de bambou et l&rsquo;encens japonais).<\/p>\n<p>Type de bois : manguier.<\/p>\n<p><strong>D\u00e9esse de la lune avec pierre de lune arc-en-ciel<br \/>\n<\/strong>Le symbole de la d\u00e9esse lune existe dans de nombreuses cultures et traditions spirituelles. Elle repr\u00e9sente le principe f\u00e9minin, l&rsquo;intuition et les rythmes naturels de la vie. On l&rsquo;associe souvent aux phases de la lune (croissante, pleine et d\u00e9croissante), qui refl\u00e8tent les phases naturelles de la vie : naissance, maturit\u00e9 et mort.  <\/p>\n<p>La <strong>pierre de lune<\/strong> arc-en-ciel s&rsquo;int\u00e8gre parfaitement \u00e0 ce symbolisme, car elle est connue pour renforcer l&rsquo;intuition et l&rsquo;\u00e9quilibre int\u00e9rieur.<\/p>\n","protected":false},"excerpt":{"rendered":"<p>Br\u00fbleur d&rsquo;encens avec d\u00e9coration de d\u00e9esse de la lune, enrichi de pierre de lune arc-en-ciel.<\/p>\n<p>Convient pour les c\u00f4nes d&rsquo;encens et les b\u00e2tonnets d&rsquo;encens plus fins (par exemple, l&rsquo;encens en b\u00e2tonnet de bambou et l&rsquo;encens japonais).<\/p>\n","protected":false},"featured_media":177,"comment_status":"closed","ping_status":"closed","template":"","meta":[],"product_brand":[],"product_cat":[120,118],"product_tag":[],"class_list":{"0":"post-24267","1":"product","2":"type-product","3":"status-publish","4":"has-post-thumbnail","6":"product_cat-bruleurs","7":"product_cat-encens-et-aromes","9":"first","10":"instock","11":"shipping-taxable","12":"purchasable","13":"product-type-simple"},"_links":{"self":[{"href":"https:\/\/mystikus.dsignpoint.com\/fr\/wp-json\/wp\/v2\/product\/24267","targetHints":{"allow":["GET"]}}],"collection":[{"href":"https:\/\/mystikus.dsignpoint.com\/fr\/wp-json\/wp\/v2\/product"}],"about":[{"href":"https:\/\/mystikus.dsignpoint.com\/fr\/wp-json\/wp\/v2\/types\/product"}],"replies":[{"embeddable":true,"href":"https:\/\/mystikus.dsignpoint.com\/fr\/wp-json\/wp\/v2\/comments?post=24267"}],"wp:featuredmedia":[{"embeddable":true,"href":"https:\/\/mystikus.dsignpoint.com\/fr\/wp-json\/wp\/v2\/media\/177"}],"wp:attachment":[{"href":"https:\/\/mystikus.dsignpoint.com\/fr\/wp-json\/wp\/v2\/media?parent=24267"}],"wp:term":[{"taxonomy":"product_brand","embeddable":true,"href":"https:\/\/mystikus.dsignpoint.com\/fr\/wp-json\/wp\/v2\/product_brand?post=24267"},{"taxonomy":"product_cat","embeddable":true,"href":"https:\/\/mystikus.dsignpoint.com\/fr\/wp-json\/wp\/v2\/product_cat?post=24267"},{"taxonomy":"product_tag","embeddable":true,"href":"https:\/\/mystikus.dsignpoint.com\/fr\/wp-json\/wp\/v2\/product_tag?post=24267"}],"curies":[{"name":"wp","href":"https:\/\/api.w.org\/{rel}","templated":true}]}}