{"id":24275,"date":"2025-03-25T14:09:26","date_gmt":"2025-03-25T13:09:26","guid":{"rendered":"https:\/\/mystikus.dsignpoint.com\/producto\/rituel-premium-guerison-astrale\/"},"modified":"2025-03-25T14:09:26","modified_gmt":"2025-03-25T13:09:26","slug":"rituel-premium-guerison-astrale","status":"publish","type":"product","link":"https:\/\/mystikus.dsignpoint.com\/fr\/producto\/rituel-premium-guerison-astrale\/","title":{"rendered":"Rituel Premium Gu\u00e9rison Astrale"},"content":{"rendered":"<p>Puissant protecteur du corps astral \u2013 Nettoie et d\u00e9charge l\u2019aura<br \/>\n\u00c9limine toute perturbation et agression mentale ou physique<\/p>\n<p>Pour commencer, il est important de se purifier avant de faire un Rituel. Il suffit de prendre une douche. Choisis des v\u00eatements blancs et amples. Les v\u00eatements en mati\u00e8res naturelles comme le coton ou le lin sont recommand\u00e9s.   <\/p>\n<p>Ce Puissant Rituel de Protection \u00ab&nbsp;Gu\u00e9rison Astrale&nbsp;\u00bb cr\u00e9era un Bouclier ou une Armure Magique sous forme de Champ de Forces et de Vibrations B\u00e9n\u00e9fiques pour profiter d\u2019une Protection In\u00e9galable dans tous les Domaines de Notre Vie.<\/p>\n<p>Ce Rituel Authentique, Elixir de la Nature, Tir\u00e9 du Meilleur de la Magie Blanche, Offre une Protection Contre Tous les Enfers Humains, Contre les Invasions et Attaques Spirituelles, Contre les Esprits Malins, Contre les \u00c2mes Perdues et Tourment\u00e9es et Contre Tout Tourment de l\u2019Esprit. \u00c9loigne la mauvaise chance et le malheur. D\u00e9charge l\u2019Aura de toutes les perturbations.  <\/p>\n<p>La protection du corps et de l\u2019\u00e2me est essentielle pour une vie tranquille et harmonieuse, c\u2019est la meilleure pratique de la magie blanche, de fait les raisons de la n\u00e9cessit\u00e9 de se sentir prot\u00e9g\u00e9 sont assez nombreuses. Ce Rituel Invoque et Invite les Esprits Amis, les Anges de la Lumi\u00e8re, les Entit\u00e9s Protectrices \u00e0 \u00catre Avec Nous, dans Notre Environnement Astral, \u00e0 Habiter Notre Vie, \u00e0 Guider Nos Chemins. <\/p>\n<p>Chaque Intervention n\u2019implique aucun risque ni choc en \u00e9change. Tu n\u2019as absolument rien \u00e0 craindre, au contraire, les Rituels de Magie Blanche ne pr\u00e9sentent aucun danger, ils servent seulement \u00e0 nettoyer et \u00e0 d\u00e9fendre. <\/p>\n<p>Cependant, il est essentiel de croire au pouvoir de la magie avant de la pratiquer. Si tu doutes du r\u00e9sultat ou si tu fais un rituel \u00ab&nbsp;juste pour voir si \u00e7a marche&nbsp;\u00bb, il est fort probable que tu n\u2019obtiennes aucun effet. En effet, les sorts invoquent de nombreuses \u00e9nergies puissantes, y compris la tienne. Projeter mentalement le r\u00e9sultat b\u00e9n\u00e9fique canalise toutes ces \u00e9nergies.   <\/p>\n<p>Par cons\u00e9quent, le manque de foi, le manque de s\u00e9rieux ou les pens\u00e9es n\u00e9gatives r\u00e9duiront consid\u00e9rablement les effets. D\u2019un autre c\u00f4t\u00e9, une bonne Projection de ce qui est Souhait\u00e9 et une Forte Concentration favoriseront \u00e9norm\u00e9ment les R\u00e9sultats. <\/p>\n<p>Contient une explication d\u00e9taill\u00e9e \u2013 Ingr\u00e9dients in\u00e9dits, selon les formules extraites des grands greniers.<\/p>\n<p>Notre Service Client est \u00e0 ta disposition pour toute clarification ou explication suppl\u00e9mentaire.<\/p>\n","protected":false},"excerpt":{"rendered":"<p>Puissant protecteur du corps astral<br \/>\nNettoyage et d\u00e9charge de l\u2019aura<br \/>\n\u00c9limine toute perturbation et agression mentale ou physique<\/p>\n","protected":false},"featured_media":23653,"comment_status":"closed","ping_status":"closed","template":"","meta":[],"product_brand":[31],"product_cat":[139,145,144],"product_tag":[],"class_list":{"0":"post-24275","1":"product","2":"type-product","3":"status-publish","4":"has-post-thumbnail","6":"product_brand-mystikus","7":"product_cat-esoteriques","8":"product_cat-mystikus-collection","9":"product_cat-rituels-premium","11":"first","12":"instock","13":"shipping-taxable","14":"purchasable","15":"product-type-simple"},"_links":{"self":[{"href":"https:\/\/mystikus.dsignpoint.com\/fr\/wp-json\/wp\/v2\/product\/24275","targetHints":{"allow":["GET"]}}],"collection":[{"href":"https:\/\/mystikus.dsignpoint.com\/fr\/wp-json\/wp\/v2\/product"}],"about":[{"href":"https:\/\/mystikus.dsignpoint.com\/fr\/wp-json\/wp\/v2\/types\/product"}],"replies":[{"embeddable":true,"href":"https:\/\/mystikus.dsignpoint.com\/fr\/wp-json\/wp\/v2\/comments?post=24275"}],"wp:featuredmedia":[{"embeddable":true,"href":"https:\/\/mystikus.dsignpoint.com\/fr\/wp-json\/wp\/v2\/media\/23653"}],"wp:attachment":[{"href":"https:\/\/mystikus.dsignpoint.com\/fr\/wp-json\/wp\/v2\/media?parent=24275"}],"wp:term":[{"taxonomy":"product_brand","embeddable":true,"href":"https:\/\/mystikus.dsignpoint.com\/fr\/wp-json\/wp\/v2\/product_brand?post=24275"},{"taxonomy":"product_cat","embeddable":true,"href":"https:\/\/mystikus.dsignpoint.com\/fr\/wp-json\/wp\/v2\/product_cat?post=24275"},{"taxonomy":"product_tag","embeddable":true,"href":"https:\/\/mystikus.dsignpoint.com\/fr\/wp-json\/wp\/v2\/product_tag?post=24275"}],"curies":[{"name":"wp","href":"https:\/\/api.w.org\/{rel}","templated":true}]}}