{"id":24316,"date":"2025-03-25T11:57:24","date_gmt":"2025-03-25T10:57:24","guid":{"rendered":"https:\/\/mystikus.dsignpoint.com\/producto\/rituel-premium-detruit-les-malefices\/"},"modified":"2025-03-25T11:57:24","modified_gmt":"2025-03-25T10:57:24","slug":"rituel-premium-detruit-les-malefices","status":"publish","type":"product","link":"https:\/\/mystikus.dsignpoint.com\/fr\/producto\/rituel-premium-detruit-les-malefices\/","title":{"rendered":"Rituel Premium D\u00e9truit les Mal\u00e9fices"},"content":{"rendered":"<p>D\u00e9truit tout le mal \u2013 \u00c9loigne les ennemis<br \/>\nNettoie la n\u00e9gativit\u00e9 \u2013 Contre la sorcellerie<\/p>\n<p>Pour commencer, il est important de se purifier avant de faire un Rituel. Il suffit de prendre une douche. Choisissez des v\u00eatements blancs et amples. Les v\u00eatements en mati\u00e8res naturelles comme le coton ou le lin sont recommand\u00e9s.   <\/p>\n<p>Le puissant Rituel de Magie Blanche \u00ab&nbsp;D\u00e9truit les Mal\u00e9fices&nbsp;\u00bb est indiqu\u00e9 lorsque des signes d\u2019un Sort de Magie Noire se pr\u00e9sentent ou pour se prot\u00e9ger d\u2019un possible Sort de Magie Noire. Ce Rituel est Sp\u00e9cial pour D\u00e9truire et D\u00e9faire les Travaux de Magie, Sorcellerie, Sorts et Envoutements Malins, faits par des Personnes de Mauvaise Intention. \u00c9loigner et d\u00e9sarmer les ennemis, prot\u00e9ger des possibles attaques spirituelles.  <\/p>\n<p>L\u2019Action de ce Rituel permet de se Prot\u00e9ger, mais aussi de Prot\u00e9ger Quelqu\u2019un, ou de Prot\u00e9ger son Foyer. Cette Solution Magique utilise les \u00c9nergies de la Nature et le Pouvoir de la Magie dans un jeu de Forces et de Manipulation Cosmique. Invoque le Pouvoir Purificateur de la Magie Blanche, la Force de la Magie Rouge et ses \u00c9l\u00e9ments Charg\u00e9s d\u2019\u00c9nergies Positives, Renouvelle ton Astral Int\u00e9gralement.  <\/p>\n<p>L\u2019effet de ce Rituel est rapide et effectif, comme le Serpent Noir qui mord de fa\u00e7on rapide et pr\u00e9cise et son venin est mortel et ne tarde pas \u00e0 faire effet. Ce Rituel \u00ab&nbsp;D\u00e9truit les Mal\u00e9fices&nbsp;\u00bb est aussi tr\u00e8s efficace pour d\u00e9faire la paresse et les situations qui emp\u00eachent le Bon D\u00e9veloppement de notre vie. Ce Rituel est de Magie Blanche avec un petit M\u00e9lange de Magie Rouge pour Permettre de D\u00e9truire la Magie Noire, les Fl\u00e9aux, ainsi que tout type de Mal.  <\/p>\n<p>Toute tentative de vous nuire entra\u00eenera l\u2019\u00e9chec de toute personne mal intentionn\u00e9e ou ennemie envers vous. Se sentir prot\u00e9g\u00e9 au quotidien est une garantie de succ\u00e8s et de bien-\u00eatre dans tous les domaines de la vie. <\/p>\n<p>Chaque Intervention n\u2019implique aucun risque ni choc en \u00e9change. Vous n\u2019avez absolument rien \u00e0 craindre, au contraire, les Rituels de Magie Blanche ne pr\u00e9sentent aucun danger, ils servent seulement \u00e0 nettoyer et \u00e0 d\u00e9fendre. <\/p>\n<p>Cependant, il est essentiel de croire au pouvoir de la magie avant de la pratiquer. Si vous doutez du r\u00e9sultat ou si vous faites un rituel \u00ab&nbsp;juste pour voir si \u00e7a marche&nbsp;\u00bb, il est fort probable que vous n\u2019obtiendrez aucun effet. En effet, les sorts invoquent de nombreuses \u00e9nergies puissantes, y compris la v\u00f4tre. Projeter mentalement le r\u00e9sultat b\u00e9n\u00e9fique canalise toutes ces \u00e9nergies.   <\/p>\n<p>Par cons\u00e9quent, le manque de foi, le manque de s\u00e9rieux ou les pens\u00e9es n\u00e9gatives r\u00e9duiront consid\u00e9rablement les effets. D\u2019un autre c\u00f4t\u00e9, une bonne Projection de ce qui est Souhait\u00e9 et une Forte Concentration favoriseront \u00e9norm\u00e9ment les R\u00e9sultats. <\/p>\n<p>Contient une explication d\u00e9taill\u00e9e \u2013 Ingr\u00e9dients in\u00e9dits, selon les formules extraites des grands greniers.<\/p>\n<p>Notre Service d\u2019Assistance \u00e0 la Client\u00e8le est \u00e0 votre disposition pour toute clarification ou explication suppl\u00e9mentaire.<\/p>\n","protected":false},"excerpt":{"rendered":"<p>D\u00e9truit tout le mal<br \/>\n\u00c9loigne les ennemis<br \/>\nNettoie la n\u00e9gativit\u00e9<br \/>\nContre la sorcellerie<\/p>\n","protected":false},"featured_media":23501,"comment_status":"closed","ping_status":"closed","template":"","meta":[],"product_brand":[31],"product_cat":[139,145,149,144],"product_tag":[],"class_list":{"0":"post-24316","1":"product","2":"type-product","3":"status-publish","4":"has-post-thumbnail","6":"product_brand-mystikus","7":"product_cat-esoteriques","8":"product_cat-mystikus-collection","9":"product_cat-rituels-premium","12":"first","13":"instock","14":"shipping-taxable","15":"purchasable","16":"product-type-simple"},"_links":{"self":[{"href":"https:\/\/mystikus.dsignpoint.com\/fr\/wp-json\/wp\/v2\/product\/24316","targetHints":{"allow":["GET"]}}],"collection":[{"href":"https:\/\/mystikus.dsignpoint.com\/fr\/wp-json\/wp\/v2\/product"}],"about":[{"href":"https:\/\/mystikus.dsignpoint.com\/fr\/wp-json\/wp\/v2\/types\/product"}],"replies":[{"embeddable":true,"href":"https:\/\/mystikus.dsignpoint.com\/fr\/wp-json\/wp\/v2\/comments?post=24316"}],"wp:featuredmedia":[{"embeddable":true,"href":"https:\/\/mystikus.dsignpoint.com\/fr\/wp-json\/wp\/v2\/media\/23501"}],"wp:attachment":[{"href":"https:\/\/mystikus.dsignpoint.com\/fr\/wp-json\/wp\/v2\/media?parent=24316"}],"wp:term":[{"taxonomy":"product_brand","embeddable":true,"href":"https:\/\/mystikus.dsignpoint.com\/fr\/wp-json\/wp\/v2\/product_brand?post=24316"},{"taxonomy":"product_cat","embeddable":true,"href":"https:\/\/mystikus.dsignpoint.com\/fr\/wp-json\/wp\/v2\/product_cat?post=24316"},{"taxonomy":"product_tag","embeddable":true,"href":"https:\/\/mystikus.dsignpoint.com\/fr\/wp-json\/wp\/v2\/product_tag?post=24316"}],"curies":[{"name":"wp","href":"https:\/\/api.w.org\/{rel}","templated":true}]}}