{"id":24368,"date":"2025-03-21T16:35:29","date_gmt":"2025-03-21T15:35:29","guid":{"rendered":"https:\/\/mystikus.dsignpoint.com\/producto\/pierres-de-la-prosperite\/"},"modified":"2025-03-21T16:35:29","modified_gmt":"2025-03-21T15:35:29","slug":"pierres-de-la-prosperite","status":"publish","type":"product","link":"https:\/\/mystikus.dsignpoint.com\/fr\/producto\/pierres-de-la-prosperite\/","title":{"rendered":"Pierres de la Prosp\u00e9rit\u00e9"},"content":{"rendered":"<h4>Pierres de la Prosp\u00e9rit\u00e9<\/h4>\n<p><strong>Citrine :<\/strong> abondance, positivit\u00e9<br \/>\n<strong>Aventurine :<\/strong> chance, prosp\u00e9rit\u00e9<br \/>\n<strong>Pyrite :<\/strong> vitalit\u00e9, manifestation<br \/>\n<strong>Oeil de tigre :<\/strong> courage, concentration<\/p>\n","protected":false},"excerpt":{"rendered":"<h4>Pierres de la Prosp\u00e9rit\u00e9<\/h4>\n<p><strong>Citrine :<\/strong> abondance, positivit\u00e9<br \/>\n<strong>Aventurine :<\/strong> chance, prosp\u00e9rit\u00e9<br \/>\n<strong>Pyrite :<\/strong> vitalit\u00e9, manifestation<br \/>\n<strong>Oeil de tigre :<\/strong> courage, concentration<\/p>\n","protected":false},"featured_media":127,"comment_status":"closed","ping_status":"closed","template":"","meta":[],"product_brand":[],"product_cat":[141,109,106],"product_tag":[157,156],"class_list":{"0":"post-24368","1":"product","2":"type-product","3":"status-publish","4":"has-post-thumbnail","6":"product_cat-bruts","7":"product_cat-mineraux","8":"product_cat-mineraux-et-bijoux","9":"product_tag-mineraux","10":"product_tag-pierres","12":"first","13":"instock","14":"shipping-taxable","15":"purchasable","16":"product-type-variable"},"_links":{"self":[{"href":"https:\/\/mystikus.dsignpoint.com\/fr\/wp-json\/wp\/v2\/product\/24368","targetHints":{"allow":["GET"]}}],"collection":[{"href":"https:\/\/mystikus.dsignpoint.com\/fr\/wp-json\/wp\/v2\/product"}],"about":[{"href":"https:\/\/mystikus.dsignpoint.com\/fr\/wp-json\/wp\/v2\/types\/product"}],"replies":[{"embeddable":true,"href":"https:\/\/mystikus.dsignpoint.com\/fr\/wp-json\/wp\/v2\/comments?post=24368"}],"wp:featuredmedia":[{"embeddable":true,"href":"https:\/\/mystikus.dsignpoint.com\/fr\/wp-json\/wp\/v2\/media\/127"}],"wp:attachment":[{"href":"https:\/\/mystikus.dsignpoint.com\/fr\/wp-json\/wp\/v2\/media?parent=24368"}],"wp:term":[{"taxonomy":"product_brand","embeddable":true,"href":"https:\/\/mystikus.dsignpoint.com\/fr\/wp-json\/wp\/v2\/product_brand?post=24368"},{"taxonomy":"product_cat","embeddable":true,"href":"https:\/\/mystikus.dsignpoint.com\/fr\/wp-json\/wp\/v2\/product_cat?post=24368"},{"taxonomy":"product_tag","embeddable":true,"href":"https:\/\/mystikus.dsignpoint.com\/fr\/wp-json\/wp\/v2\/product_tag?post=24368"}],"curies":[{"name":"wp","href":"https:\/\/api.w.org\/{rel}","templated":true}]}}