{"id":24618,"date":"2025-03-25T18:40:11","date_gmt":"2025-03-25T17:40:11","guid":{"rendered":"https:\/\/mystikus.dsignpoint.com\/producto\/pierres-de-lapis-lazuli-polies\/"},"modified":"2025-03-25T18:40:11","modified_gmt":"2025-03-25T17:40:11","slug":"pierres-de-lapis-lazuli-polies","status":"publish","type":"product","link":"https:\/\/mystikus.dsignpoint.com\/fr\/producto\/pierres-de-lapis-lazuli-polies\/","title":{"rendered":"Pierres de lapis-lazuli polies"},"content":{"rendered":"<pre>Pierres de lapis-lazuli polies<\/pre>\n<div class=\"spec-desc\">Mesure cm \u00b13-4<\/div>\n<div>\n<p><strong>Lapis-lazuli<\/strong> : Une pierre de couleur bleu intense avec des fils de pyrite dor\u00e9e qui a longtemps \u00e9t\u00e9 lou\u00e9e pour son pouvoir par les pr\u00eatres, les rois et les guerriers \u00e9gyptiens. Le roi de l&rsquo;\u00e9clat du lapis-lazuli est le Bouddha de la M\u00e9decine. Le lapis-lazuli a longtemps \u00e9t\u00e9 associ\u00e9 au pouvoir d&rsquo;\u00e9quilibrer et de gu\u00e9rir. Dans de nombreuses traditions, on pense que le lapis-lazuli offre une protection contre les influences n\u00e9gatives.*   <\/p>\n<p><em>Ceci est un produit naturel, la taille et la couleur peuvent varier et diff\u00e9rer de l&rsquo;image montr\u00e9e.<\/em><\/p>\n<p><em>*Les caract\u00e9ristiques de toutes les pierres min\u00e9rales sur notre site web ne sont pas scientifiquement prouv\u00e9es ; elles sont bas\u00e9es sur les exp\u00e9riences des utilisateurs et des th\u00e9rapeutes de pierres pr\u00e9cieuses. Les propri\u00e9t\u00e9s curatives d\u00e9crites ne sont en aucun cas destin\u00e9es \u00e0 remplacer le diagnostic ou le traitement par un th\u00e9rapeute ou un m\u00e9decin qualifi\u00e9. Si vous avez des doutes sur votre sant\u00e9, consultez un m\u00e9decin.  <\/em><\/p>\n<\/div>\n","protected":false},"excerpt":{"rendered":"<pre>Pierres de lapis-lazuli polies<\/pre>\n<div class=\"spec-desc\">Mesure cm \u00b13-4<\/div>\n<div>\n<p><strong>Lapis-lazuli<\/strong> : Une pierre de couleur bleu intense avec des fils de pyrite dor\u00e9e qui a longtemps \u00e9t\u00e9 lou\u00e9e pour son pouvoir par les pr\u00eatres, les rois et les guerriers \u00e9gyptiens. Le roi de l&rsquo;\u00e9clat du lapis-lazuli est le Bouddha de la M\u00e9decine. Le lapis-lazuli a longtemps \u00e9t\u00e9 associ\u00e9 au pouvoir d&rsquo;\u00e9quilibrer et de gu\u00e9rir. Dans de nombreuses traditions, on pense que le lapis-lazuli offre une protection contre les influences n\u00e9gatives.*   <\/p>\n<\/div>\n","protected":false},"featured_media":244,"comment_status":"closed","ping_status":"closed","template":"","meta":[],"product_brand":[],"product_cat":[110,109,106],"product_tag":[],"class_list":{"0":"post-24618","1":"product","2":"type-product","3":"status-publish","4":"has-post-thumbnail","6":"product_cat-galets","7":"product_cat-mineraux","8":"product_cat-mineraux-et-bijoux","10":"first","11":"instock","12":"shipping-taxable","13":"purchasable","14":"product-type-simple"},"_links":{"self":[{"href":"https:\/\/mystikus.dsignpoint.com\/fr\/wp-json\/wp\/v2\/product\/24618","targetHints":{"allow":["GET"]}}],"collection":[{"href":"https:\/\/mystikus.dsignpoint.com\/fr\/wp-json\/wp\/v2\/product"}],"about":[{"href":"https:\/\/mystikus.dsignpoint.com\/fr\/wp-json\/wp\/v2\/types\/product"}],"replies":[{"embeddable":true,"href":"https:\/\/mystikus.dsignpoint.com\/fr\/wp-json\/wp\/v2\/comments?post=24618"}],"wp:featuredmedia":[{"embeddable":true,"href":"https:\/\/mystikus.dsignpoint.com\/fr\/wp-json\/wp\/v2\/media\/244"}],"wp:attachment":[{"href":"https:\/\/mystikus.dsignpoint.com\/fr\/wp-json\/wp\/v2\/media?parent=24618"}],"wp:term":[{"taxonomy":"product_brand","embeddable":true,"href":"https:\/\/mystikus.dsignpoint.com\/fr\/wp-json\/wp\/v2\/product_brand?post=24618"},{"taxonomy":"product_cat","embeddable":true,"href":"https:\/\/mystikus.dsignpoint.com\/fr\/wp-json\/wp\/v2\/product_cat?post=24618"},{"taxonomy":"product_tag","embeddable":true,"href":"https:\/\/mystikus.dsignpoint.com\/fr\/wp-json\/wp\/v2\/product_tag?post=24618"}],"curies":[{"name":"wp","href":"https:\/\/api.w.org\/{rel}","templated":true}]}}