{"id":24623,"date":"2025-03-25T18:54:21","date_gmt":"2025-03-25T17:54:21","guid":{"rendered":"https:\/\/mystikus.dsignpoint.com\/producto\/geode-de-calcite-cassee-%c2%b1418-gr\/"},"modified":"2025-03-25T18:54:21","modified_gmt":"2025-03-25T17:54:21","slug":"geode-de-calcite-cassee-%c2%b1418-gr","status":"publish","type":"product","link":"https:\/\/mystikus.dsignpoint.com\/fr\/producto\/geode-de-calcite-cassee-%c2%b1418-gr\/","title":{"rendered":"G\u00e9ode de calcite (cass\u00e9e) \u00b1418 gr"},"content":{"rendered":"<pre>G\u00e9ode de calcite (cass\u00e9e)<\/pre>\n<p>Les g\u00e9odes de calcite pr\u00e9alablement cass\u00e9es, avec leurs belles structures cristallines naturelles, conviennent aux collections, \u00e0 un usage d\u00e9coratif ou pour am\u00e9liorer le flux d&rsquo;\u00e9nergie dans une pi\u00e8ce. Ces g\u00e9odes sont souvent utilis\u00e9es pour le feng shui, car elles favorisent l&rsquo;\u00e9quilibre et l&rsquo;\u00e9nergie positive dans la maison. <\/p>\n<div class=\"spec-item\">\n<div class=\"spec-desc\">Poids gr \u00b1418<\/div>\n<\/div>\n<div class=\"spec-item\">\n<div class=\"spec-desc\">Mesure cm \u00b19x8x5<\/div>\n<\/div>\n<p><strong>Attention :<br \/>\n<\/strong><em>Il peut arriver que les g\u00e9odes ne soient pas exactement divis\u00e9es en deux moiti\u00e9s, mais qu&rsquo;elles soient cass\u00e9es en trois morceaux. Il s&rsquo;agit d&rsquo;un produit naturel, la couleur et la forme peuvent donc varier et diff\u00e9rer de la photo pr\u00e9sent\u00e9e. <\/em><\/p>\n","protected":false},"excerpt":{"rendered":"<pre>G\u00e9ode de calcite (cass\u00e9e)<\/pre>\n<p>Les g\u00e9odes de calcite pr\u00e9alablement cass\u00e9es, avec leurs belles structures cristallines naturelles, conviennent aux collections, \u00e0 un usage d\u00e9coratif ou pour am\u00e9liorer le flux d&rsquo;\u00e9nergie dans une pi\u00e8ce. Ces g\u00e9odes sont souvent utilis\u00e9es pour le feng shui, car elles favorisent l&rsquo;\u00e9quilibre et l&rsquo;\u00e9nergie positive dans la maison. <\/p>\n<div class=\"spec-item\">\n<div class=\"spec-desc\">Poids gr \u00b1418<\/div>\n<\/div>\n<div class=\"spec-item\">\n<div class=\"spec-desc\">Mesure cm \u00b19x8x5<\/div>\n<\/div>\n<p><strong>Attention :<br \/>\n<\/strong><em>Il peut arriver que les g\u00e9odes ne soient pas exactement divis\u00e9es en deux moiti\u00e9s, mais qu&rsquo;elles soient cass\u00e9es en trois morceaux. Il s&rsquo;agit d&rsquo;un produit naturel, la couleur et la forme peuvent donc varier et diff\u00e9rer de la photo pr\u00e9sent\u00e9e. <\/em><\/p>\n","protected":false},"featured_media":253,"comment_status":"closed","ping_status":"closed","template":"","meta":[],"product_brand":[],"product_cat":[172,109,106],"product_tag":[],"class_list":{"0":"post-24623","1":"product","2":"type-product","3":"status-publish","4":"has-post-thumbnail","6":"product_cat-geodes-et-druses","7":"product_cat-mineraux","8":"product_cat-mineraux-et-bijoux","10":"first","11":"instock","12":"shipping-taxable","13":"purchasable","14":"product-type-simple"},"_links":{"self":[{"href":"https:\/\/mystikus.dsignpoint.com\/fr\/wp-json\/wp\/v2\/product\/24623","targetHints":{"allow":["GET"]}}],"collection":[{"href":"https:\/\/mystikus.dsignpoint.com\/fr\/wp-json\/wp\/v2\/product"}],"about":[{"href":"https:\/\/mystikus.dsignpoint.com\/fr\/wp-json\/wp\/v2\/types\/product"}],"replies":[{"embeddable":true,"href":"https:\/\/mystikus.dsignpoint.com\/fr\/wp-json\/wp\/v2\/comments?post=24623"}],"wp:featuredmedia":[{"embeddable":true,"href":"https:\/\/mystikus.dsignpoint.com\/fr\/wp-json\/wp\/v2\/media\/253"}],"wp:attachment":[{"href":"https:\/\/mystikus.dsignpoint.com\/fr\/wp-json\/wp\/v2\/media?parent=24623"}],"wp:term":[{"taxonomy":"product_brand","embeddable":true,"href":"https:\/\/mystikus.dsignpoint.com\/fr\/wp-json\/wp\/v2\/product_brand?post=24623"},{"taxonomy":"product_cat","embeddable":true,"href":"https:\/\/mystikus.dsignpoint.com\/fr\/wp-json\/wp\/v2\/product_cat?post=24623"},{"taxonomy":"product_tag","embeddable":true,"href":"https:\/\/mystikus.dsignpoint.com\/fr\/wp-json\/wp\/v2\/product_tag?post=24623"}],"curies":[{"name":"wp","href":"https:\/\/api.w.org\/{rel}","templated":true}]}}