{"id":24637,"date":"2025-03-25T18:58:27","date_gmt":"2025-03-25T17:58:27","guid":{"rendered":"https:\/\/mystikus.dsignpoint.com\/producto\/morceaux-casses-de-geode-de-calcite\/"},"modified":"2025-03-25T18:58:27","modified_gmt":"2025-03-25T17:58:27","slug":"morceaux-casses-de-geode-de-calcite","status":"publish","type":"product","link":"https:\/\/mystikus.dsignpoint.com\/fr\/producto\/morceaux-casses-de-geode-de-calcite\/","title":{"rendered":"Morceaux cass\u00e9s de g\u00e9ode de calcite"},"content":{"rendered":"<pre>Morceaux cass\u00e9s de g\u00e9ode de calcite<\/pre>\n<div class=\"spec-desc\">Mesure cm \u00b17<\/div>\n<div>\n<p>Les morceaux de g\u00e9ode de calcite, avec leurs formations de cristal naturel, sont id\u00e9aux pour les projets cr\u00e9atifs, l&rsquo;utilisation d\u00e9corative ou pour am\u00e9liorer le flux d&rsquo;\u00e9nergie dans un espace. Les g\u00e9odes de calcite sont souvent associ\u00e9es au bon feng shui, favorisant l&rsquo;\u00e9quilibre et l&rsquo;\u00e9nergie positive dans la maison. <\/p>\n<p><strong>Attention&nbsp;:<br \/>\n<\/strong><em>Il s&rsquo;agit d&rsquo;un produit naturel, la couleur et la forme peuvent donc varier et diff\u00e9rer de la photo pr\u00e9sent\u00e9e.<\/em><\/p>\n<\/div>\n","protected":false},"excerpt":{"rendered":"<pre>Morceaux cass\u00e9s de g\u00e9ode de calcite<\/pre>\n<div class=\"spec-desc\">Mesure cm \u00b17<\/div>\n<div>\n<p>Les morceaux de g\u00e9ode de calcite, avec leurs formations de cristal naturel, sont id\u00e9aux pour les projets cr\u00e9atifs, l&rsquo;utilisation d\u00e9corative ou pour am\u00e9liorer le flux d&rsquo;\u00e9nergie dans un espace. Les g\u00e9odes de calcite sont souvent associ\u00e9es au bon feng shui, favorisant l&rsquo;\u00e9quilibre et l&rsquo;\u00e9nergie positive dans la maison. <\/p>\n<p><strong>Attention&nbsp;:<br \/>\n<\/strong><em>Il s&rsquo;agit d&rsquo;un produit naturel, la couleur et la forme peuvent donc varier et diff\u00e9rer de la photo pr\u00e9sent\u00e9e.<\/em><\/p>\n<\/div>\n","protected":false},"featured_media":256,"comment_status":"closed","ping_status":"closed","template":"","meta":[],"product_brand":[],"product_cat":[172,109,106],"product_tag":[],"class_list":{"0":"post-24637","1":"product","2":"type-product","3":"status-publish","4":"has-post-thumbnail","6":"product_cat-geodes-et-druses","7":"product_cat-mineraux","8":"product_cat-mineraux-et-bijoux","10":"first","11":"instock","12":"shipping-taxable","13":"purchasable","14":"product-type-simple"},"_links":{"self":[{"href":"https:\/\/mystikus.dsignpoint.com\/fr\/wp-json\/wp\/v2\/product\/24637","targetHints":{"allow":["GET"]}}],"collection":[{"href":"https:\/\/mystikus.dsignpoint.com\/fr\/wp-json\/wp\/v2\/product"}],"about":[{"href":"https:\/\/mystikus.dsignpoint.com\/fr\/wp-json\/wp\/v2\/types\/product"}],"replies":[{"embeddable":true,"href":"https:\/\/mystikus.dsignpoint.com\/fr\/wp-json\/wp\/v2\/comments?post=24637"}],"wp:featuredmedia":[{"embeddable":true,"href":"https:\/\/mystikus.dsignpoint.com\/fr\/wp-json\/wp\/v2\/media\/256"}],"wp:attachment":[{"href":"https:\/\/mystikus.dsignpoint.com\/fr\/wp-json\/wp\/v2\/media?parent=24637"}],"wp:term":[{"taxonomy":"product_brand","embeddable":true,"href":"https:\/\/mystikus.dsignpoint.com\/fr\/wp-json\/wp\/v2\/product_brand?post=24637"},{"taxonomy":"product_cat","embeddable":true,"href":"https:\/\/mystikus.dsignpoint.com\/fr\/wp-json\/wp\/v2\/product_cat?post=24637"},{"taxonomy":"product_tag","embeddable":true,"href":"https:\/\/mystikus.dsignpoint.com\/fr\/wp-json\/wp\/v2\/product_tag?post=24637"}],"curies":[{"name":"wp","href":"https:\/\/api.w.org\/{rel}","templated":true}]}}