{"id":24651,"date":"2025-03-26T15:16:31","date_gmt":"2025-03-26T14:16:31","guid":{"rendered":"https:\/\/mystikus.dsignpoint.com\/producto\/pyramide-dorgonite-avec-pierre-des-etoiles-bleue-et-fleur-de-lotus\/"},"modified":"2025-03-26T15:16:31","modified_gmt":"2025-03-26T14:16:31","slug":"pyramide-dorgonite-avec-pierre-des-etoiles-bleue-et-fleur-de-lotus","status":"publish","type":"product","link":"https:\/\/mystikus.dsignpoint.com\/fr\/producto\/pyramide-dorgonite-avec-pierre-des-etoiles-bleue-et-fleur-de-lotus\/","title":{"rendered":"Pyramide d&rsquo;Orgonite avec Pierre des \u00c9toiles Bleue et Fleur de Lotus"},"content":{"rendered":"<p class=\"\" data-start=\"137\" data-end=\"228\"><strong data-start=\"137\" data-end=\"228\">Pyramide d&rsquo;Orgonite avec Pierre des \u00c9toiles Bleue et Fleur de Lotus \u2013 Calme Mental et \u00c9nergie Positive<\/strong><\/p>\n<p data-start=\"137\" data-end=\"228\">dimensions : 5x5x5cm<\/p>\n<p class=\"\" data-start=\"230\" data-end=\"670\">D\u00e9couvrez le pouvoir de l&rsquo;harmonisation \u00e9nerg\u00e9tique avec cette magnifique pyramide d&rsquo;orgonite, fabriqu\u00e9e artisanalement avec de la <strong data-start=\"346\" data-end=\"363\">pierre des \u00e9toiles bleue<\/strong> et orn\u00e9e d&rsquo;une d\u00e9licate <strong data-start=\"392\" data-end=\"408\">fleur de lotus<\/strong>. La pierre des \u00e9toiles bleue est reconnue pour ses propri\u00e9t\u00e9s qui favorisent le calme mental, la clart\u00e9 int\u00e9rieure et la communication sereine. La fleur de lotus, symbole de puret\u00e9, de transformation et d&rsquo;\u00e9quilibre spirituel, apporte une \u00e9nergie douce et \u00e9lev\u00e9e \u00e0 tout espace.  <\/p>\n<p class=\"\" data-start=\"672\" data-end=\"853\">Id\u00e9ale pour la m\u00e9ditation, la d\u00e9coration ou comme outil \u00e9nerg\u00e9tique, cette pyramide aide \u00e0 neutraliser les \u00e9nergies n\u00e9gatives, favorisant un environnement de paix, de concentration et de bien-\u00eatre.<\/p>\n<p class=\"\" data-start=\"855\" data-end=\"884\">\u2728 <strong data-start=\"857\" data-end=\"884\">Principaux avantages&nbsp;:<\/strong><\/p>\n<ul data-start=\"886\" data-end=\"1099\">\n<li class=\"\" data-start=\"886\" data-end=\"932\">\n<p class=\"\" data-start=\"888\" data-end=\"932\">Transforme l&rsquo;\u00e9nergie n\u00e9gative en \u00e9nergie positive<\/p>\n<\/li>\n<li class=\"\" data-start=\"933\" data-end=\"978\">\n<p class=\"\" data-start=\"935\" data-end=\"978\">Favorise la s\u00e9r\u00e9nit\u00e9 mentale et la concentration<\/p>\n<\/li>\n<li class=\"\" data-start=\"979\" data-end=\"1031\">\n<p class=\"\" data-start=\"981\" data-end=\"1031\">Stimule l&rsquo;introspection et la connexion int\u00e9rieure<\/p>\n<\/li>\n<li class=\"\" data-start=\"1032\" data-end=\"1099\">\n<p class=\"\" data-start=\"1034\" data-end=\"1099\">Embellit tout espace avec son design symbolique et harmonieux<\/p>\n<\/li>\n<\/ul>\n<p class=\"\" data-start=\"1101\" data-end=\"1245\">Emportez-la avec vous ou placez-la dans votre maison, bureau ou espace de m\u00e9ditation pour \u00e9lever la vibration de l&rsquo;environnement et favoriser la tranquillit\u00e9 mentale.<\/p>\n","protected":false},"excerpt":{"rendered":"<p class=\"\" data-start=\"137\" data-end=\"228\"><strong data-start=\"137\" data-end=\"228\">Pyramide d&rsquo;Orgonite avec Pierre des \u00c9toiles Bleue et Fleur de Lotus \u2013 Calme Mental et \u00c9nergie Positive<\/strong><\/p>\n<p data-start=\"137\" data-end=\"228\">dimensions : 5x5x5cm<\/p>\n","protected":false},"featured_media":24655,"comment_status":"closed","ping_status":"closed","template":"","meta":[],"product_brand":[],"product_cat":[124,175],"product_tag":[],"class_list":{"0":"post-24651","1":"product","2":"type-product","3":"status-publish","4":"has-post-thumbnail","6":"product_cat-jardin-enchante","7":"product_cat-pyramides-orgonite","9":"first","10":"outofstock","11":"shipping-taxable","12":"purchasable","13":"product-type-simple"},"_links":{"self":[{"href":"https:\/\/mystikus.dsignpoint.com\/fr\/wp-json\/wp\/v2\/product\/24651","targetHints":{"allow":["GET"]}}],"collection":[{"href":"https:\/\/mystikus.dsignpoint.com\/fr\/wp-json\/wp\/v2\/product"}],"about":[{"href":"https:\/\/mystikus.dsignpoint.com\/fr\/wp-json\/wp\/v2\/types\/product"}],"replies":[{"embeddable":true,"href":"https:\/\/mystikus.dsignpoint.com\/fr\/wp-json\/wp\/v2\/comments?post=24651"}],"wp:featuredmedia":[{"embeddable":true,"href":"https:\/\/mystikus.dsignpoint.com\/fr\/wp-json\/wp\/v2\/media\/24655"}],"wp:attachment":[{"href":"https:\/\/mystikus.dsignpoint.com\/fr\/wp-json\/wp\/v2\/media?parent=24651"}],"wp:term":[{"taxonomy":"product_brand","embeddable":true,"href":"https:\/\/mystikus.dsignpoint.com\/fr\/wp-json\/wp\/v2\/product_brand?post=24651"},{"taxonomy":"product_cat","embeddable":true,"href":"https:\/\/mystikus.dsignpoint.com\/fr\/wp-json\/wp\/v2\/product_cat?post=24651"},{"taxonomy":"product_tag","embeddable":true,"href":"https:\/\/mystikus.dsignpoint.com\/fr\/wp-json\/wp\/v2\/product_tag?post=24651"}],"curies":[{"name":"wp","href":"https:\/\/api.w.org\/{rel}","templated":true}]}}