{"id":24698,"date":"2025-03-26T18:06:35","date_gmt":"2025-03-26T17:06:35","guid":{"rendered":"https:\/\/mystikus.dsignpoint.com\/producto\/pendule-damethyste\/"},"modified":"2025-03-26T18:06:35","modified_gmt":"2025-03-26T17:06:35","slug":"pendule-damethyste","status":"publish","type":"product","link":"https:\/\/mystikus.dsignpoint.com\/fr\/producto\/pendule-damethyste\/","title":{"rendered":"Pendule d&rsquo;am\u00e9thyste"},"content":{"rendered":"<p class=\"\" data-start=\"133\" data-end=\"202\"><strong data-start=\"133\" data-end=\"202\">Pendule d&rsquo;Am\u00e9thyste \u2013 Intuition, Clart\u00e9 et Protection \u00c9nerg\u00e9tique<\/strong><\/p>\n<p class=\"\" data-start=\"204\" data-end=\"600\">Le pendule d&rsquo;am\u00e9thyste est un outil puissant de connexion int\u00e9rieure, id\u00e9al pour les pratiques de radiesth\u00e9sie, de m\u00e9ditation et de gu\u00e9rison \u00e9nerg\u00e9tique. L&rsquo;<strong data-start=\"351\" data-end=\"363\">am\u00e9thyste<\/strong>, connue pour ses propri\u00e9t\u00e9s spirituelles, favorise le calme mental, l&rsquo;intuition et la protection \u00e9nerg\u00e9tique, faisant de ce pendule un alli\u00e9 parfait pour ceux qui cherchent des r\u00e9ponses venant du c\u0153ur et de la clart\u00e9 dans leurs d\u00e9cisions. <\/p>\n<p class=\"\" data-start=\"602\" data-end=\"846\">Gr\u00e2ce \u00e0 sa haute vibration, ce pendule aide \u00e0 \u00e9quilibrer les chakras, \u00e0 d\u00e9tecter les blocages \u00e9nerg\u00e9tiques et \u00e0 se connecter \u00e0 la sagesse int\u00e9rieure. Son \u00e9nergie douce mais profonde le rend id\u00e9al aussi bien pour les d\u00e9butants que pour les th\u00e9rapeutes holistiques. <\/p>\n<p class=\"\" data-start=\"848\" data-end=\"889\">\u2728 <strong data-start=\"850\" data-end=\"889\">Avantages du pendule d&rsquo;am\u00e9thyste&nbsp;:<\/strong><\/p>\n<ul data-start=\"890\" data-end=\"1134\">\n<li class=\"\" data-start=\"890\" data-end=\"953\">\n<p class=\"\" data-start=\"892\" data-end=\"953\">Facilite la connexion avec l&rsquo;intuition et le plan spirituel<\/p>\n<\/li>\n<li class=\"\" data-start=\"954\" data-end=\"1024\">\n<p class=\"\" data-start=\"956\" data-end=\"1024\">Aide \u00e0 la prise de d\u00e9cisions dans un \u00e9tat de calme et de clart\u00e9<\/p>\n<\/li>\n<li class=\"\" data-start=\"1025\" data-end=\"1071\">\n<p class=\"\" data-start=\"1027\" data-end=\"1071\">Prot\u00e8ge contre les \u00e9nergies denses ou n\u00e9gatives<\/p>\n<\/li>\n<li class=\"\" data-start=\"1072\" data-end=\"1134\">\n<p class=\"\" data-start=\"1074\" data-end=\"1134\">Excellent pour l&rsquo;harmonisation \u00e9nerg\u00e9tique et la m\u00e9ditation guid\u00e9e<\/p>\n<\/li>\n<\/ul>\n<p class=\"\" data-start=\"1136\" data-end=\"1314\">Utilisez-le lors de s\u00e9ances personnelles, de consultations \u00e9nerg\u00e9tiques ou simplement comme outil de connaissance de soi. Chaque pi\u00e8ce est unique, avec la beaut\u00e9 naturelle et vibrante de l&rsquo;am\u00e9thyste. <\/p>\n","protected":false},"excerpt":{"rendered":"<p>Pendule d&rsquo;Am\u00e9thyste \u2013 Intuition, Clart\u00e9 et Protection \u00c9nerg\u00e9tique Le pendule d&rsquo;am\u00e9thyste est un outil puissant de connexion int\u00e9rieure, id\u00e9al pour les pratiques de radiesth\u00e9sie, de m\u00e9ditation et de gu\u00e9rison \u00e9nerg\u00e9tique. L&rsquo;am\u00e9thyste, connue pour ses propri\u00e9t\u00e9s spirituelles, favorise le calme mental, l&rsquo;intuition et la protection \u00e9nerg\u00e9tique, faisant de ce pendule un alli\u00e9 parfait pour ceux qui [&hellip;]<\/p>\n","protected":false},"featured_media":783,"comment_status":"closed","ping_status":"closed","template":"","meta":[],"product_brand":[],"product_cat":[182,183],"product_tag":[],"class_list":{"0":"post-24698","1":"product","2":"type-product","3":"status-publish","4":"has-post-thumbnail","6":"product_cat-divination","7":"product_cat-pendules","9":"first","10":"instock","11":"shipping-taxable","12":"purchasable","13":"product-type-simple"},"_links":{"self":[{"href":"https:\/\/mystikus.dsignpoint.com\/fr\/wp-json\/wp\/v2\/product\/24698","targetHints":{"allow":["GET"]}}],"collection":[{"href":"https:\/\/mystikus.dsignpoint.com\/fr\/wp-json\/wp\/v2\/product"}],"about":[{"href":"https:\/\/mystikus.dsignpoint.com\/fr\/wp-json\/wp\/v2\/types\/product"}],"replies":[{"embeddable":true,"href":"https:\/\/mystikus.dsignpoint.com\/fr\/wp-json\/wp\/v2\/comments?post=24698"}],"wp:featuredmedia":[{"embeddable":true,"href":"https:\/\/mystikus.dsignpoint.com\/fr\/wp-json\/wp\/v2\/media\/783"}],"wp:attachment":[{"href":"https:\/\/mystikus.dsignpoint.com\/fr\/wp-json\/wp\/v2\/media?parent=24698"}],"wp:term":[{"taxonomy":"product_brand","embeddable":true,"href":"https:\/\/mystikus.dsignpoint.com\/fr\/wp-json\/wp\/v2\/product_brand?post=24698"},{"taxonomy":"product_cat","embeddable":true,"href":"https:\/\/mystikus.dsignpoint.com\/fr\/wp-json\/wp\/v2\/product_cat?post=24698"},{"taxonomy":"product_tag","embeddable":true,"href":"https:\/\/mystikus.dsignpoint.com\/fr\/wp-json\/wp\/v2\/product_tag?post=24698"}],"curies":[{"name":"wp","href":"https:\/\/api.w.org\/{rel}","templated":true}]}}