{"id":24710,"date":"2025-03-26T17:52:22","date_gmt":"2025-03-26T16:52:22","guid":{"rendered":"https:\/\/mystikus.dsignpoint.com\/producto\/pendule-pentagramme-et-lune-chakras\/"},"modified":"2025-03-26T17:52:22","modified_gmt":"2025-03-26T16:52:22","slug":"pendule-pentagramme-et-lune-chakras","status":"publish","type":"product","link":"https:\/\/mystikus.dsignpoint.com\/fr\/producto\/pendule-pentagramme-et-lune-chakras\/","title":{"rendered":"Pendule Pentagramme et Lune Chakras"},"content":{"rendered":"<p class=\"\" data-start=\"638\" data-end=\"705\"><strong data-start=\"638\" data-end=\"705\">Pendule \u00c9nerg\u00e9tique \u2013 Outil de Connexion et d\u2019Harmonie Int\u00e9rieure<\/strong><\/p>\n<p class=\"\" data-start=\"707\" data-end=\"1059\">Le pendule est un outil ancestral utilis\u00e9 en radiesth\u00e9sie et dans les th\u00e9rapies holistiques pour acc\u00e9der \u00e0 l\u2019information intuitive, \u00e9quilibrer les \u00e9nergies et soutenir les processus de gu\u00e9rison. Son fonctionnement repose sur la perception de micro-mouvements \u00e9nerg\u00e9tiques, ce qui permet d\u2019interpr\u00e9ter les r\u00e9ponses du corps, du champ \u00e9nerg\u00e9tique ou m\u00eame du subconscient. <\/p>\n<p class=\"\" data-start=\"1061\" data-end=\"1075\">Avec lui, vous pouvez :<\/p>\n<p class=\"\" data-start=\"1077\" data-end=\"1307\">\ud83d\udd39 Obtenir des r\u00e9ponses claires \u00e0 des questions ferm\u00e9es (oui\/non)<br data-start=\"1136\" data-end=\"1139\">\ud83d\udd39 D\u00e9tecter les blocages ou les d\u00e9s\u00e9quilibres dans les chakras<br data-start=\"1191\" data-end=\"1194\">\ud83d\udd39 Mesurer l\u2019\u00e9nergie des objets, des personnes ou des espaces<br data-start=\"1245\" data-end=\"1248\">\ud83d\udd39 Accompagner les pratiques de m\u00e9ditation et la prise de d\u00e9cisions<\/p>\n<p class=\"\" data-start=\"1309\" data-end=\"1493\">Disponible en diff\u00e9rents mat\u00e9riaux (quartz, am\u00e9thyste, m\u00e9tal, bois&#8230;), chacun avec sa propre vibration et son propre but. Id\u00e9al aussi bien pour les d\u00e9butants que pour les th\u00e9rapeutes \u00e9nerg\u00e9tiques. <\/p>\n<p class=\"\" data-start=\"1495\" data-end=\"1586\">Connectez-vous \u00e0 votre intuition et explorez le monde subtil avec cet outil pratique et puissant.<\/p>\n","protected":false},"excerpt":{"rendered":"<p><strong data-start=\"638\" data-end=\"705\">Pendule \u00c9nerg\u00e9tique \u2013 Outil de Connexion et d\u2019Harmonie Int\u00e9rieure<\/strong><\/p>\n<p>Le pendule est un outil ancestral utilis\u00e9 en radiesth\u00e9sie et dans les th\u00e9rapies holistiques pour acc\u00e9der \u00e0 l\u2019information intuitive, \u00e9quilibrer les \u00e9nergies et soutenir les processus de gu\u00e9rison. Son fonctionnement repose sur la perception de micro-mouvements \u00e9nerg\u00e9tiques, ce qui permet d\u2019interpr\u00e9ter les r\u00e9ponses du corps, du champ \u00e9nerg\u00e9tique ou m\u00eame du subconscient. <\/p>\n","protected":false},"featured_media":784,"comment_status":"closed","ping_status":"closed","template":"","meta":[],"product_brand":[],"product_cat":[182,183],"product_tag":[],"class_list":{"0":"post-24710","1":"product","2":"type-product","3":"status-publish","4":"has-post-thumbnail","6":"product_cat-divination","7":"product_cat-pendules","9":"first","10":"instock","11":"shipping-taxable","12":"purchasable","13":"product-type-simple"},"_links":{"self":[{"href":"https:\/\/mystikus.dsignpoint.com\/fr\/wp-json\/wp\/v2\/product\/24710","targetHints":{"allow":["GET"]}}],"collection":[{"href":"https:\/\/mystikus.dsignpoint.com\/fr\/wp-json\/wp\/v2\/product"}],"about":[{"href":"https:\/\/mystikus.dsignpoint.com\/fr\/wp-json\/wp\/v2\/types\/product"}],"replies":[{"embeddable":true,"href":"https:\/\/mystikus.dsignpoint.com\/fr\/wp-json\/wp\/v2\/comments?post=24710"}],"wp:featuredmedia":[{"embeddable":true,"href":"https:\/\/mystikus.dsignpoint.com\/fr\/wp-json\/wp\/v2\/media\/784"}],"wp:attachment":[{"href":"https:\/\/mystikus.dsignpoint.com\/fr\/wp-json\/wp\/v2\/media?parent=24710"}],"wp:term":[{"taxonomy":"product_brand","embeddable":true,"href":"https:\/\/mystikus.dsignpoint.com\/fr\/wp-json\/wp\/v2\/product_brand?post=24710"},{"taxonomy":"product_cat","embeddable":true,"href":"https:\/\/mystikus.dsignpoint.com\/fr\/wp-json\/wp\/v2\/product_cat?post=24710"},{"taxonomy":"product_tag","embeddable":true,"href":"https:\/\/mystikus.dsignpoint.com\/fr\/wp-json\/wp\/v2\/product_tag?post=24710"}],"curies":[{"name":"wp","href":"https:\/\/api.w.org\/{rel}","templated":true}]}}