{"id":24726,"date":"2025-05-07T16:59:16","date_gmt":"2025-05-07T14:59:16","guid":{"rendered":"https:\/\/mystikus.dsignpoint.com\/producto\/magie-du-magicien-saint-benoit\/"},"modified":"2025-05-07T16:59:16","modified_gmt":"2025-05-07T14:59:16","slug":"magie-du-magicien-saint-benoit","status":"publish","type":"product","link":"https:\/\/mystikus.dsignpoint.com\/fr\/producto\/magie-du-magicien-saint-benoit\/","title":{"rendered":"Magie du magicien Saint Beno\u00eet"},"content":{"rendered":"<p><strong>Contre le mal \u2013 Malheur et affliction \u2013 Forte protection<\/strong><\/p>\n<p>Contient une explication d\u00e9taill\u00e9e \u2013 Ingr\u00e9dients in\u00e9dits, selon les formules des grands mages.<\/p>\n<p>Prot\u00e8ge ton esprit et bloque les mauvaises \u00e9nergies : notre rituel de Saint Beno\u00eet contre le mal et de protection cr\u00e9e un bouclier autour de toi.<\/p>\n<p>Les explications peuvent \u00eatre demand\u00e9es dans n\u2019importe quelle langue.<\/p>\n","protected":false},"excerpt":{"rendered":"<p><strong>Contre le mal \u2013 Malheur et affliction \u2013 Forte protection<\/strong><\/p>\n<p>Contient une explication d\u00e9taill\u00e9e \u2013 Ingr\u00e9dients in\u00e9dits, selon les formules des grands mages.<\/p>\n<p>Prot\u00e8ge ton esprit et bloque les mauvaises \u00e9nergies : notre rituel de Saint Beno\u00eet contre le mal et de protection cr\u00e9e un bouclier autour de toi.<\/p>\n<p>Les explications peuvent \u00eatre demand\u00e9es dans n\u2019importe quelle langue.<\/p>\n","protected":false},"featured_media":23496,"comment_status":"closed","ping_status":"closed","template":"","meta":[],"product_brand":[],"product_cat":[139,185,145],"product_tag":[],"class_list":{"0":"post-24726","1":"product","2":"type-product","3":"status-publish","4":"has-post-thumbnail","6":"product_cat-esoteriques","7":"product_cat-magie-du-magicien","8":"product_cat-mystikus-collection","10":"first","11":"instock","12":"shipping-taxable","13":"purchasable","14":"product-type-simple"},"_links":{"self":[{"href":"https:\/\/mystikus.dsignpoint.com\/fr\/wp-json\/wp\/v2\/product\/24726","targetHints":{"allow":["GET"]}}],"collection":[{"href":"https:\/\/mystikus.dsignpoint.com\/fr\/wp-json\/wp\/v2\/product"}],"about":[{"href":"https:\/\/mystikus.dsignpoint.com\/fr\/wp-json\/wp\/v2\/types\/product"}],"replies":[{"embeddable":true,"href":"https:\/\/mystikus.dsignpoint.com\/fr\/wp-json\/wp\/v2\/comments?post=24726"}],"wp:featuredmedia":[{"embeddable":true,"href":"https:\/\/mystikus.dsignpoint.com\/fr\/wp-json\/wp\/v2\/media\/23496"}],"wp:attachment":[{"href":"https:\/\/mystikus.dsignpoint.com\/fr\/wp-json\/wp\/v2\/media?parent=24726"}],"wp:term":[{"taxonomy":"product_brand","embeddable":true,"href":"https:\/\/mystikus.dsignpoint.com\/fr\/wp-json\/wp\/v2\/product_brand?post=24726"},{"taxonomy":"product_cat","embeddable":true,"href":"https:\/\/mystikus.dsignpoint.com\/fr\/wp-json\/wp\/v2\/product_cat?post=24726"},{"taxonomy":"product_tag","embeddable":true,"href":"https:\/\/mystikus.dsignpoint.com\/fr\/wp-json\/wp\/v2\/product_tag?post=24726"}],"curies":[{"name":"wp","href":"https:\/\/api.w.org\/{rel}","templated":true}]}}