{"id":24779,"date":"2025-05-07T18:58:44","date_gmt":"2025-05-07T16:58:44","guid":{"rendered":"https:\/\/mystikus.dsignpoint.com\/producto\/bracelet-full-serenity-serenite\/"},"modified":"2025-05-07T18:58:44","modified_gmt":"2025-05-07T16:58:44","slug":"bracelet-full-serenity-serenite","status":"publish","type":"product","link":"https:\/\/mystikus.dsignpoint.com\/fr\/producto\/bracelet-full-serenity-serenite\/","title":{"rendered":"Bracelet Full Serenity \u2013 S\u00e9r\u00e9nit\u00e9"},"content":{"rendered":"<p>Bracelet Full Serenity \u2013 S\u00e9r\u00e9nit\u00e9<\/p>\n<p>Pierres naturelles \u2013 chaque pierre a sa propri\u00e9t\u00e9 spirituelle<\/p>\n<p>Dans une bo\u00eete personnalis\u00e9e<\/p>\n","protected":false},"excerpt":{"rendered":"<p>Bracelet Full Serenity \u2013 S\u00e9r\u00e9nit\u00e9<\/p>\n<p>Pierres naturelles \u2013 chaque pierre a sa propri\u00e9t\u00e9 spirituelle<\/p>\n<p>Dans une bo\u00eete personnalis\u00e9e<\/p>\n","protected":false},"featured_media":519,"comment_status":"closed","ping_status":"closed","template":"","meta":[],"product_brand":[],"product_cat":[134,106],"product_tag":[],"class_list":{"0":"post-24779","1":"product","2":"type-product","3":"status-publish","4":"has-post-thumbnail","6":"product_cat-bracelets","7":"product_cat-mineraux-et-bijoux","9":"first","10":"instock","11":"shipping-taxable","12":"purchasable","13":"product-type-simple"},"_links":{"self":[{"href":"https:\/\/mystikus.dsignpoint.com\/fr\/wp-json\/wp\/v2\/product\/24779","targetHints":{"allow":["GET"]}}],"collection":[{"href":"https:\/\/mystikus.dsignpoint.com\/fr\/wp-json\/wp\/v2\/product"}],"about":[{"href":"https:\/\/mystikus.dsignpoint.com\/fr\/wp-json\/wp\/v2\/types\/product"}],"replies":[{"embeddable":true,"href":"https:\/\/mystikus.dsignpoint.com\/fr\/wp-json\/wp\/v2\/comments?post=24779"}],"wp:featuredmedia":[{"embeddable":true,"href":"https:\/\/mystikus.dsignpoint.com\/fr\/wp-json\/wp\/v2\/media\/519"}],"wp:attachment":[{"href":"https:\/\/mystikus.dsignpoint.com\/fr\/wp-json\/wp\/v2\/media?parent=24779"}],"wp:term":[{"taxonomy":"product_brand","embeddable":true,"href":"https:\/\/mystikus.dsignpoint.com\/fr\/wp-json\/wp\/v2\/product_brand?post=24779"},{"taxonomy":"product_cat","embeddable":true,"href":"https:\/\/mystikus.dsignpoint.com\/fr\/wp-json\/wp\/v2\/product_cat?post=24779"},{"taxonomy":"product_tag","embeddable":true,"href":"https:\/\/mystikus.dsignpoint.com\/fr\/wp-json\/wp\/v2\/product_tag?post=24779"}],"curies":[{"name":"wp","href":"https:\/\/api.w.org\/{rel}","templated":true}]}}