{"id":24794,"date":"2025-05-08T17:35:50","date_gmt":"2025-05-08T15:35:50","guid":{"rendered":"https:\/\/mystikus.dsignpoint.com\/producto\/magie-du-mage-contre-la-sorcellerie\/"},"modified":"2025-05-08T17:35:50","modified_gmt":"2025-05-08T15:35:50","slug":"magie-du-mage-contre-la-sorcellerie","status":"publish","type":"product","link":"https:\/\/mystikus.dsignpoint.com\/fr\/producto\/magie-du-mage-contre-la-sorcellerie\/","title":{"rendered":"Magie du mage contre la sorcellerie"},"content":{"rendered":"<p><strong>\u00c9limine le mal et la sorcellerie<\/strong><\/p>\n<p>Contient une explication d\u00e9taill\u00e9e \u2013 Ingr\u00e9dients in\u00e9dits, selon les formules des grands mages.<\/p>\n<p>Avec le pouvoir des forces occultes et de la lumi\u00e8re ancestrale, bannissez la sorcellerie, brisez les mal\u00e9dictions et lib\u00e9rez votre \u00e2me. Un rituel mystique pour arracher le mal \u00e0 la racine <\/p>\n<p>Les explications peuvent \u00eatre demand\u00e9es dans n&rsquo;importe quelle langue.<\/p>\n","protected":false},"excerpt":{"rendered":"<p><strong>\u00c9limine le mal et la sorcellerie<\/strong><\/p>\n<p>Contient une explication d\u00e9taill\u00e9e \u2013 Ingr\u00e9dients in\u00e9dits, selon les formules des grands mages.<\/p>\n<p>Avec le pouvoir des forces occultes et de la lumi\u00e8re ancestrale, bannissez la sorcellerie, brisez les mal\u00e9dictions et lib\u00e9rez votre \u00e2me. Un rituel mystique pour arracher le mal \u00e0 la racine <\/p>\n<p>Les explications peuvent \u00eatre demand\u00e9es dans n&rsquo;importe quelle langue.<\/p>\n","protected":false},"featured_media":23499,"comment_status":"closed","ping_status":"closed","template":"","meta":[],"product_brand":[],"product_cat":[139,193,185,145],"product_tag":[],"class_list":{"0":"post-24794","1":"product","2":"type-product","3":"status-publish","4":"has-post-thumbnail","6":"product_cat-esoteriques","7":"product_cat-magie-du-magicien","9":"product_cat-mystikus-collection","11":"first","12":"instock","13":"shipping-taxable","14":"purchasable","15":"product-type-simple"},"_links":{"self":[{"href":"https:\/\/mystikus.dsignpoint.com\/fr\/wp-json\/wp\/v2\/product\/24794","targetHints":{"allow":["GET"]}}],"collection":[{"href":"https:\/\/mystikus.dsignpoint.com\/fr\/wp-json\/wp\/v2\/product"}],"about":[{"href":"https:\/\/mystikus.dsignpoint.com\/fr\/wp-json\/wp\/v2\/types\/product"}],"replies":[{"embeddable":true,"href":"https:\/\/mystikus.dsignpoint.com\/fr\/wp-json\/wp\/v2\/comments?post=24794"}],"wp:featuredmedia":[{"embeddable":true,"href":"https:\/\/mystikus.dsignpoint.com\/fr\/wp-json\/wp\/v2\/media\/23499"}],"wp:attachment":[{"href":"https:\/\/mystikus.dsignpoint.com\/fr\/wp-json\/wp\/v2\/media?parent=24794"}],"wp:term":[{"taxonomy":"product_brand","embeddable":true,"href":"https:\/\/mystikus.dsignpoint.com\/fr\/wp-json\/wp\/v2\/product_brand?post=24794"},{"taxonomy":"product_cat","embeddable":true,"href":"https:\/\/mystikus.dsignpoint.com\/fr\/wp-json\/wp\/v2\/product_cat?post=24794"},{"taxonomy":"product_tag","embeddable":true,"href":"https:\/\/mystikus.dsignpoint.com\/fr\/wp-json\/wp\/v2\/product_tag?post=24794"}],"curies":[{"name":"wp","href":"https:\/\/api.w.org\/{rel}","templated":true}]}}