{"id":24809,"date":"2025-05-08T17:23:00","date_gmt":"2025-05-08T15:23:00","guid":{"rendered":"https:\/\/mystikus.dsignpoint.com\/producto\/magie-du-mage-epee-de-saint-georges\/"},"modified":"2025-05-08T17:23:00","modified_gmt":"2025-05-08T15:23:00","slug":"magie-du-mage-epee-de-saint-georges","status":"publish","type":"product","link":"https:\/\/mystikus.dsignpoint.com\/fr\/producto\/magie-du-mage-epee-de-saint-georges\/","title":{"rendered":"Magie du Mage \u00c9p\u00e9e de Saint-Georges"},"content":{"rendered":"<p><strong>D\u00e9fense et protection contre les ennemis<\/strong><\/p>\n<p>Contient une explication d\u00e9taill\u00e9e \u2013 Ingr\u00e9dients in\u00e9dits, selon les formules des grands mages.<\/p>\n<p>Avec la force de l&rsquo;\u00c9p\u00e9e de Saint-Georges, coupe les mauvaises intentions et d\u00e9sarme tes ennemis. Un rituel de d\u00e9fense puissant, servant de bouclier imp\u00e9n\u00e9trable. <\/p>\n<p>Les explications peuvent \u00eatre demand\u00e9es dans n&rsquo;importe quelle langue.<\/p>\n","protected":false},"excerpt":{"rendered":"<p><strong>D\u00e9fense et protection contre les ennemis<\/strong><\/p>\n<p>Contient une explication d\u00e9taill\u00e9e \u2013 Ingr\u00e9dients in\u00e9dits, selon les formules des grands mages.<\/p>\n<p>Avec la force de l&rsquo;\u00c9p\u00e9e de Saint-Georges, coupe les mauvaises intentions et d\u00e9sarme tes ennemis. Un rituel de d\u00e9fense puissant, servant de bouclier imp\u00e9n\u00e9trable. <\/p>\n<p>Les explications peuvent \u00eatre demand\u00e9es dans n&rsquo;importe quelle langue.<\/p>\n","protected":false},"featured_media":23497,"comment_status":"closed","ping_status":"closed","template":"","meta":[],"product_brand":[],"product_cat":[139,185,193,145],"product_tag":[],"class_list":{"0":"post-24809","1":"product","2":"type-product","3":"status-publish","4":"has-post-thumbnail","6":"product_cat-esoteriques","7":"product_cat-magie-du-magicien","9":"product_cat-mystikus-collection","11":"first","12":"instock","13":"shipping-taxable","14":"purchasable","15":"product-type-simple"},"_links":{"self":[{"href":"https:\/\/mystikus.dsignpoint.com\/fr\/wp-json\/wp\/v2\/product\/24809","targetHints":{"allow":["GET"]}}],"collection":[{"href":"https:\/\/mystikus.dsignpoint.com\/fr\/wp-json\/wp\/v2\/product"}],"about":[{"href":"https:\/\/mystikus.dsignpoint.com\/fr\/wp-json\/wp\/v2\/types\/product"}],"replies":[{"embeddable":true,"href":"https:\/\/mystikus.dsignpoint.com\/fr\/wp-json\/wp\/v2\/comments?post=24809"}],"wp:featuredmedia":[{"embeddable":true,"href":"https:\/\/mystikus.dsignpoint.com\/fr\/wp-json\/wp\/v2\/media\/23497"}],"wp:attachment":[{"href":"https:\/\/mystikus.dsignpoint.com\/fr\/wp-json\/wp\/v2\/media?parent=24809"}],"wp:term":[{"taxonomy":"product_brand","embeddable":true,"href":"https:\/\/mystikus.dsignpoint.com\/fr\/wp-json\/wp\/v2\/product_brand?post=24809"},{"taxonomy":"product_cat","embeddable":true,"href":"https:\/\/mystikus.dsignpoint.com\/fr\/wp-json\/wp\/v2\/product_cat?post=24809"},{"taxonomy":"product_tag","embeddable":true,"href":"https:\/\/mystikus.dsignpoint.com\/fr\/wp-json\/wp\/v2\/product_tag?post=24809"}],"curies":[{"name":"wp","href":"https:\/\/api.w.org\/{rel}","templated":true}]}}