{"id":24810,"date":"2025-05-08T16:48:36","date_gmt":"2025-05-08T14:48:36","guid":{"rendered":"https:\/\/mystikus.dsignpoint.com\/producto\/magie-du-mage-ouvre-les-chemins\/"},"modified":"2025-05-08T16:48:36","modified_gmt":"2025-05-08T14:48:36","slug":"magie-du-mage-ouvre-les-chemins","status":"publish","type":"product","link":"https:\/\/mystikus.dsignpoint.com\/fr\/producto\/magie-du-mage-ouvre-les-chemins\/","title":{"rendered":"Magie du Mage Ouvre les Chemins"},"content":{"rendered":"<p><strong>Ouvre les Chemins<\/strong><\/p>\n<p><strong>Travail \u2013 Amour \u2013 Argent<\/strong><\/p>\n<p><strong>Apporte de la Stabilit\u00e9<\/strong><\/p>\n<p>Contient une explication d\u00e9taill\u00e9e \u2013 Ingr\u00e9dients in\u00e9dits, selon les formules des grands mages.<\/p>\n<p>\u00ab Ouvre les portes du succ\u00e8s et de la prosp\u00e9rit\u00e9 : d\u00e9couvre notre rituel magique pour d\u00e9gager ton chemin et attirer de nouvelles opportunit\u00e9s. \u00bb<\/p>\n<p>Les explications peuvent \u00eatre demand\u00e9es dans n\u2019importe quelle langue.<\/p>\n<p>&nbsp;<\/p>\n","protected":false},"excerpt":{"rendered":"<p><strong>Ouvre les Chemins<\/strong><\/p>\n<p><strong>Travail \u2013 Amour \u2013 Argent<\/strong><\/p>\n<p><strong>Apporte de la Stabilit\u00e9<\/strong><\/p>\n<p>Contient une explication d\u00e9taill\u00e9e \u2013 Ingr\u00e9dients in\u00e9dits, selon les formules des grands mages.<\/p>\n<p>Ouvre les portes du succ\u00e8s et de la prosp\u00e9rit\u00e9 : d\u00e9couvre notre rituel magique pour d\u00e9gager ton chemin et attirer de nouvelles opportunit\u00e9s.<\/p>\n<p>Les explications peuvent \u00eatre demand\u00e9es dans n\u2019importe quelle langue.<\/p>\n","protected":false},"featured_media":23500,"comment_status":"closed","ping_status":"closed","template":"","meta":[],"product_brand":[],"product_cat":[139,185,193,145],"product_tag":[],"class_list":{"0":"post-24810","1":"product","2":"type-product","3":"status-publish","4":"has-post-thumbnail","6":"product_cat-esoteriques","7":"product_cat-magie-du-magicien","9":"product_cat-mystikus-collection","11":"first","12":"instock","13":"shipping-taxable","14":"purchasable","15":"product-type-simple"},"_links":{"self":[{"href":"https:\/\/mystikus.dsignpoint.com\/fr\/wp-json\/wp\/v2\/product\/24810","targetHints":{"allow":["GET"]}}],"collection":[{"href":"https:\/\/mystikus.dsignpoint.com\/fr\/wp-json\/wp\/v2\/product"}],"about":[{"href":"https:\/\/mystikus.dsignpoint.com\/fr\/wp-json\/wp\/v2\/types\/product"}],"replies":[{"embeddable":true,"href":"https:\/\/mystikus.dsignpoint.com\/fr\/wp-json\/wp\/v2\/comments?post=24810"}],"wp:featuredmedia":[{"embeddable":true,"href":"https:\/\/mystikus.dsignpoint.com\/fr\/wp-json\/wp\/v2\/media\/23500"}],"wp:attachment":[{"href":"https:\/\/mystikus.dsignpoint.com\/fr\/wp-json\/wp\/v2\/media?parent=24810"}],"wp:term":[{"taxonomy":"product_brand","embeddable":true,"href":"https:\/\/mystikus.dsignpoint.com\/fr\/wp-json\/wp\/v2\/product_brand?post=24810"},{"taxonomy":"product_cat","embeddable":true,"href":"https:\/\/mystikus.dsignpoint.com\/fr\/wp-json\/wp\/v2\/product_cat?post=24810"},{"taxonomy":"product_tag","embeddable":true,"href":"https:\/\/mystikus.dsignpoint.com\/fr\/wp-json\/wp\/v2\/product_tag?post=24810"}],"curies":[{"name":"wp","href":"https:\/\/api.w.org\/{rel}","templated":true}]}}