{"id":24842,"date":"2025-05-10T12:10:42","date_gmt":"2025-05-10T10:10:42","guid":{"rendered":"https:\/\/mystikus.dsignpoint.com\/producto\/encens-en-cone-chasse-ames\/"},"modified":"2025-05-10T12:10:42","modified_gmt":"2025-05-10T10:10:42","slug":"encens-en-cone-chasse-ames","status":"publish","type":"product","link":"https:\/\/mystikus.dsignpoint.com\/fr\/producto\/encens-en-cone-chasse-ames\/","title":{"rendered":"Encens en c\u00f4ne Chasse-\u00c2mes"},"content":{"rendered":"<p><strong>Encens en c\u00f4ne Chasse-\u00c2mes<\/strong><\/p>\n<p>L&rsquo;encens en c\u00f4ne Chasse-\u00c2mes est un type sp\u00e9cial d&rsquo;encens utilis\u00e9 dans les pratiques spirituelles et les rituels de protection. Son nom sugg\u00e8re son but&nbsp;: \u00e9loigner les \u00e9nergies n\u00e9gatives, les mauvaises vibrations et les pr\u00e9sences ind\u00e9sirables de l&rsquo;environnement. \u00c9labor\u00e9 avec un m\u00e9lange d&rsquo;herbes, de r\u00e9sines et d&rsquo;essences naturelles, en s&rsquo;allumant, sa fum\u00e9e parfum\u00e9e purifie l&rsquo;espace, favorisant un environnement de paix et d&rsquo;harmonie. Utilis\u00e9 dans les c\u00e9r\u00e9monies de nettoyage \u00e9nerg\u00e9tique, c&rsquo;est un outil populaire parmi ceux qui cherchent \u00e0 maintenir la bonne \u00e9nergie dans leurs maisons ou espaces personnels   <\/p>\n","protected":false},"excerpt":{"rendered":"<p><strong>Encens en c\u00f4ne Chasse-\u00c2mes<\/strong><\/p>\n<p>L&rsquo;encens en c\u00f4ne Chasse-\u00c2mes est un type sp\u00e9cial d&rsquo;encens utilis\u00e9 dans les pratiques spirituelles et les rituels de protection. Son nom sugg\u00e8re son but&nbsp;: \u00e9loigner les \u00e9nergies n\u00e9gatives, les mauvaises vibrations et les pr\u00e9sences ind\u00e9sirables de l&rsquo;environnement. \u00c9labor\u00e9 avec un m\u00e9lange d&rsquo;herbes, de r\u00e9sines et d&rsquo;essences naturelles, en s&rsquo;allumant, sa fum\u00e9e parfum\u00e9e purifie l&rsquo;espace, favorisant un environnement de paix et d&rsquo;harmonie. Utilis\u00e9 dans les c\u00e9r\u00e9monies de nettoyage \u00e9nerg\u00e9tique, c&rsquo;est un outil populaire parmi ceux qui cherchent \u00e0 maintenir la bonne \u00e9nergie dans leurs maisons ou espaces personnels   <\/p>\n","protected":false},"featured_media":551,"comment_status":"closed","ping_status":"closed","template":"","meta":[],"product_brand":[],"product_cat":[197,118,145],"product_tag":[],"class_list":{"0":"post-24842","1":"product","2":"type-product","3":"status-publish","4":"has-post-thumbnail","6":"product_cat-encens-de-intention","7":"product_cat-encens-et-aromes","8":"product_cat-mystikus-collection","10":"first","11":"instock","12":"sale","13":"shipping-taxable","14":"purchasable","15":"product-type-simple"},"_links":{"self":[{"href":"https:\/\/mystikus.dsignpoint.com\/fr\/wp-json\/wp\/v2\/product\/24842","targetHints":{"allow":["GET"]}}],"collection":[{"href":"https:\/\/mystikus.dsignpoint.com\/fr\/wp-json\/wp\/v2\/product"}],"about":[{"href":"https:\/\/mystikus.dsignpoint.com\/fr\/wp-json\/wp\/v2\/types\/product"}],"replies":[{"embeddable":true,"href":"https:\/\/mystikus.dsignpoint.com\/fr\/wp-json\/wp\/v2\/comments?post=24842"}],"wp:featuredmedia":[{"embeddable":true,"href":"https:\/\/mystikus.dsignpoint.com\/fr\/wp-json\/wp\/v2\/media\/551"}],"wp:attachment":[{"href":"https:\/\/mystikus.dsignpoint.com\/fr\/wp-json\/wp\/v2\/media?parent=24842"}],"wp:term":[{"taxonomy":"product_brand","embeddable":true,"href":"https:\/\/mystikus.dsignpoint.com\/fr\/wp-json\/wp\/v2\/product_brand?post=24842"},{"taxonomy":"product_cat","embeddable":true,"href":"https:\/\/mystikus.dsignpoint.com\/fr\/wp-json\/wp\/v2\/product_cat?post=24842"},{"taxonomy":"product_tag","embeddable":true,"href":"https:\/\/mystikus.dsignpoint.com\/fr\/wp-json\/wp\/v2\/product_tag?post=24842"}],"curies":[{"name":"wp","href":"https:\/\/api.w.org\/{rel}","templated":true}]}}