{"id":24899,"date":"2025-05-12T16:48:55","date_gmt":"2025-05-12T14:48:55","guid":{"rendered":"https:\/\/mystikus.dsignpoint.com\/producto\/bougie-du-gardien-coupe-negativite\/"},"modified":"2025-05-12T16:48:55","modified_gmt":"2025-05-12T14:48:55","slug":"bougie-du-gardien-coupe-negativite","status":"publish","type":"product","link":"https:\/\/mystikus.dsignpoint.com\/fr\/producto\/bougie-du-gardien-coupe-negativite\/","title":{"rendered":"Bougie du Gardien Coupe N\u00e9gativit\u00e9"},"content":{"rendered":"<p><strong>Bougie du Gardien Coupe N\u00e9gativit\u00e9<\/strong><\/p>\n<p>Contient une bougie avec talisman, de l\u2019encens et de l\u2019huile<\/p>\n<p>Explication et instructions d\u2019utilisation<\/p>\n","protected":false},"excerpt":{"rendered":"<p><strong>Bougie du Gardien Coupe N\u00e9gativit\u00e9<\/strong><\/p>\n<p>Contient une bougie avec talisman, de l\u2019encens et de l\u2019huile<\/p>\n<p>Explication et instructions d\u2019utilisation<\/p>\n","protected":false},"featured_media":778,"comment_status":"open","ping_status":"closed","template":"","meta":[],"product_brand":[],"product_cat":[201,202,139,145],"product_tag":[],"class_list":{"0":"post-24899","1":"product","2":"type-product","3":"status-publish","4":"has-post-thumbnail","6":"product_cat-bougies-de-demande","7":"product_cat-bougies-du-gardien","8":"product_cat-esoteriques","9":"product_cat-mystikus-collection","11":"first","12":"instock","13":"shipping-taxable","14":"purchasable","15":"product-type-simple"},"_links":{"self":[{"href":"https:\/\/mystikus.dsignpoint.com\/fr\/wp-json\/wp\/v2\/product\/24899","targetHints":{"allow":["GET"]}}],"collection":[{"href":"https:\/\/mystikus.dsignpoint.com\/fr\/wp-json\/wp\/v2\/product"}],"about":[{"href":"https:\/\/mystikus.dsignpoint.com\/fr\/wp-json\/wp\/v2\/types\/product"}],"replies":[{"embeddable":true,"href":"https:\/\/mystikus.dsignpoint.com\/fr\/wp-json\/wp\/v2\/comments?post=24899"}],"wp:featuredmedia":[{"embeddable":true,"href":"https:\/\/mystikus.dsignpoint.com\/fr\/wp-json\/wp\/v2\/media\/778"}],"wp:attachment":[{"href":"https:\/\/mystikus.dsignpoint.com\/fr\/wp-json\/wp\/v2\/media?parent=24899"}],"wp:term":[{"taxonomy":"product_brand","embeddable":true,"href":"https:\/\/mystikus.dsignpoint.com\/fr\/wp-json\/wp\/v2\/product_brand?post=24899"},{"taxonomy":"product_cat","embeddable":true,"href":"https:\/\/mystikus.dsignpoint.com\/fr\/wp-json\/wp\/v2\/product_cat?post=24899"},{"taxonomy":"product_tag","embeddable":true,"href":"https:\/\/mystikus.dsignpoint.com\/fr\/wp-json\/wp\/v2\/product_tag?post=24899"}],"curies":[{"name":"wp","href":"https:\/\/api.w.org\/{rel}","templated":true}]}}