{"id":24920,"date":"2025-05-12T15:54:43","date_gmt":"2025-05-12T13:54:43","guid":{"rendered":"https:\/\/mystikus.dsignpoint.com\/producto\/bougie-des-saints\/"},"modified":"2025-05-12T15:54:43","modified_gmt":"2025-05-12T13:54:43","slug":"bougie-des-saints","status":"publish","type":"product","link":"https:\/\/mystikus.dsignpoint.com\/fr\/producto\/bougie-des-saints\/","title":{"rendered":"Bougie des Saints"},"content":{"rendered":"<p class=\"cvGsUA direction-ltr align-center para-style-body\"><span class=\"OYPEnA font-feature-liga-off font-feature-clig-off font-feature-calt-off text-decoration-none text-strikethrough-none\">Nos bougies d\u00e9di\u00e9es aux saints sont con\u00e7ues pour renforcer votre foi, illuminer votre chemin et vous connecter \u00e0 l&rsquo;\u00e9nergie divine. Chaque bougie repr\u00e9sente la protection, la guidance et les b\u00e9n\u00e9dictions d&rsquo;un saint en particulier, vous aidant dans les moments de besoin, de gratitude ou de r\u00e9flexion. <\/span><\/p>\n<p class=\"cvGsUA direction-ltr align-center para-style-body\"><span class=\"OYPEnA font-feature-liga-off font-feature-clig-off font-feature-calt-off text-decoration-none text-strikethrough-none\">Allumez une bougie avec foi et laissez sa lumi\u00e8re \u00e9lever vos pri\u00e8res et vos demandes.<\/span><\/p>\n<p class=\"cvGsUA direction-ltr align-center para-style-body\"><span class=\"OYPEnA font-feature-liga-off font-feature-clig-off font-feature-calt-off text-decoration-none text-strikethrough-none\">Fabriqu\u00e9es avec des ingr\u00e9dients naturels et dynamis\u00e9es avec une intention spirituelle.<\/span><\/p>\n<p class=\"cvGsUA direction-ltr align-center para-style-body\"><span class=\"OYPEnA font-feature-liga-off font-feature-clig-off font-feature-calt-off text-decoration-none text-strikethrough-none\">Choisissez votre bougie et laissez la lumi\u00e8re des saints vous accompagner<\/span><\/p>\n<p class=\"cvGsUA direction-ltr align-center para-style-body\"><span class=\"OYPEnA font-feature-liga-off font-feature-clig-off font-feature-calt-off text-decoration-none text-strikethrough-none\">Inclut une pri\u00e8re<\/span><\/p>\n","protected":false},"excerpt":{"rendered":"<p><strong>Bougie des Saints<\/strong><\/p>\n<p>Choisissez le saint auquel vous voulez prier ou demander quelque chose<\/p>\n","protected":false},"featured_media":752,"comment_status":"open","ping_status":"closed","template":"","meta":[],"product_brand":[],"product_cat":[201,206,139,145],"product_tag":[],"class_list":{"0":"post-24920","1":"product","2":"type-product","3":"status-publish","4":"has-post-thumbnail","6":"product_cat-bougies-de-demande","7":"product_cat-bougies-saints","8":"product_cat-esoteriques","9":"product_cat-mystikus-collection","11":"first","12":"instock","13":"shipping-taxable","14":"purchasable","15":"product-type-variable"},"_links":{"self":[{"href":"https:\/\/mystikus.dsignpoint.com\/fr\/wp-json\/wp\/v2\/product\/24920","targetHints":{"allow":["GET"]}}],"collection":[{"href":"https:\/\/mystikus.dsignpoint.com\/fr\/wp-json\/wp\/v2\/product"}],"about":[{"href":"https:\/\/mystikus.dsignpoint.com\/fr\/wp-json\/wp\/v2\/types\/product"}],"replies":[{"embeddable":true,"href":"https:\/\/mystikus.dsignpoint.com\/fr\/wp-json\/wp\/v2\/comments?post=24920"}],"wp:featuredmedia":[{"embeddable":true,"href":"https:\/\/mystikus.dsignpoint.com\/fr\/wp-json\/wp\/v2\/media\/752"}],"wp:attachment":[{"href":"https:\/\/mystikus.dsignpoint.com\/fr\/wp-json\/wp\/v2\/media?parent=24920"}],"wp:term":[{"taxonomy":"product_brand","embeddable":true,"href":"https:\/\/mystikus.dsignpoint.com\/fr\/wp-json\/wp\/v2\/product_brand?post=24920"},{"taxonomy":"product_cat","embeddable":true,"href":"https:\/\/mystikus.dsignpoint.com\/fr\/wp-json\/wp\/v2\/product_cat?post=24920"},{"taxonomy":"product_tag","embeddable":true,"href":"https:\/\/mystikus.dsignpoint.com\/fr\/wp-json\/wp\/v2\/product_tag?post=24920"}],"curies":[{"name":"wp","href":"https:\/\/api.w.org\/{rel}","templated":true}]}}