{"id":24975,"date":"2025-05-10T12:43:32","date_gmt":"2025-05-10T10:43:32","guid":{"rendered":"https:\/\/mystikus.dsignpoint.com\/producto\/encens-en-cone-bouclier-protecteur\/"},"modified":"2025-05-10T12:43:32","modified_gmt":"2025-05-10T10:43:32","slug":"encens-en-cone-bouclier-protecteur","status":"publish","type":"product","link":"https:\/\/mystikus.dsignpoint.com\/fr\/producto\/encens-en-cone-bouclier-protecteur\/","title":{"rendered":"Encens en c\u00f4ne Bouclier Protecteur"},"content":{"rendered":"<p><strong>Encens en c\u00f4ne Bouclier Protecteur<\/strong><\/p>\n<p>L&rsquo;encens en c\u00f4ne Bouclier Protecteur est un produit spirituel con\u00e7u pour cr\u00e9er une barri\u00e8re \u00e9nerg\u00e9tique qui prot\u00e8ge contre les \u00e9nergies n\u00e9gatives, les mauvaises vibrations et les dangers spirituels. En br\u00fblant, sa fum\u00e9e parfum\u00e9e forme un bouclier invisible qui purifie l&rsquo;environnement, repousse les influences n\u00e9fastes et favorise un espace de paix et de s\u00e9curit\u00e9. Il est id\u00e9al pour les rituels de protection, les m\u00e9ditations ou simplement pour maintenir une maison ou un espace personnel \u00e0 l&rsquo;abri des \u00e9nergies ind\u00e9sirables.  <\/p>\n","protected":false},"excerpt":{"rendered":"<p><strong>Encens en c\u00f4ne Bouclier Protecteur<\/strong><\/p>\n<p>L&rsquo;encens en c\u00f4ne Bouclier Protecteur est un produit spirituel con\u00e7u pour cr\u00e9er une barri\u00e8re \u00e9nerg\u00e9tique qui prot\u00e8ge contre les \u00e9nergies n\u00e9gatives, les mauvaises vibrations et les dangers spirituels. En br\u00fblant, sa fum\u00e9e parfum\u00e9e forme un bouclier invisible qui purifie l&rsquo;environnement, repousse les influences n\u00e9fastes et favorise un espace de paix et de s\u00e9curit\u00e9. Il est id\u00e9al pour les rituels de protection, les m\u00e9ditations ou simplement pour maintenir une maison ou un espace personnel \u00e0 l&rsquo;abri des \u00e9nergies ind\u00e9sirables.  <\/p>\n","protected":false},"featured_media":557,"comment_status":"closed","ping_status":"closed","template":"","meta":[],"product_brand":[],"product_cat":[207,197,118,145],"product_tag":[],"class_list":{"0":"post-24975","1":"product","2":"type-product","3":"status-publish","4":"has-post-thumbnail","6":"product_cat-encens-de-but","7":"product_cat-encens-de-intention","8":"product_cat-encens-et-aromes","9":"product_cat-mystikus-collection","11":"first","12":"instock","13":"shipping-taxable","14":"purchasable","15":"product-type-simple"},"_links":{"self":[{"href":"https:\/\/mystikus.dsignpoint.com\/fr\/wp-json\/wp\/v2\/product\/24975","targetHints":{"allow":["GET"]}}],"collection":[{"href":"https:\/\/mystikus.dsignpoint.com\/fr\/wp-json\/wp\/v2\/product"}],"about":[{"href":"https:\/\/mystikus.dsignpoint.com\/fr\/wp-json\/wp\/v2\/types\/product"}],"replies":[{"embeddable":true,"href":"https:\/\/mystikus.dsignpoint.com\/fr\/wp-json\/wp\/v2\/comments?post=24975"}],"wp:featuredmedia":[{"embeddable":true,"href":"https:\/\/mystikus.dsignpoint.com\/fr\/wp-json\/wp\/v2\/media\/557"}],"wp:attachment":[{"href":"https:\/\/mystikus.dsignpoint.com\/fr\/wp-json\/wp\/v2\/media?parent=24975"}],"wp:term":[{"taxonomy":"product_brand","embeddable":true,"href":"https:\/\/mystikus.dsignpoint.com\/fr\/wp-json\/wp\/v2\/product_brand?post=24975"},{"taxonomy":"product_cat","embeddable":true,"href":"https:\/\/mystikus.dsignpoint.com\/fr\/wp-json\/wp\/v2\/product_cat?post=24975"},{"taxonomy":"product_tag","embeddable":true,"href":"https:\/\/mystikus.dsignpoint.com\/fr\/wp-json\/wp\/v2\/product_tag?post=24975"}],"curies":[{"name":"wp","href":"https:\/\/api.w.org\/{rel}","templated":true}]}}