{"id":24977,"date":"2025-05-10T12:20:55","date_gmt":"2025-05-10T10:20:55","guid":{"rendered":"https:\/\/mystikus.dsignpoint.com\/producto\/encens-en-cone-astral-7-pouvoirs\/"},"modified":"2025-05-10T12:20:55","modified_gmt":"2025-05-10T10:20:55","slug":"encens-en-cone-astral-7-pouvoirs","status":"publish","type":"product","link":"https:\/\/mystikus.dsignpoint.com\/fr\/producto\/encens-en-cone-astral-7-pouvoirs\/","title":{"rendered":"Encens en c\u00f4ne Astral 7 Pouvoirs"},"content":{"rendered":"<p><strong>Encens en c\u00f4ne Astral 7 Pouvoirs<\/strong><\/p>\n<p>L&rsquo;encens en c\u00f4ne Astral 7 Pouvoirs est un outil spirituel puissant qui combine sept ar\u00f4mes sp\u00e9cialement s\u00e9lectionn\u00e9s pour offrir protection, aide spirituelle et \u00e9quilibre \u00e9nerg\u00e9tique. En br\u00fblant, sa fum\u00e9e parfum\u00e9e purifie l&rsquo;environnement, dissipe les \u00e9nergies n\u00e9gatives et attire les b\u00e9n\u00e9dictions, favorisant la paix, la prosp\u00e9rit\u00e9 et le bien-\u00eatre. Il est id\u00e9al pour les rituels spirituels, les m\u00e9ditations et pour maintenir une atmosph\u00e8re d&rsquo;harmonie dans la maison ou l&rsquo;espace personnel.  <\/p>\n","protected":false},"excerpt":{"rendered":"<p><strong>Encens en c\u00f4ne Astral 7 Pouvoirs<\/strong><\/p>\n<p>L&rsquo;encens en c\u00f4ne Astral 7 Pouvoirs est un outil spirituel puissant qui combine sept ar\u00f4mes sp\u00e9cialement s\u00e9lectionn\u00e9s pour offrir protection, aide spirituelle et \u00e9quilibre \u00e9nerg\u00e9tique. En br\u00fblant, sa fum\u00e9e parfum\u00e9e purifie l&rsquo;environnement, dissipe les \u00e9nergies n\u00e9gatives et attire les b\u00e9n\u00e9dictions, favorisant la paix, la prosp\u00e9rit\u00e9 et le bien-\u00eatre. Il est id\u00e9al pour les rituels spirituels, les m\u00e9ditations et pour maintenir une atmosph\u00e8re d&rsquo;harmonie dans la maison ou l&rsquo;espace personnel.  <\/p>\n","protected":false},"featured_media":553,"comment_status":"closed","ping_status":"closed","template":"","meta":[],"product_brand":[],"product_cat":[207,197,118,145],"product_tag":[],"class_list":{"0":"post-24977","1":"product","2":"type-product","3":"status-publish","4":"has-post-thumbnail","6":"product_cat-encens-de-but","7":"product_cat-encens-de-intention","8":"product_cat-encens-et-aromes","9":"product_cat-mystikus-collection","11":"first","12":"instock","13":"shipping-taxable","14":"purchasable","15":"product-type-simple"},"_links":{"self":[{"href":"https:\/\/mystikus.dsignpoint.com\/fr\/wp-json\/wp\/v2\/product\/24977","targetHints":{"allow":["GET"]}}],"collection":[{"href":"https:\/\/mystikus.dsignpoint.com\/fr\/wp-json\/wp\/v2\/product"}],"about":[{"href":"https:\/\/mystikus.dsignpoint.com\/fr\/wp-json\/wp\/v2\/types\/product"}],"replies":[{"embeddable":true,"href":"https:\/\/mystikus.dsignpoint.com\/fr\/wp-json\/wp\/v2\/comments?post=24977"}],"wp:featuredmedia":[{"embeddable":true,"href":"https:\/\/mystikus.dsignpoint.com\/fr\/wp-json\/wp\/v2\/media\/553"}],"wp:attachment":[{"href":"https:\/\/mystikus.dsignpoint.com\/fr\/wp-json\/wp\/v2\/media?parent=24977"}],"wp:term":[{"taxonomy":"product_brand","embeddable":true,"href":"https:\/\/mystikus.dsignpoint.com\/fr\/wp-json\/wp\/v2\/product_brand?post=24977"},{"taxonomy":"product_cat","embeddable":true,"href":"https:\/\/mystikus.dsignpoint.com\/fr\/wp-json\/wp\/v2\/product_cat?post=24977"},{"taxonomy":"product_tag","embeddable":true,"href":"https:\/\/mystikus.dsignpoint.com\/fr\/wp-json\/wp\/v2\/product_tag?post=24977"}],"curies":[{"name":"wp","href":"https:\/\/api.w.org\/{rel}","templated":true}]}}