{"id":24980,"date":"2025-05-13T17:27:06","date_gmt":"2025-05-13T15:27:06","guid":{"rendered":"https:\/\/mystikus.dsignpoint.com\/producto\/tarot-do-oculto\/"},"modified":"2025-05-13T17:27:06","modified_gmt":"2025-05-13T15:27:06","slug":"tarot-do-oculto","status":"publish","type":"product","link":"https:\/\/mystikus.dsignpoint.com\/fr\/producto\/tarot-do-oculto\/","title":{"rendered":"Tarot do Oculto"},"content":{"rendered":"<p data-start=\"185\" data-end=\"402\"><strong data-start=\"185\" data-end=\"235\">Low Scar\u00e9 Tarot \u2013 L&rsquo;art occulte dans chaque carte<\/strong><br data-start=\"235\" data-end=\"238\">Le <em data-start=\"241\" data-end=\"258\">Low Scar\u00e9 Tarot<\/em> se pr\u00e9sente comme une \u0153uvre unique qui fusionne le symbolisme classique du tarot avec une esth\u00e9tique sombre, introspective et profond\u00e9ment expressive.<\/p>\n<p data-start=\"404\" data-end=\"555\">Chaque carte est une \u0153uvre d&rsquo;art qui r\u00e9v\u00e8le des aspects cach\u00e9s de l&rsquo;inconscient, invitant le lecteur \u00e0 explorer ses ombres, ses d\u00e9sirs et ses v\u00e9rit\u00e9s int\u00e9rieures.<\/p>\n<p data-start=\"557\" data-end=\"738\">Id\u00e9al pour ceux qui recherchent un outil de connaissance de soi intense et visuellement saisissant, ce tarot sert non seulement \u00e0 la divination, mais aussi de miroir de l&rsquo;\u00e2me.<\/p>\n<p data-start=\"740\" data-end=\"871\">Une exp\u00e9rience mystique pour les lecteurs qui appr\u00e9cient le pouvoir symbolique, la profondeur \u00e9motionnelle et la beaut\u00e9 troublante de l&rsquo;arcane.<\/p>\n","protected":false},"excerpt":{"rendered":"<p>Tarot do Oculto<\/p>\n","protected":false},"featured_media":835,"comment_status":"open","ping_status":"closed","template":"","meta":[],"product_brand":[],"product_cat":[182,210],"product_tag":[],"class_list":{"0":"post-24980","1":"product","2":"type-product","3":"status-publish","4":"has-post-thumbnail","6":"product_cat-divination","7":"product_cat-tarots","9":"first","10":"instock","11":"shipping-taxable","12":"purchasable","13":"product-type-simple"},"_links":{"self":[{"href":"https:\/\/mystikus.dsignpoint.com\/fr\/wp-json\/wp\/v2\/product\/24980","targetHints":{"allow":["GET"]}}],"collection":[{"href":"https:\/\/mystikus.dsignpoint.com\/fr\/wp-json\/wp\/v2\/product"}],"about":[{"href":"https:\/\/mystikus.dsignpoint.com\/fr\/wp-json\/wp\/v2\/types\/product"}],"replies":[{"embeddable":true,"href":"https:\/\/mystikus.dsignpoint.com\/fr\/wp-json\/wp\/v2\/comments?post=24980"}],"wp:featuredmedia":[{"embeddable":true,"href":"https:\/\/mystikus.dsignpoint.com\/fr\/wp-json\/wp\/v2\/media\/835"}],"wp:attachment":[{"href":"https:\/\/mystikus.dsignpoint.com\/fr\/wp-json\/wp\/v2\/media?parent=24980"}],"wp:term":[{"taxonomy":"product_brand","embeddable":true,"href":"https:\/\/mystikus.dsignpoint.com\/fr\/wp-json\/wp\/v2\/product_brand?post=24980"},{"taxonomy":"product_cat","embeddable":true,"href":"https:\/\/mystikus.dsignpoint.com\/fr\/wp-json\/wp\/v2\/product_cat?post=24980"},{"taxonomy":"product_tag","embeddable":true,"href":"https:\/\/mystikus.dsignpoint.com\/fr\/wp-json\/wp\/v2\/product_tag?post=24980"}],"curies":[{"name":"wp","href":"https:\/\/api.w.org\/{rel}","templated":true}]}}