{"id":24983,"date":"2025-05-13T16:51:08","date_gmt":"2025-05-13T14:51:08","guid":{"rendered":"https:\/\/mystikus.dsignpoint.com\/producto\/tarot-gitan\/"},"modified":"2025-05-13T16:51:08","modified_gmt":"2025-05-13T14:51:08","slug":"tarot-gitan","status":"publish","type":"product","link":"https:\/\/mystikus.dsignpoint.com\/fr\/producto\/tarot-gitan\/","title":{"rendered":"Tarot Gitan"},"content":{"rendered":"<p><strong>Tarot Gitan<\/strong><\/p>\n<p data-start=\"133\" data-end=\"539\"><strong data-start=\"133\" data-end=\"187\">Tarot Gitan \u2013 La sagesse d\u2019un peuple ancestral<\/strong><br data-start=\"187\" data-end=\"190\">Le Tarot Gitan, \u00e9galement connu sous le nom de Jeu de Cartes Gitan ou Lenormand, est l\u2019un des oracles les plus \u00e9nigmatiques et puissants au monde. Cette version offre une interpr\u00e9tation renouvel\u00e9e et profonde, r\u00e9v\u00e9lant un jeu rempli de symbolisme magique et de messages transformateurs, qui a guid\u00e9 des centaines de personnes gr\u00e2ce \u00e0 ses lectures pr\u00e9cises. <\/p>\n<p data-start=\"541\" data-end=\"749\">Plus qu\u2019un outil de divination, ces cartes agissent comme des cl\u00e9s qui ouvrent les portes du plan spirituel et du subconscient, facilitant l\u2019acc\u00e8s \u00e0 la clart\u00e9, \u00e0 l\u2019introspection et \u00e0 la connaissance de soi.<\/p>\n<p data-start=\"751\" data-end=\"941\">Explore ton pass\u00e9, comprends ton pr\u00e9sent et entrevois ton avenir avec des r\u00e9ponses claires sur l\u2019amour, l\u2019argent, le travail et la famille, guid\u00e9 par la force intuitive de la tradition gitane.<\/p>\n","protected":false},"excerpt":{"rendered":"<p><strong>Tarot Gitan<\/strong><\/p>\n","protected":false},"featured_media":831,"comment_status":"open","ping_status":"closed","template":"","meta":[],"product_brand":[],"product_cat":[182,210],"product_tag":[],"class_list":{"0":"post-24983","1":"product","2":"type-product","3":"status-publish","4":"has-post-thumbnail","6":"product_cat-divination","7":"product_cat-tarots","9":"first","10":"instock","11":"shipping-taxable","12":"purchasable","13":"product-type-simple"},"_links":{"self":[{"href":"https:\/\/mystikus.dsignpoint.com\/fr\/wp-json\/wp\/v2\/product\/24983","targetHints":{"allow":["GET"]}}],"collection":[{"href":"https:\/\/mystikus.dsignpoint.com\/fr\/wp-json\/wp\/v2\/product"}],"about":[{"href":"https:\/\/mystikus.dsignpoint.com\/fr\/wp-json\/wp\/v2\/types\/product"}],"replies":[{"embeddable":true,"href":"https:\/\/mystikus.dsignpoint.com\/fr\/wp-json\/wp\/v2\/comments?post=24983"}],"wp:featuredmedia":[{"embeddable":true,"href":"https:\/\/mystikus.dsignpoint.com\/fr\/wp-json\/wp\/v2\/media\/831"}],"wp:attachment":[{"href":"https:\/\/mystikus.dsignpoint.com\/fr\/wp-json\/wp\/v2\/media?parent=24983"}],"wp:term":[{"taxonomy":"product_brand","embeddable":true,"href":"https:\/\/mystikus.dsignpoint.com\/fr\/wp-json\/wp\/v2\/product_brand?post=24983"},{"taxonomy":"product_cat","embeddable":true,"href":"https:\/\/mystikus.dsignpoint.com\/fr\/wp-json\/wp\/v2\/product_cat?post=24983"},{"taxonomy":"product_tag","embeddable":true,"href":"https:\/\/mystikus.dsignpoint.com\/fr\/wp-json\/wp\/v2\/product_tag?post=24983"}],"curies":[{"name":"wp","href":"https:\/\/api.w.org\/{rel}","templated":true}]}}