{"id":24993,"date":"2025-05-13T17:15:51","date_gmt":"2025-05-13T15:15:51","guid":{"rendered":"https:\/\/mystikus.dsignpoint.com\/producto\/tarot-des-reves\/"},"modified":"2025-05-13T17:15:51","modified_gmt":"2025-05-13T15:15:51","slug":"tarot-des-reves","status":"publish","type":"product","link":"https:\/\/mystikus.dsignpoint.com\/fr\/producto\/tarot-des-reves\/","title":{"rendered":"Tarot des r\u00eaves"},"content":{"rendered":"<p><strong>Tarot des r\u00eaves<\/strong><\/p>\n<p data-start=\"129\" data-end=\"339\">Ce tarot nous illustre \u00e0 travers des images vives et symboliques qui nous guident dans une fascinante travers\u00e9e de d\u00e9couverte de soi.<\/p>\n<p data-start=\"341\" data-end=\"492\">Le <em data-start=\"344\" data-end=\"361\">Tarot des r\u00eaves<\/em> explore le r\u00e9seau complexe d&rsquo;associations \u00e9motionnelles et visuelles qui \u00e9mergent \u00e0 l&rsquo;intersection des r\u00eaves et de la divination.<\/p>\n<p data-start=\"494\" data-end=\"689\">Ce jeu offre aux lecteurs un outil puissant tant pour l&rsquo;introspection que pour la pratique oraculaire, facilitant l&rsquo;acc\u00e8s \u00e0 une compr\u00e9hension plus profonde de l&rsquo;\u00e2me et du destin.<\/p>\n","protected":false},"excerpt":{"rendered":"<p><strong>Tarot des r\u00eaves<\/strong><\/p>\n<p>78 cartes<\/p>\n","protected":false},"featured_media":24994,"comment_status":"open","ping_status":"closed","template":"","meta":[],"product_brand":[],"product_cat":[182,210],"product_tag":[],"class_list":{"0":"post-24993","1":"product","2":"type-product","3":"status-publish","4":"has-post-thumbnail","6":"product_cat-divination","7":"product_cat-tarots","9":"first","10":"outofstock","11":"shipping-taxable","12":"purchasable","13":"product-type-simple"},"_links":{"self":[{"href":"https:\/\/mystikus.dsignpoint.com\/fr\/wp-json\/wp\/v2\/product\/24993","targetHints":{"allow":["GET"]}}],"collection":[{"href":"https:\/\/mystikus.dsignpoint.com\/fr\/wp-json\/wp\/v2\/product"}],"about":[{"href":"https:\/\/mystikus.dsignpoint.com\/fr\/wp-json\/wp\/v2\/types\/product"}],"replies":[{"embeddable":true,"href":"https:\/\/mystikus.dsignpoint.com\/fr\/wp-json\/wp\/v2\/comments?post=24993"}],"wp:featuredmedia":[{"embeddable":true,"href":"https:\/\/mystikus.dsignpoint.com\/fr\/wp-json\/wp\/v2\/media\/24994"}],"wp:attachment":[{"href":"https:\/\/mystikus.dsignpoint.com\/fr\/wp-json\/wp\/v2\/media?parent=24993"}],"wp:term":[{"taxonomy":"product_brand","embeddable":true,"href":"https:\/\/mystikus.dsignpoint.com\/fr\/wp-json\/wp\/v2\/product_brand?post=24993"},{"taxonomy":"product_cat","embeddable":true,"href":"https:\/\/mystikus.dsignpoint.com\/fr\/wp-json\/wp\/v2\/product_cat?post=24993"},{"taxonomy":"product_tag","embeddable":true,"href":"https:\/\/mystikus.dsignpoint.com\/fr\/wp-json\/wp\/v2\/product_tag?post=24993"}],"curies":[{"name":"wp","href":"https:\/\/api.w.org\/{rel}","templated":true}]}}