{"id":24995,"date":"2025-05-13T16:42:01","date_gmt":"2025-05-13T14:42:01","guid":{"rendered":"https:\/\/mystikus.dsignpoint.com\/producto\/tarot-cosmique\/"},"modified":"2025-05-13T16:42:01","modified_gmt":"2025-05-13T14:42:01","slug":"tarot-cosmique","status":"publish","type":"product","link":"https:\/\/mystikus.dsignpoint.com\/fr\/producto\/tarot-cosmique\/","title":{"rendered":"Tarot Cosmique"},"content":{"rendered":"<p><strong>Tarot Cosmique<\/strong><\/p>\n<p data-start=\"145\" data-end=\"463\"><strong data-start=\"145\" data-end=\"181\">TAROT COSMIC (INCLUANT 78 CARTES)<\/strong><br data-start=\"181\" data-end=\"184\">Parmi les tarots contemporains, le Tarot Cosmic se distingue comme l&rsquo;un des plus reconnus et appr\u00e9ci\u00e9s. Ce jeu int\u00e8gre des enseignements \u00e9sot\u00e9riques traditionnels \u2014 tels que l&rsquo;astrologie, la num\u00e9rologie cabalistique et l&rsquo;Arbre de Vie \u2014 sans n\u00e9cessiter de connaissances avanc\u00e9es pour son utilisation. <\/p>\n<p data-start=\"465\" data-end=\"730\">Gr\u00e2ce \u00e0 la force expressive de ses illustrations, il transmet de mani\u00e8re claire et imm\u00e9diate les principes de la sagesse ancestrale, ce qui en fait une option id\u00e9ale tant pour les d\u00e9butants que pour ceux qui ne sont pas familiaris\u00e9s avec les sciences occultes.<\/p>\n<p data-start=\"732\" data-end=\"949\">Chaque carte du Tarot Cosmic est facilement compr\u00e9hensible. Ses images, pleines de vie et de symbolisme, permettent de saisir le sens de mani\u00e8re intuitive, gr\u00e2ce aux sc\u00e8nes repr\u00e9sent\u00e9es et \u00e0 l&rsquo;utilisation harmonieuse de la couleur. <\/p>\n<p data-start=\"951\" data-end=\"1167\">Le cr\u00e9ateur du Tarot Cosmic, <strong data-start=\"980\" data-end=\"998\">Norbert L\u00f6sche<\/strong>, est historien de l&rsquo;art, peintre et sp\u00e9cialiste du tarot et de l&rsquo;\u00e9sot\u00e9risme. Ses \u0153uvres ont suscit\u00e9 l&rsquo;int\u00e9r\u00eat des amateurs d&rsquo;art et de symbolisme \u00e9sot\u00e9rique dans le monde entier. <\/p>\n","protected":false},"excerpt":{"rendered":"<p><strong data-start=\"145\" data-end=\"181\">TAROT COSMIC <\/strong><\/p>\n<p><strong data-start=\"145\" data-end=\"181\">(INCLUANT 78 CARTES)<\/strong><\/p>\n","protected":false},"featured_media":829,"comment_status":"open","ping_status":"closed","template":"","meta":[],"product_brand":[],"product_cat":[182,210],"product_tag":[],"class_list":{"0":"post-24995","1":"product","2":"type-product","3":"status-publish","4":"has-post-thumbnail","6":"product_cat-divination","7":"product_cat-tarots","9":"first","10":"outofstock","11":"shipping-taxable","12":"purchasable","13":"product-type-simple"},"_links":{"self":[{"href":"https:\/\/mystikus.dsignpoint.com\/fr\/wp-json\/wp\/v2\/product\/24995","targetHints":{"allow":["GET"]}}],"collection":[{"href":"https:\/\/mystikus.dsignpoint.com\/fr\/wp-json\/wp\/v2\/product"}],"about":[{"href":"https:\/\/mystikus.dsignpoint.com\/fr\/wp-json\/wp\/v2\/types\/product"}],"replies":[{"embeddable":true,"href":"https:\/\/mystikus.dsignpoint.com\/fr\/wp-json\/wp\/v2\/comments?post=24995"}],"wp:featuredmedia":[{"embeddable":true,"href":"https:\/\/mystikus.dsignpoint.com\/fr\/wp-json\/wp\/v2\/media\/829"}],"wp:attachment":[{"href":"https:\/\/mystikus.dsignpoint.com\/fr\/wp-json\/wp\/v2\/media?parent=24995"}],"wp:term":[{"taxonomy":"product_brand","embeddable":true,"href":"https:\/\/mystikus.dsignpoint.com\/fr\/wp-json\/wp\/v2\/product_brand?post=24995"},{"taxonomy":"product_cat","embeddable":true,"href":"https:\/\/mystikus.dsignpoint.com\/fr\/wp-json\/wp\/v2\/product_cat?post=24995"},{"taxonomy":"product_tag","embeddable":true,"href":"https:\/\/mystikus.dsignpoint.com\/fr\/wp-json\/wp\/v2\/product_tag?post=24995"}],"curies":[{"name":"wp","href":"https:\/\/api.w.org\/{rel}","templated":true}]}}