{"id":25000,"date":"2025-05-13T16:04:51","date_gmt":"2025-05-13T14:04:51","guid":{"rendered":"https:\/\/mystikus.dsignpoint.com\/producto\/tarot-egyptien\/"},"modified":"2025-05-13T16:04:51","modified_gmt":"2025-05-13T14:04:51","slug":"tarot-egyptien","status":"publish","type":"product","link":"https:\/\/mystikus.dsignpoint.com\/fr\/producto\/tarot-egyptien\/","title":{"rendered":"Tarot \u00c9gyptien"},"content":{"rendered":"<p><strong>Tarot \u00c9gyptien<\/strong><\/p>\n<p>22 Grandes Cartes<\/p>\n<p>Le Tarot \u00c9gyptien, comme tout autre jeu de tarot, comprend 22 arcanes majeurs. Ces 22 arcanes repr\u00e9sentent les arch\u00e9types fondamentaux de la vie, offrant une vision profonde et symbolique de diff\u00e9rents aspects de l&rsquo;existence. <\/p>\n","protected":false},"excerpt":{"rendered":"<p><strong>Tarot \u00c9gyptien<\/strong><\/p>\n<p>22 Grandes Cartes<\/p>\n","protected":false},"featured_media":25002,"comment_status":"open","ping_status":"closed","template":"","meta":[],"product_brand":[],"product_cat":[182,210],"product_tag":[],"class_list":{"0":"post-25000","1":"product","2":"type-product","3":"status-publish","4":"has-post-thumbnail","6":"product_cat-divination","7":"product_cat-tarots","9":"first","10":"outofstock","11":"shipping-taxable","12":"purchasable","13":"product-type-simple"},"_links":{"self":[{"href":"https:\/\/mystikus.dsignpoint.com\/fr\/wp-json\/wp\/v2\/product\/25000","targetHints":{"allow":["GET"]}}],"collection":[{"href":"https:\/\/mystikus.dsignpoint.com\/fr\/wp-json\/wp\/v2\/product"}],"about":[{"href":"https:\/\/mystikus.dsignpoint.com\/fr\/wp-json\/wp\/v2\/types\/product"}],"replies":[{"embeddable":true,"href":"https:\/\/mystikus.dsignpoint.com\/fr\/wp-json\/wp\/v2\/comments?post=25000"}],"wp:featuredmedia":[{"embeddable":true,"href":"https:\/\/mystikus.dsignpoint.com\/fr\/wp-json\/wp\/v2\/media\/25002"}],"wp:attachment":[{"href":"https:\/\/mystikus.dsignpoint.com\/fr\/wp-json\/wp\/v2\/media?parent=25000"}],"wp:term":[{"taxonomy":"product_brand","embeddable":true,"href":"https:\/\/mystikus.dsignpoint.com\/fr\/wp-json\/wp\/v2\/product_brand?post=25000"},{"taxonomy":"product_cat","embeddable":true,"href":"https:\/\/mystikus.dsignpoint.com\/fr\/wp-json\/wp\/v2\/product_cat?post=25000"},{"taxonomy":"product_tag","embeddable":true,"href":"https:\/\/mystikus.dsignpoint.com\/fr\/wp-json\/wp\/v2\/product_tag?post=25000"}],"curies":[{"name":"wp","href":"https:\/\/api.w.org\/{rel}","templated":true}]}}