{"id":25011,"date":"2025-05-12T18:55:27","date_gmt":"2025-05-12T16:55:27","guid":{"rendered":"https:\/\/mystikus.dsignpoint.com\/producto\/tarot-messages-magiques-des-fees\/"},"modified":"2025-05-12T18:55:27","modified_gmt":"2025-05-12T16:55:27","slug":"tarot-messages-magiques-des-fees","status":"publish","type":"product","link":"https:\/\/mystikus.dsignpoint.com\/fr\/producto\/tarot-messages-magiques-des-fees\/","title":{"rendered":"Tarot Messages Magiques des F\u00e9es"},"content":{"rendered":"<p><strong>Tarot Messages Magiques des F\u00e9es<\/strong><\/p>\n<p>Rendez votre vie magique avec les messages des f\u00e9es&nbsp;! Contient 44 cartes oracle. Ce jeu de cartes oracle, gr\u00e2ce \u00e0 sa facilit\u00e9 d\u2019utilisation, convient aussi bien aux d\u00e9butants qu\u2019aux experts en mati\u00e8re de cartes de divination. Les f\u00e9es sont des \u00ab&nbsp;anges de la nature&nbsp;\u00bb aim\u00e9s qui, \u00e9tant tr\u00e8s proches de la terre, poss\u00e8dent une grande capacit\u00e9 \u00e0 gu\u00e9rir et \u00e0 aider dans les affaires quotidiennes telles que les relations, les probl\u00e8mes de sant\u00e9 et l\u2019\u00e9conomie. Chaque carte contient un dessin de f\u00e9e soign\u00e9 et un message ou une r\u00e9ponse. Toutes les illustrations et tous les messages conviennent aussi bien aux enfants qu\u2019aux adultes.     <\/p>\n","protected":false},"excerpt":{"rendered":"<p><strong>Tarot Messages Magiques des F\u00e9es<\/strong><\/p>\n<p>Rendez votre vie magique avec les messages des f\u00e9es&nbsp;! Contient 44 cartes oracle. Ce jeu de cartes oracle, gr\u00e2ce \u00e0 sa facilit\u00e9 d\u2019utilisation, convient aussi bien aux d\u00e9butants qu\u2019aux experts en mati\u00e8re de cartes de divination. Les f\u00e9es sont des \u00ab&nbsp;anges de la nature&nbsp;\u00bb aim\u00e9s qui, \u00e9tant tr\u00e8s proches de la terre, poss\u00e8dent une grande capacit\u00e9 \u00e0 gu\u00e9rir et \u00e0 aider dans les affaires quotidiennes telles que les relations, les probl\u00e8mes de sant\u00e9 et l\u2019\u00e9conomie. Chaque carte contient un dessin de f\u00e9e soign\u00e9 et un message ou une r\u00e9ponse. Toutes les illustrations et tous les messages conviennent aussi bien aux enfants qu\u2019aux adultes.     <\/p>\n","protected":false},"featured_media":812,"comment_status":"open","ping_status":"closed","template":"","meta":[],"product_brand":[],"product_cat":[182,210],"product_tag":[],"class_list":{"0":"post-25011","1":"product","2":"type-product","3":"status-publish","4":"has-post-thumbnail","6":"product_cat-divination","7":"product_cat-tarots","9":"first","10":"instock","11":"shipping-taxable","12":"purchasable","13":"product-type-simple"},"_links":{"self":[{"href":"https:\/\/mystikus.dsignpoint.com\/fr\/wp-json\/wp\/v2\/product\/25011","targetHints":{"allow":["GET"]}}],"collection":[{"href":"https:\/\/mystikus.dsignpoint.com\/fr\/wp-json\/wp\/v2\/product"}],"about":[{"href":"https:\/\/mystikus.dsignpoint.com\/fr\/wp-json\/wp\/v2\/types\/product"}],"replies":[{"embeddable":true,"href":"https:\/\/mystikus.dsignpoint.com\/fr\/wp-json\/wp\/v2\/comments?post=25011"}],"wp:featuredmedia":[{"embeddable":true,"href":"https:\/\/mystikus.dsignpoint.com\/fr\/wp-json\/wp\/v2\/media\/812"}],"wp:attachment":[{"href":"https:\/\/mystikus.dsignpoint.com\/fr\/wp-json\/wp\/v2\/media?parent=25011"}],"wp:term":[{"taxonomy":"product_brand","embeddable":true,"href":"https:\/\/mystikus.dsignpoint.com\/fr\/wp-json\/wp\/v2\/product_brand?post=25011"},{"taxonomy":"product_cat","embeddable":true,"href":"https:\/\/mystikus.dsignpoint.com\/fr\/wp-json\/wp\/v2\/product_cat?post=25011"},{"taxonomy":"product_tag","embeddable":true,"href":"https:\/\/mystikus.dsignpoint.com\/fr\/wp-json\/wp\/v2\/product_tag?post=25011"}],"curies":[{"name":"wp","href":"https:\/\/api.w.org\/{rel}","templated":true}]}}