{"id":25023,"date":"2025-05-12T18:37:14","date_gmt":"2025-05-12T16:37:14","guid":{"rendered":"https:\/\/mystikus.dsignpoint.com\/producto\/tarot-aide-quotidienne-des-anges\/"},"modified":"2025-05-12T18:37:14","modified_gmt":"2025-05-12T16:37:14","slug":"tarot-aide-quotidienne-des-anges","status":"publish","type":"product","link":"https:\/\/mystikus.dsignpoint.com\/fr\/producto\/tarot-aide-quotidienne-des-anges\/","title":{"rendered":"Tarot Aide Quotidienne des Anges"},"content":{"rendered":"<p><strong>Tarot Aide Quotidienne des Anges<\/strong><\/p>\n<p>Cet oracle des anges est un merveilleux guide spirituel qui pourra \u00eatre avec toi tous les jours. Tu as un doute ? Tu ne sais pas \u00e0 qui demander de l&rsquo;aide ? Parle avec ton ange, pose-lui ta question. Il te r\u00e9pondra avec amour et sagesse. Ensuite, ce sera \u00e0 toi de m\u00e9diter sur ses conseils pour prendre le chemin appropri\u00e9. Doreen Virtue, docteure en psychologie et clairvoyante, a cr\u00e9\u00e9 cette petite bo\u00eete : elle se compose d&rsquo;un livre et de 44 cartes qui te conseilleront, et auxquelles tu pourras poser des questions chaque jour en suivant des r\u00e8gles pr\u00e9cises. Tu ne seras plus jamais seul, un ange te prot\u00e9gera toujours&nbsp;!<\/p>\n","protected":false},"excerpt":{"rendered":"<p><strong>Tarot Aide Quotidienne des Anges<\/strong><\/p>\n<p>Contient un jeu de 44 cartes<\/p>\n","protected":false},"featured_media":808,"comment_status":"open","ping_status":"closed","template":"","meta":[],"product_brand":[],"product_cat":[182,210],"product_tag":[],"class_list":{"0":"post-25023","1":"product","2":"type-product","3":"status-publish","4":"has-post-thumbnail","6":"product_cat-divination","7":"product_cat-tarots","9":"first","10":"instock","11":"shipping-taxable","12":"purchasable","13":"product-type-simple"},"_links":{"self":[{"href":"https:\/\/mystikus.dsignpoint.com\/fr\/wp-json\/wp\/v2\/product\/25023","targetHints":{"allow":["GET"]}}],"collection":[{"href":"https:\/\/mystikus.dsignpoint.com\/fr\/wp-json\/wp\/v2\/product"}],"about":[{"href":"https:\/\/mystikus.dsignpoint.com\/fr\/wp-json\/wp\/v2\/types\/product"}],"replies":[{"embeddable":true,"href":"https:\/\/mystikus.dsignpoint.com\/fr\/wp-json\/wp\/v2\/comments?post=25023"}],"wp:featuredmedia":[{"embeddable":true,"href":"https:\/\/mystikus.dsignpoint.com\/fr\/wp-json\/wp\/v2\/media\/808"}],"wp:attachment":[{"href":"https:\/\/mystikus.dsignpoint.com\/fr\/wp-json\/wp\/v2\/media?parent=25023"}],"wp:term":[{"taxonomy":"product_brand","embeddable":true,"href":"https:\/\/mystikus.dsignpoint.com\/fr\/wp-json\/wp\/v2\/product_brand?post=25023"},{"taxonomy":"product_cat","embeddable":true,"href":"https:\/\/mystikus.dsignpoint.com\/fr\/wp-json\/wp\/v2\/product_cat?post=25023"},{"taxonomy":"product_tag","embeddable":true,"href":"https:\/\/mystikus.dsignpoint.com\/fr\/wp-json\/wp\/v2\/product_tag?post=25023"}],"curies":[{"name":"wp","href":"https:\/\/api.w.org\/{rel}","templated":true}]}}