{"id":25034,"date":"2025-05-12T18:30:57","date_gmt":"2025-05-12T16:30:57","guid":{"rendered":"https:\/\/mystikus.dsignpoint.com\/producto\/tarot-le-pouvoir-des-archanges\/"},"modified":"2025-05-12T18:30:57","modified_gmt":"2025-05-12T16:30:57","slug":"tarot-le-pouvoir-des-archanges","status":"publish","type":"product","link":"https:\/\/mystikus.dsignpoint.com\/fr\/producto\/tarot-le-pouvoir-des-archanges\/","title":{"rendered":"Tarot le Pouvoir des Archanges"},"content":{"rendered":"<p><strong>Tarot Archangel Power<\/strong><\/p>\n<h2 class=\"f-w-6 s-7-text balance-title resumen mt-2 svelte-jdwnnr\">LE POUVOIR DES ARCHANGES<\/h2>\n<div class=\"resumen svelte-dj0kyf\">\n<div class=\"resumen-content svelte-dj0kyf\">Recevez la sagesse et la force de \u2013 LE POUVOIR DES ARCHANGES \u2013 Il est important de recevoir une r\u00e9ponse \u00e0 nos questions, mais il est tout aussi important d&rsquo;obtenir le courage, la motivation et la force n\u00e9cessaires pour prendre les mesures d\u00e9cisives que ces r\u00e9ponses nous indiquent. Vous pouvez d\u00e9sormais recevoir des messages pr\u00e9cis et gagner en courage et en confiance pour agir en cons\u00e9quence. Avec l&rsquo;aide des cartes du Pouvoir des Archanges, vous recevrez les conseils des archanges et obtiendrez la force et l&rsquo;\u00e9lan qui vous permettront d&rsquo;op\u00e9rer des changements positifs et de progresser dans votre vie. DOREEN VIRTUE et RADLEIGH VALENTINE ont cr\u00e9\u00e9 les 78 cartes de ce tarot pour aider les personnes tr\u00e8s sensibles \u00e0 r\u00e9aliser les messages Divins. Ses belles images et ses textes inspirants r\u00e9v\u00e8lent la magie du tarot traditionnel et transmettent \u00e9galement la force et la sagesse du Pouvoir des Archanges.    <\/div>\n<\/div>\n","protected":false},"excerpt":{"rendered":"<p><strong>Tarot Archangel Power<\/strong><\/p>\n<p>Contient un jeu de 78 cartes<\/p>\n","protected":false},"featured_media":806,"comment_status":"open","ping_status":"closed","template":"","meta":[],"product_brand":[],"product_cat":[182,210],"product_tag":[],"class_list":{"0":"post-25034","1":"product","2":"type-product","3":"status-publish","4":"has-post-thumbnail","6":"product_cat-divination","7":"product_cat-tarots","9":"first","10":"outofstock","11":"shipping-taxable","12":"purchasable","13":"product-type-simple"},"_links":{"self":[{"href":"https:\/\/mystikus.dsignpoint.com\/fr\/wp-json\/wp\/v2\/product\/25034","targetHints":{"allow":["GET"]}}],"collection":[{"href":"https:\/\/mystikus.dsignpoint.com\/fr\/wp-json\/wp\/v2\/product"}],"about":[{"href":"https:\/\/mystikus.dsignpoint.com\/fr\/wp-json\/wp\/v2\/types\/product"}],"replies":[{"embeddable":true,"href":"https:\/\/mystikus.dsignpoint.com\/fr\/wp-json\/wp\/v2\/comments?post=25034"}],"wp:featuredmedia":[{"embeddable":true,"href":"https:\/\/mystikus.dsignpoint.com\/fr\/wp-json\/wp\/v2\/media\/806"}],"wp:attachment":[{"href":"https:\/\/mystikus.dsignpoint.com\/fr\/wp-json\/wp\/v2\/media?parent=25034"}],"wp:term":[{"taxonomy":"product_brand","embeddable":true,"href":"https:\/\/mystikus.dsignpoint.com\/fr\/wp-json\/wp\/v2\/product_brand?post=25034"},{"taxonomy":"product_cat","embeddable":true,"href":"https:\/\/mystikus.dsignpoint.com\/fr\/wp-json\/wp\/v2\/product_cat?post=25034"},{"taxonomy":"product_tag","embeddable":true,"href":"https:\/\/mystikus.dsignpoint.com\/fr\/wp-json\/wp\/v2\/product_tag?post=25034"}],"curies":[{"name":"wp","href":"https:\/\/api.w.org\/{rel}","templated":true}]}}