{"id":25059,"date":"2025-06-25T14:54:57","date_gmt":"2025-06-25T12:54:57","guid":{"rendered":"https:\/\/mystikus.dsignpoint.com\/producto\/magie-du-mage-nettoyage-fort-rue-et-sel\/"},"modified":"2025-06-25T14:54:57","modified_gmt":"2025-06-25T12:54:57","slug":"magie-du-mage-nettoyage-fort-rue-et-sel","status":"publish","type":"product","link":"https:\/\/mystikus.dsignpoint.com\/fr\/producto\/magie-du-mage-nettoyage-fort-rue-et-sel\/","title":{"rendered":"Magie du Mage Nettoyage Fort Rue et Sel"},"content":{"rendered":"<p><strong>Contre l&rsquo;envie et le mauvais \u0153il<\/strong><br \/>\n<strong>Coupe les maux<\/strong><\/p>\n<p>Contient une explication d\u00e9taill\u00e9e \u2013 Ingr\u00e9dients in\u00e9dits, selon les formules des grands mages.<\/p>\n<p>Avec le pouvoir des forces occultes et de la lumi\u00e8re ancestrale, coupe l&rsquo;envie, brise le mauvais \u0153il et nettoie ton \u00e9nergie. Un rituel sacr\u00e9 pour arracher les maux \u00e0 la racine et prot\u00e9ger ton esprit <\/p>\n<p>Les explications peuvent \u00eatre demand\u00e9es dans n&rsquo;importe quelle langue.<\/p>\n","protected":false},"excerpt":{"rendered":"<p><strong>Contre l&rsquo;envie et le mauvais \u0153il<\/strong><br \/>\n<strong>Coupe les maux<\/strong><\/p>\n<p>Contient une explication d\u00e9taill\u00e9e \u2013 Ingr\u00e9dients in\u00e9dits, selon les formules des grands mages.<\/p>\n<p>Avec le pouvoir des forces occultes et de la lumi\u00e8re ancestrale, coupe l&rsquo;envie, brise le mauvais \u0153il et nettoie ton \u00e9nergie. Un rituel sacr\u00e9 pour arracher les maux \u00e0 la racine et prot\u00e9ger ton esprit <\/p>\n<p>Les explications peuvent \u00eatre demand\u00e9es dans n&rsquo;importe quelle langue.<\/p>\n","protected":false},"featured_media":23655,"comment_status":"closed","ping_status":"closed","template":"","meta":[],"product_brand":[],"product_cat":[139,185,193,145],"product_tag":[],"class_list":{"0":"post-25059","1":"product","2":"type-product","3":"status-publish","4":"has-post-thumbnail","6":"product_cat-esoteriques","7":"product_cat-magie-du-magicien","9":"product_cat-mystikus-collection","11":"first","12":"instock","13":"shipping-taxable","14":"purchasable","15":"product-type-simple"},"_links":{"self":[{"href":"https:\/\/mystikus.dsignpoint.com\/fr\/wp-json\/wp\/v2\/product\/25059","targetHints":{"allow":["GET"]}}],"collection":[{"href":"https:\/\/mystikus.dsignpoint.com\/fr\/wp-json\/wp\/v2\/product"}],"about":[{"href":"https:\/\/mystikus.dsignpoint.com\/fr\/wp-json\/wp\/v2\/types\/product"}],"replies":[{"embeddable":true,"href":"https:\/\/mystikus.dsignpoint.com\/fr\/wp-json\/wp\/v2\/comments?post=25059"}],"wp:featuredmedia":[{"embeddable":true,"href":"https:\/\/mystikus.dsignpoint.com\/fr\/wp-json\/wp\/v2\/media\/23655"}],"wp:attachment":[{"href":"https:\/\/mystikus.dsignpoint.com\/fr\/wp-json\/wp\/v2\/media?parent=25059"}],"wp:term":[{"taxonomy":"product_brand","embeddable":true,"href":"https:\/\/mystikus.dsignpoint.com\/fr\/wp-json\/wp\/v2\/product_brand?post=25059"},{"taxonomy":"product_cat","embeddable":true,"href":"https:\/\/mystikus.dsignpoint.com\/fr\/wp-json\/wp\/v2\/product_cat?post=25059"},{"taxonomy":"product_tag","embeddable":true,"href":"https:\/\/mystikus.dsignpoint.com\/fr\/wp-json\/wp\/v2\/product_tag?post=25059"}],"curies":[{"name":"wp","href":"https:\/\/api.w.org\/{rel}","templated":true}]}}