{"id":25111,"date":"2025-06-19T17:31:23","date_gmt":"2025-06-19T15:31:23","guid":{"rendered":"https:\/\/mystikus.dsignpoint.com\/producto\/bague-noeud-de-sorciere-double-epaisseur\/"},"modified":"2025-06-19T17:31:23","modified_gmt":"2025-06-19T15:31:23","slug":"bague-noeud-de-sorciere-double-epaisseur","status":"publish","type":"product","link":"https:\/\/mystikus.dsignpoint.com\/fr\/producto\/bague-noeud-de-sorciere-double-epaisseur\/","title":{"rendered":"Bague N\u0153ud de Sorci\u00e8re Double \u00c9paisseur"},"content":{"rendered":"<p>Taille ajustable.<\/p>\n<p>Mat\u00e9riau : Acier<\/p>\n","protected":false},"excerpt":{"rendered":"<p>Taille ajustable.<\/p>\n<div class=\"spec-desc\">Mat\u00e9riau : Acier<\/div>\n","protected":false},"featured_media":23628,"comment_status":"open","ping_status":"closed","template":"","meta":[],"product_brand":[],"product_cat":[212,106],"product_tag":[],"class_list":{"0":"post-25111","1":"product","2":"type-product","3":"status-publish","4":"has-post-thumbnail","6":"product_cat-bagues","7":"product_cat-mineraux-et-bijoux","9":"first","10":"instock","11":"shipping-taxable","12":"purchasable","13":"product-type-simple"},"_links":{"self":[{"href":"https:\/\/mystikus.dsignpoint.com\/fr\/wp-json\/wp\/v2\/product\/25111","targetHints":{"allow":["GET"]}}],"collection":[{"href":"https:\/\/mystikus.dsignpoint.com\/fr\/wp-json\/wp\/v2\/product"}],"about":[{"href":"https:\/\/mystikus.dsignpoint.com\/fr\/wp-json\/wp\/v2\/types\/product"}],"replies":[{"embeddable":true,"href":"https:\/\/mystikus.dsignpoint.com\/fr\/wp-json\/wp\/v2\/comments?post=25111"}],"wp:featuredmedia":[{"embeddable":true,"href":"https:\/\/mystikus.dsignpoint.com\/fr\/wp-json\/wp\/v2\/media\/23628"}],"wp:attachment":[{"href":"https:\/\/mystikus.dsignpoint.com\/fr\/wp-json\/wp\/v2\/media?parent=25111"}],"wp:term":[{"taxonomy":"product_brand","embeddable":true,"href":"https:\/\/mystikus.dsignpoint.com\/fr\/wp-json\/wp\/v2\/product_brand?post=25111"},{"taxonomy":"product_cat","embeddable":true,"href":"https:\/\/mystikus.dsignpoint.com\/fr\/wp-json\/wp\/v2\/product_cat?post=25111"},{"taxonomy":"product_tag","embeddable":true,"href":"https:\/\/mystikus.dsignpoint.com\/fr\/wp-json\/wp\/v2\/product_tag?post=25111"}],"curies":[{"name":"wp","href":"https:\/\/api.w.org\/{rel}","templated":true}]}}