{"id":25131,"date":"2025-05-14T16:41:23","date_gmt":"2025-05-14T14:41:23","guid":{"rendered":"https:\/\/mystikus.dsignpoint.com\/producto\/palo-santo\/"},"modified":"2025-05-14T16:41:23","modified_gmt":"2025-05-14T14:41:23","slug":"palo-santo","status":"publish","type":"product","link":"https:\/\/mystikus.dsignpoint.com\/fr\/producto\/palo-santo\/","title":{"rendered":"Palo Santo"},"content":{"rendered":"<p><strong>Qualit\u00e9s du Palo Santo (Bois sacr\u00e9)<\/strong><br \/>\nLes peuples indig\u00e8nes des Andes utilisent depuis des si\u00e8cles le Palo Santo pour se prot\u00e9ger de l&rsquo;\u00e9nergie n\u00e9gative. Lorsque ce bois sacr\u00e9 est br\u00fbl\u00e9, l&rsquo;\u00e9nergie n\u00e9gative est purifi\u00e9e, la paix et l&rsquo;harmonie sont restaur\u00e9es et la connexion avec la terre m\u00e8re est renforc\u00e9e. Selon la tradition, le Palo Santo a un effet naturel de soulagement de la douleur, du stress et de la relaxation. Le Palo Santo a un agr\u00e9able ar\u00f4me rafra\u00eechissant et \u00e9difiant. L&rsquo;ar\u00f4me de Palo Santo peut aider \u00e0 clarifier votre aura et\/ou \u00e0 promouvoir des sentiments positifs et de joie.<br \/>\n<strong>Respectueux de l&rsquo;environnement<\/strong><br \/>\nCe produit est r\u00e9colt\u00e9 \u00e0 100 % de mani\u00e8re durable, sans causer de dommages aux arbres vivants. Nous ne proposons que des produits provenant d&rsquo;arbres tomb\u00e9s naturellement dans les for\u00eats du P\u00e9rou.<br \/>\nCertifi\u00e9 par le Service National des For\u00eats et de la Faune Sauvage du P\u00e9rou (SERFOR).<br \/>\n<strong>Indications :<\/strong> Allumez le b\u00e2ton d&rsquo;encens Palo Santo et laissez-le br\u00fbler pendant quelques secondes avant de souffler sur la flamme. Laissez la combustion se poursuivre sans flamme, puis dirigez la fum\u00e9e vers votre corps ou vers les objets que vous souhaitez purifier, peut-\u00eatre m\u00eame votre chambre, votre maison ou votre voiture. Le Palo Santo d\u00e9gage un ar\u00f4me doux et suave, semblable \u00e0 celui de l&rsquo;oliban (Boswellia carteri) et du n\u00e9roli. Nombreux sont ceux qui peuvent percevoir les bienfaits et les effets de purification pendant longtemps, m\u00eame s&rsquo;ils sont peu perceptifs.   <\/p>\n<p><strong>Attention :<\/strong> Br\u00fblez cet encens loin des enfants et des animaux domestiques et ne laissez jamais le br\u00fbleur sans surveillance.<\/p>\n","protected":false},"excerpt":{"rendered":"<p><strong>Palo Santo<\/strong><\/p>\n<p>Ce paquet de \u00b150 grammes contient \u00b1 6 b\u00e2tonnets.<br \/>\nLongueur par b\u00e2tonnet : \u00b110cm<\/p>\n","protected":false},"featured_media":840,"comment_status":"open","ping_status":"closed","template":"","meta":[],"product_brand":[],"product_cat":[122],"product_tag":[],"class_list":{"0":"post-25131","1":"product","2":"type-product","3":"status-publish","4":"has-post-thumbnail","6":"product_cat-encens","8":"first","9":"instock","10":"shipping-taxable","11":"purchasable","12":"product-type-simple"},"_links":{"self":[{"href":"https:\/\/mystikus.dsignpoint.com\/fr\/wp-json\/wp\/v2\/product\/25131","targetHints":{"allow":["GET"]}}],"collection":[{"href":"https:\/\/mystikus.dsignpoint.com\/fr\/wp-json\/wp\/v2\/product"}],"about":[{"href":"https:\/\/mystikus.dsignpoint.com\/fr\/wp-json\/wp\/v2\/types\/product"}],"replies":[{"embeddable":true,"href":"https:\/\/mystikus.dsignpoint.com\/fr\/wp-json\/wp\/v2\/comments?post=25131"}],"wp:featuredmedia":[{"embeddable":true,"href":"https:\/\/mystikus.dsignpoint.com\/fr\/wp-json\/wp\/v2\/media\/840"}],"wp:attachment":[{"href":"https:\/\/mystikus.dsignpoint.com\/fr\/wp-json\/wp\/v2\/media?parent=25131"}],"wp:term":[{"taxonomy":"product_brand","embeddable":true,"href":"https:\/\/mystikus.dsignpoint.com\/fr\/wp-json\/wp\/v2\/product_brand?post=25131"},{"taxonomy":"product_cat","embeddable":true,"href":"https:\/\/mystikus.dsignpoint.com\/fr\/wp-json\/wp\/v2\/product_cat?post=25131"},{"taxonomy":"product_tag","embeddable":true,"href":"https:\/\/mystikus.dsignpoint.com\/fr\/wp-json\/wp\/v2\/product_tag?post=25131"}],"curies":[{"name":"wp","href":"https:\/\/api.w.org\/{rel}","templated":true}]}}